{"id":15636,"date":"2025-04-03T09:21:48","date_gmt":"2025-04-03T09:21:48","guid":{"rendered":"https:\/\/esquell.eu\/product\/baguette-en-bois-tribulet-2-pieces-f-0026a\/"},"modified":"2026-01-17T04:48:35","modified_gmt":"2026-01-17T04:48:35","slug":"baguette-en-bois-tribulet-2-pieces-f-0026a","status":"publish","type":"product","link":"https:\/\/esquell.eu\/fr\/produit\/baguette-en-bois-tribulet-2-pieces-f-0026a\/","title":{"rendered":"Baguette en bois Tribulet 2 pi\u00e8ces F-0026A"},"content":{"rendered":"<p>Dessinez sur ce b\u00e2tonnet la taille de l&rsquo;anneau souhait\u00e9 et utilisez le b\u00e2tonnet comme base pour la fabrication et le modelage de l&rsquo;anneau. Fixez toujours un morceau de papier sur le b\u00e2tonnet avant de modeler l&rsquo;anneau en argile argent\u00e9e autour de celui-ci, sinon vous ne pourrez plus retirer l&rsquo;anneau une fois qu&rsquo;il aura s\u00e9ch\u00e9. <\/p>\n<p>Comme le b\u00e2ton est en deux parties, la gamme de tailles est tr\u00e8s large.<\/p>\n<p>Vous faites souvent des anneaux tr\u00e8s larges ? Dans ce cas, ce b\u00e2tonnet est le meilleur choix. <\/p>\n","protected":false},"excerpt":{"rendered":"<p>Dessinez sur ce b\u00e2tonnet la taille de l&rsquo;anneau souhait\u00e9 et utilisez le b\u00e2tonnet comme base pour la fabrication et le modelage de l&rsquo;anneau. Fixez toujours un morceau de papier sur le b\u00e2tonnet avant de modeler l&rsquo;anneau en argile argent\u00e9e autour de celui-ci, sinon vous ne pourrez plus retirer l&rsquo;anneau une fois qu&rsquo;il aura s\u00e9ch\u00e9. <\/p>\n<p>&nbsp;<\/p>\n<p>Comme le b\u00e2ton est en deux parties, la gamme de tailles est tr\u00e8s large.<\/p>\n<p>Vous faites souvent des anneaux tr\u00e8s larges ? Dans ce cas, ce b\u00e2tonnet est le meilleur choix. <\/p>\n","protected":false},"featured_media":15637,"comment_status":"closed","ping_status":"closed","template":"","meta":{"_acf_changed":false,"_seopress_robots_primary_cat":"none","_seopress_titles_title":"","_seopress_titles_desc":"","_seopress_robots_index":""},"more":[],"product_brand":[6382],"product_cat":[7504,7412,7396],"product_tag":[9296,6645,6646,6386,6638,7339,6473,6404,6420,7028,6378,6390,6405,6376,11347,6393,6372,6658,6409,6743,6374,6401,7479,11355,9280,6381,6472,6400,6656,11349,6416,6652,6643,11353,9101,6391,11345,7488,11357,11351],"class_list":{"0":"post-15636","1":"product","2":"type-product","3":"status-publish","4":"has-post-thumbnail","6":"product_brand-acs","7":"product_cat-argile","8":"product_cat-outils-de-base","9":"product_cat-outils-pour-anneaux","10":"product_tag-9296","11":"product_tag-a","12":"product_tag-acheter","13":"product_tag-aida","14":"product_tag-anneaux","15":"product_tag-argent-malleable","16":"product_tag-argile-2","17":"product_tag-argile-argentee","18":"product_tag-argile-bronze","19":"product_tag-argile-cuivreuse","20":"product_tag-argile-metallique","21":"product_tag-argile-metallique-2","22":"product_tag-artclay","23":"product_tag-artclaysilver","24":"product_tag-baguette","25":"product_tag-belgique","26":"product_tag-bijoux","27":"product_tag-bijoux-en-argile","28":"product_tag-bricolage","29":"product_tag-distributeur","30":"product_tag-faire","31":"product_tag-france","32":"product_tag-france-2","33":"product_tag-gamme-de-tailles","34":"product_tag-grand","35":"product_tag-japon","36":"product_tag-lart","37":"product_tag-luxembourg","38":"product_tag-luxembourg-2","39":"product_tag-mandrin","40":"product_tag-modelisation","41":"product_tag-orfevres","42":"product_tag-ou","43":"product_tag-outils-pour-anneaux","44":"product_tag-partie","45":"product_tag-pays-bas","46":"product_tag-porcelaine-3","47":"product_tag-porcelin","48":"product_tag-proselein","49":"product_tag-tribulet","50":"product_shipping_class-standard","52":"first","53":"instock","54":"taxable","55":"shipping-taxable","56":"purchasable","57":"product-type-simple"},"acf":[],"_links":{"self":[{"href":"https:\/\/esquell.eu\/fr\/wp-json\/wp\/v2\/product\/15636","targetHints":{"allow":["GET"]}}],"collection":[{"href":"https:\/\/esquell.eu\/fr\/wp-json\/wp\/v2\/product"}],"about":[{"href":"https:\/\/esquell.eu\/fr\/wp-json\/wp\/v2\/types\/product"}],"replies":[{"embeddable":true,"href":"https:\/\/esquell.eu\/fr\/wp-json\/wp\/v2\/comments?post=15636"}],"wp:featuredmedia":[{"embeddable":true,"href":"https:\/\/esquell.eu\/fr\/wp-json\/wp\/v2\/media\/15637"}],"wp:attachment":[{"href":"https:\/\/esquell.eu\/fr\/wp-json\/wp\/v2\/media?parent=15636"}],"wp:term":[{"taxonomy":"more","embeddable":true,"href":"https:\/\/esquell.eu\/fr\/wp-json\/wp\/v2\/more?post=15636"},{"taxonomy":"product_brand","embeddable":true,"href":"https:\/\/esquell.eu\/fr\/wp-json\/wp\/v2\/product_brand?post=15636"},{"taxonomy":"product_cat","embeddable":true,"href":"https:\/\/esquell.eu\/fr\/wp-json\/wp\/v2\/product_cat?post=15636"},{"taxonomy":"product_tag","embeddable":true,"href":"https:\/\/esquell.eu\/fr\/wp-json\/wp\/v2\/product_tag?post=15636"}],"curies":[{"name":"wp","href":"https:\/\/api.w.org\/{rel}","templated":true}]}}