{"id":15623,"date":"2025-04-03T09:21:48","date_gmt":"2025-04-03T09:21:48","guid":{"rendered":"https:\/\/esquell.eu\/product\/baguette-tribulet-grande-taille-gamme-bois\/"},"modified":"2026-02-14T10:32:31","modified_gmt":"2026-02-14T10:32:31","slug":"baguette-tribulet-grande-taille-gamme-bois","status":"publish","type":"product","link":"https:\/\/esquell.eu\/fr\/produit\/baguette-tribulet-grande-taille-gamme-bois\/","title":{"rendered":"Baguette tribulet grande taille gamme bois."},"content":{"rendered":"<p>Baguette en bois, tribulet, avec une large gamme de tailles.<\/p>\n<p>La baguette a une longueur de 25 cm, un diam\u00e8tre inf\u00e9rieur \u00e0 13 mm et un diam\u00e8tre sup\u00e9rieur \u00e0 25 mm.<\/p>\n<p>Cette baguette convient parfaitement au modelage d&rsquo;anneaux en argile m\u00e9tallique.<\/p>\n<p>D\u00e9terminez d&rsquo;abord la taille souhait\u00e9e de l&rsquo;anneau \u00e0 l&rsquo;aide d&rsquo;un anneau \u00e0 bague.<br \/>\nFixez ensuite un bloc-notes jaune autour du b\u00e2tonnet en bois et marquez-y l&rsquo;anneau.<br \/>\nLe jaune emp\u00eache l&rsquo;argile de coller au b\u00e2tonnet.<br \/>\nMoulez ensuite l&rsquo;anneau autour du b\u00e2tonnet \u00e0 cet endroit.<\/p>\n","protected":false},"excerpt":{"rendered":"<p>Baguette en bois, tribulet, avec une large gamme de tailles.<\/p>\n<p>La baguette a une longueur de 25 cm, un diam\u00e8tre inf\u00e9rieur \u00e0 13 mm et un diam\u00e8tre sup\u00e9rieur \u00e0 25 mm.<\/p>\n<p>Cette baguette convient parfaitement au modelage d&rsquo;anneaux en argile m\u00e9tallique.<\/p>\n<p>D\u00e9terminez d&rsquo;abord la taille souhait\u00e9e de l&rsquo;anneau \u00e0 l&rsquo;aide d&rsquo;un anneau \u00e0 bague.<br \/>\nFixez ensuite un bloc-notes jaune autour du b\u00e2tonnet en bois et marquez-y l&rsquo;anneau.<br \/>\nLe jaune emp\u00eache l&rsquo;argile de coller au b\u00e2tonnet.<br \/>\nMoulez ensuite l&rsquo;anneau autour du b\u00e2tonnet \u00e0 cet endroit.<\/p>\n<p>&nbsp;<\/p>\n<p>&nbsp;<\/p>\n","protected":false},"featured_media":15628,"comment_status":"closed","ping_status":"closed","template":"","meta":{"_acf_changed":false,"_seopress_robots_primary_cat":"none","_seopress_titles_title":"","_seopress_titles_desc":"","_seopress_robots_index":""},"more":[],"product_brand":[6382],"product_cat":[7396],"product_tag":[6470,6477,6476,7098,6638,7590,6388,6473,6741,6404,7028,6390,6405,6372,13791,6409,6819,7871,7104,6650,6374,6798,10110,10141,6815,13789,8241,6801,6369,6634,10150,10143,11349,7031,6416,6816,14754,7029,10131,6805,6919,10562,14844,11351,10139,11204,6803,6408],"class_list":{"0":"post-15623","1":"product","2":"type-product","3":"status-publish","4":"has-post-thumbnail","6":"product_brand-acs","7":"product_cat-outils-pour-anneaux","8":"product_tag-6470","9":"product_tag-6477","10":"product_tag-6476","11":"product_tag-anneau","12":"product_tag-anneaux","13":"product_tag-argent-malleable-2","14":"product_tag-argile","15":"product_tag-argile-2","16":"product_tag-argile-3","17":"product_tag-argile-argentee","18":"product_tag-argile-cuivreuse","19":"product_tag-argile-metallique-2","20":"product_tag-artclay","21":"product_tag-bijoux","22":"product_tag-bouquet-de-bagues","23":"product_tag-bricolage","24":"product_tag-cernit","25":"product_tag-creatif","26":"product_tag-cuivre-2","27":"product_tag-cuivre","28":"product_tag-faire","29":"product_tag-faire-2","30":"product_tag-fait","31":"product_tag-fait-a-la-main","32":"product_tag-fimo","33":"product_tag-foret-circulaire","34":"product_tag-hobby","35":"product_tag-il","36":"product_tag-largent","37":"product_tag-largent-3","38":"product_tag-les","39":"product_tag-main","40":"product_tag-mandrin","41":"product_tag-metal-2","42":"product_tag-modelisation","43":"product_tag-pate-polymere","44":"product_tag-pieces-de-monnaie","45":"product_tag-pmc","46":"product_tag-precieux","47":"product_tag-soi","48":"product_tag-sterling","49":"product_tag-taille-de-lanneau","50":"product_tag-triboulet","51":"product_tag-tribulet","52":"product_tag-unique","53":"product_tag-visiter","54":"product_tag-votre","55":"product_tag-vous","56":"product_shipping_class-standard","58":"first","59":"instock","60":"taxable","61":"shipping-taxable","62":"purchasable","63":"product-type-simple"},"acf":[],"_links":{"self":[{"href":"https:\/\/esquell.eu\/fr\/wp-json\/wp\/v2\/product\/15623","targetHints":{"allow":["GET"]}}],"collection":[{"href":"https:\/\/esquell.eu\/fr\/wp-json\/wp\/v2\/product"}],"about":[{"href":"https:\/\/esquell.eu\/fr\/wp-json\/wp\/v2\/types\/product"}],"replies":[{"embeddable":true,"href":"https:\/\/esquell.eu\/fr\/wp-json\/wp\/v2\/comments?post=15623"}],"wp:featuredmedia":[{"embeddable":true,"href":"https:\/\/esquell.eu\/fr\/wp-json\/wp\/v2\/media\/15628"}],"wp:attachment":[{"href":"https:\/\/esquell.eu\/fr\/wp-json\/wp\/v2\/media?parent=15623"}],"wp:term":[{"taxonomy":"more","embeddable":true,"href":"https:\/\/esquell.eu\/fr\/wp-json\/wp\/v2\/more?post=15623"},{"taxonomy":"product_brand","embeddable":true,"href":"https:\/\/esquell.eu\/fr\/wp-json\/wp\/v2\/product_brand?post=15623"},{"taxonomy":"product_cat","embeddable":true,"href":"https:\/\/esquell.eu\/fr\/wp-json\/wp\/v2\/product_cat?post=15623"},{"taxonomy":"product_tag","embeddable":true,"href":"https:\/\/esquell.eu\/fr\/wp-json\/wp\/v2\/product_tag?post=15623"}],"curies":[{"name":"wp","href":"https:\/\/api.w.org\/{rel}","templated":true}]}}