{"id":15614,"date":"2025-04-03T09:21:48","date_gmt":"2025-04-03T09:21:48","guid":{"rendered":"https:\/\/esquell.eu\/product\/anneaux-ruban-a-mesurer-plastique-reglable\/"},"modified":"2025-04-03T09:21:48","modified_gmt":"2025-04-03T09:21:48","slug":"anneaux-ruban-a-mesurer-plastique-reglable","status":"publish","type":"product","link":"https:\/\/esquell.eu\/fr\/produit\/anneaux-ruban-a-mesurer-plastique-reglable\/","title":{"rendered":"Anneaux ruban \u00e0 mesurer plastique r\u00e9glable"},"content":{"rendered":"<p>Ruban \u00e0 mesurer pour d\u00e9terminer la taille correcte de la bague. R\u00e9glable. En plastique.  <\/p>\n","protected":false},"excerpt":{"rendered":"<p>Ruban \u00e0 mesurer pour d\u00e9terminer la taille correcte de la bague. R\u00e9glable. En plastique.  <\/p>\n","protected":false},"featured_media":4337,"comment_status":"closed","ping_status":"closed","template":"","meta":{"_acf_changed":false,"_seopress_robots_primary_cat":"none","_seopress_titles_title":"","_seopress_titles_desc":"","_seopress_robots_index":""},"more":[],"product_brand":[6398],"product_cat":[7396],"product_tag":[7929,7098,6638,6388,6473,6741,6404,6390,6405,6565,6372,6409,6412,7490,6650,7104,13360,9797,6374,6798,10110,10141,8241,6801,6369,6472,6403,10150,10143,6426,6759,7031,6416,6816,6966,9569,11932,7486,7774,9894,6805,11295,10562,14830,10139,9892,7055,6803,6408],"class_list":{"0":"post-15614","1":"product","2":"type-product","3":"status-publish","4":"has-post-thumbnail","6":"product_brand-l1","7":"product_cat-outils-pour-anneaux","8":"product_tag-acrylique","9":"product_tag-anneau","10":"product_tag-anneaux","11":"product_tag-argile","12":"product_tag-argile-2","13":"product_tag-argile-3","14":"product_tag-argile-argentee","15":"product_tag-argile-metallique-2","16":"product_tag-artclay","17":"product_tag-atelier","18":"product_tag-bijoux","19":"product_tag-bricolage","20":"product_tag-bronze","21":"product_tag-ceramique","22":"product_tag-cuivre","23":"product_tag-cuivre-2","24":"product_tag-determiner","25":"product_tag-epoxy","26":"product_tag-faire","27":"product_tag-faire-2","28":"product_tag-fait","29":"product_tag-fait-a-la-main","30":"product_tag-hobby","31":"product_tag-il","32":"product_tag-largent","33":"product_tag-lart","34":"product_tag-lor","35":"product_tag-les","36":"product_tag-main","37":"product_tag-malleable","38":"product_tag-metal","39":"product_tag-metal-2","40":"product_tag-modelisation","41":"product_tag-pate-polymere","42":"product_tag-perles-2","43":"product_tag-perles-4","44":"product_tag-polymere","45":"product_tag-porcelaine","46":"product_tag-resine","47":"product_tag-resine-2","48":"product_tag-soi","49":"product_tag-taille","50":"product_tag-taille-de-lanneau","51":"product_tag-taille-de-lanneau-2","52":"product_tag-unique","53":"product_tag-uv","54":"product_tag-verre","55":"product_tag-votre","56":"product_tag-vous","57":"product_shipping_class-standard","59":"first","60":"instock","61":"taxable","62":"shipping-taxable","63":"purchasable","64":"product-type-simple"},"acf":[],"_links":{"self":[{"href":"https:\/\/esquell.eu\/fr\/wp-json\/wp\/v2\/product\/15614","targetHints":{"allow":["GET"]}}],"collection":[{"href":"https:\/\/esquell.eu\/fr\/wp-json\/wp\/v2\/product"}],"about":[{"href":"https:\/\/esquell.eu\/fr\/wp-json\/wp\/v2\/types\/product"}],"replies":[{"embeddable":true,"href":"https:\/\/esquell.eu\/fr\/wp-json\/wp\/v2\/comments?post=15614"}],"wp:featuredmedia":[{"embeddable":true,"href":"https:\/\/esquell.eu\/fr\/wp-json\/wp\/v2\/media\/4337"}],"wp:attachment":[{"href":"https:\/\/esquell.eu\/fr\/wp-json\/wp\/v2\/media?parent=15614"}],"wp:term":[{"taxonomy":"more","embeddable":true,"href":"https:\/\/esquell.eu\/fr\/wp-json\/wp\/v2\/more?post=15614"},{"taxonomy":"product_brand","embeddable":true,"href":"https:\/\/esquell.eu\/fr\/wp-json\/wp\/v2\/product_brand?post=15614"},{"taxonomy":"product_cat","embeddable":true,"href":"https:\/\/esquell.eu\/fr\/wp-json\/wp\/v2\/product_cat?post=15614"},{"taxonomy":"product_tag","embeddable":true,"href":"https:\/\/esquell.eu\/fr\/wp-json\/wp\/v2\/product_tag?post=15614"}],"curies":[{"name":"wp","href":"https:\/\/api.w.org\/{rel}","templated":true}]}}