{"id":15613,"date":"2025-04-03T09:21:48","date_gmt":"2025-04-03T09:21:48","guid":{"rendered":"https:\/\/esquell.eu\/product\/tribulet-en-acier-solide-anneau-metallique-longueur-du-mat-27-cm\/"},"modified":"2025-11-08T20:02:12","modified_gmt":"2025-11-08T20:02:12","slug":"tribulet-en-acier-solide-anneau-metallique-longueur-du-mat-27-cm","status":"publish","type":"product","link":"https:\/\/esquell.eu\/fr\/produit\/tribulet-en-acier-solide-anneau-metallique-longueur-du-mat-27-cm\/","title":{"rendered":"Tribulet en acier solide Anneau m\u00e9tallique Longueur du m\u00e2t 27 cm"},"content":{"rendered":"<p>Baguette, tribulet, mandrin.<\/p>\n<p>Longueur totale 27 cm. Diam\u00e8tre inf\u00e9rieur \u00e0 2,4 cm Diam\u00e8tre sup\u00e9rieur \u00e0 1,1 cm <\/p>\n<p>Acier. Sans d\u00e9signation de taille.<br \/>\nPour les bagues de calibrage et de modelage. <\/p>\n<p>Utilisez un maillet en caoutchouc pour modeler.<\/p>\n<p>Remarque : Si vous tapez longtemps avec un maillet en caoutchouc, l&rsquo;anneau s&rsquo;\u00e9largira l\u00e9g\u00e8rement.<\/p>\n","protected":false},"excerpt":{"rendered":"<p>Baguette, tribulet, mandrin.<\/p>\n<p>Longueur totale 27 cm. Diam\u00e8tre inf\u00e9rieur \u00e0 2,4 cm Diam\u00e8tre sup\u00e9rieur \u00e0 1,1 cm <\/p>\n<p>Acier massif. Sans d\u00e9signation de taille.<br \/>\nPour les bagues de calibrage et de modelage. <\/p>\n<p>Utilisez un maillet en caoutchouc pour donner forme \u00e0 l&rsquo;anneau. Remarque : un tapotement prolong\u00e9 \u00e0 l&rsquo;aide d&rsquo;un marteau en caoutchouc \u00e9largit lentement l&rsquo;anneau. <\/p>\n<p>Utilisez un marteau m\u00e9tallique pour durcir le m\u00e9tal. En frappant avec le marteau, vous \u00e9largirez rapidement l&rsquo;anneau. Remarque : l&rsquo;utilisation d&rsquo;un marteau en m\u00e9tal laissera une texture martel\u00e9e sur le m\u00e9tal.  <\/p>\n<p>&nbsp;<\/p>\n","protected":false},"featured_media":7501,"comment_status":"closed","ping_status":"closed","template":"","meta":{"_acf_changed":false,"_seopress_robots_primary_cat":"none","_seopress_titles_title":"","_seopress_titles_desc":"","_seopress_robots_index":""},"more":[],"product_brand":[6398],"product_cat":[7396],"product_tag":[6470,6477,6476,6645,7295,6646,7409,10187,13277,6847,6386,7098,6638,14842,6931,7339,6404,6378,6390,14837,6376,7100,6565,11347,11755,6393,6372,14832,6402,6958,6389,6796,6941,6409,6412,6528,14833,6706,8226,6650,7104,6655,14839,6374,6798,6849,6635,6653,6933,6659,14836,6801,14841,6745,6381,14838,6369,6634,8682,10177,6559,6789,6426,11349,13774,11024,6759,10137,7695,14829,6661,6567,6652,6643,7405,6726,6657,6391,6665,7094,6922,6954,6751,14828,14834,6778,14831,6407,6805,6964,6919,6663,11295,11351,9648,6803,6807,6776,6667],"class_list":{"0":"post-15613","1":"product","2":"type-product","3":"status-publish","4":"has-post-thumbnail","6":"product_brand-l1","7":"product_cat-outils-pour-anneaux","8":"product_tag-6470","9":"product_tag-6477","10":"product_tag-6476","11":"product_tag-a","12":"product_tag-a-2","13":"product_tag-acheter","14":"product_tag-acier","15":"product_tag-acier-2","16":"product_tag-acier-3","17":"product_tag-acier-inoxydable","18":"product_tag-aida","19":"product_tag-anneau","20":"product_tag-anneaux","21":"product_tag-anneaux-datelier","22":"product_tag-anvers","23":"product_tag-argent-malleable","24":"product_tag-argile-argentee","25":"product_tag-argile-metallique","26":"product_tag-argile-metallique-2","27":"product_tag-artcla","28":"product_tag-artclaysilver","29":"product_tag-artclaysilvershop","30":"product_tag-atelier","31":"product_tag-baguette","32":"product_tag-base-2","33":"product_tag-belgique","34":"product_tag-bijoux","35":"product_tag-bijoux-datelier","36":"product_tag-bon-marche","37":"product_tag-boutique","38":"product_tag-boutique-en-ligne","39":"product_tag-boutique-en-ligne-2","40":"product_tag-brabant","41":"product_tag-bricolage","42":"product_tag-bronze","43":"product_tag-bronze-2","44":"product_tag-bruxelles-3","45":"product_tag-commerce-de-gros","46":"product_tag-cours","47":"product_tag-cuivre","48":"product_tag-cuivre-2","49":"product_tag-drenthe","50":"product_tag-entreprise","51":"product_tag-faire","52":"product_tag-faire-2","53":"product_tag-formulaires","54":"product_tag-fournitures","55":"product_tag-frise","56":"product_tag-gentilhomme","57":"product_tag-gueldre","58":"product_tag-hardwijk-groinginen","59":"product_tag-il","60":"product_tag-inspecte","61":"product_tag-instructeur","62":"product_tag-japon","63":"product_tag-jours-en-metalcclaydays","64":"product_tag-largent","65":"product_tag-largent-3","66":"product_tag-laiton","67":"product_tag-laiton-2","68":"product_tag-lignes-dartisanat","69":"product_tag-limbourg","70":"product_tag-malleable","71":"product_tag-mandrin","72":"product_tag-marque-3","73":"product_tag-materiaux","74":"product_tag-metal","75":"product_tag-metal-precieux","76":"product_tag-modelisation-2","77":"product_tag-nevisas","78":"product_tag-nord","79":"product_tag-offrir","80":"product_tag-orfevres","81":"product_tag-ou","82":"product_tag-outil-2","83":"product_tag-outils-2","84":"product_tag-overijssel","85":"product_tag-pays-bas","86":"product_tag-pays-bas-2","87":"product_tag-pont","88":"product_tag-pur","89":"product_tag-pur-2","90":"product_tag-reduction","91":"product_tag-reduction-3","92":"product_tag-reduction-pour-les-instructeurs","93":"product_tag-reel","94":"product_tag-reve","95":"product_tag-silverclay-co-uk","96":"product_tag-soi","97":"product_tag-sollid","98":"product_tag-sterling","99":"product_tag-sud","100":"product_tag-taille","101":"product_tag-tribulet","102":"product_tag-vollenhove","103":"product_tag-votre","104":"product_tag-vous-2","105":"product_tag-vraiment","106":"product_tag-zelande","107":"product_shipping_class-standard","109":"first","110":"instock","111":"taxable","112":"shipping-taxable","113":"purchasable","114":"product-type-simple"},"acf":[],"_links":{"self":[{"href":"https:\/\/esquell.eu\/fr\/wp-json\/wp\/v2\/product\/15613","targetHints":{"allow":["GET"]}}],"collection":[{"href":"https:\/\/esquell.eu\/fr\/wp-json\/wp\/v2\/product"}],"about":[{"href":"https:\/\/esquell.eu\/fr\/wp-json\/wp\/v2\/types\/product"}],"replies":[{"embeddable":true,"href":"https:\/\/esquell.eu\/fr\/wp-json\/wp\/v2\/comments?post=15613"}],"wp:featuredmedia":[{"embeddable":true,"href":"https:\/\/esquell.eu\/fr\/wp-json\/wp\/v2\/media\/7501"}],"wp:attachment":[{"href":"https:\/\/esquell.eu\/fr\/wp-json\/wp\/v2\/media?parent=15613"}],"wp:term":[{"taxonomy":"more","embeddable":true,"href":"https:\/\/esquell.eu\/fr\/wp-json\/wp\/v2\/more?post=15613"},{"taxonomy":"product_brand","embeddable":true,"href":"https:\/\/esquell.eu\/fr\/wp-json\/wp\/v2\/product_brand?post=15613"},{"taxonomy":"product_cat","embeddable":true,"href":"https:\/\/esquell.eu\/fr\/wp-json\/wp\/v2\/product_cat?post=15613"},{"taxonomy":"product_tag","embeddable":true,"href":"https:\/\/esquell.eu\/fr\/wp-json\/wp\/v2\/product_tag?post=15613"}],"curies":[{"name":"wp","href":"https:\/\/api.w.org\/{rel}","templated":true}]}}