{"id":15586,"date":"2025-04-03T09:21:48","date_gmt":"2025-04-03T09:21:48","guid":{"rendered":"https:\/\/esquell.eu\/product\/bague-grappe-en-acier-inoxydable-taille-japonaise-version-budget-acs\/"},"modified":"2025-04-03T09:21:48","modified_gmt":"2025-04-03T09:21:48","slug":"bague-grappe-en-acier-inoxydable-taille-japonaise-version-budget-acs","status":"publish","type":"product","link":"https:\/\/esquell.eu\/fr\/produit\/bague-grappe-en-acier-inoxydable-taille-japonaise-version-budget-acs\/","title":{"rendered":"Bague grappe en acier inoxydable taille japonaise. Version budget ACS"},"content":{"rendered":"<p>Bouquet de bagues pour d\u00e9terminer la taille des bagues.<\/p>\n<p>La taille japonaise est tr\u00e8s adapt\u00e9e au travail avec la p\u00e2te d&rsquo;argent.<br \/>\nTaille 1-28<\/p>\n<p>Lorsque vous fabriquez des bagues en p\u00e2te d&rsquo;argent, il faut tenir compte du retrait de la p\u00e2te d&rsquo;argent.<\/p>\n<p>Art Clay Silver \/ p\u00e2te d&rsquo;argent \u00e9tant un produit japonais, de nombreux manuels sont r\u00e9dig\u00e9s sur la base des tailles de bagues japonaises.<\/p>\n","protected":false},"excerpt":{"rendered":"<p>Bouquet de bagues pour d\u00e9terminer la taille des bagues.<\/p>\n<p>La taille japonaise est tr\u00e8s adapt\u00e9e au travail de l&rsquo;argile.<br \/>\nTaille de 1 \u00e0 33<\/p>\n<p>Lorsque vous fabriquez des bagues en argile m\u00e9tallique, vous devez tenir compte du retrait de l&rsquo;argile m\u00e9tallique.<\/p>\n<p>&nbsp;<\/p>\n<p>&nbsp;<\/p>\n","protected":false},"featured_media":7508,"comment_status":"closed","ping_status":"closed","template":"","meta":{"_acf_changed":false,"_seopress_robots_primary_cat":"none","_seopress_titles_title":"","_seopress_titles_desc":"","_seopress_robots_index":""},"more":[],"product_brand":[6398],"product_cat":[7412,7396],"product_tag":[6470,6477,6476,6638,6388,6473,6404,6378,6390,6405,6372,13791,6409,6412,13369,6650,6374,6798,10141,13789,6801,7283,6369,6634,6472,6403,10150,6426,6759,7031,8701,7029,8736,6471,8638,6805,6919,14722,14724,13811,13813,11204,6803,6408],"class_list":{"0":"post-15586","1":"product","2":"type-product","3":"status-publish","4":"has-post-thumbnail","6":"product_brand-l1","7":"product_cat-outils-de-base","8":"product_cat-outils-pour-anneaux","9":"product_tag-6470","10":"product_tag-6477","11":"product_tag-6476","12":"product_tag-anneaux","13":"product_tag-argile","14":"product_tag-argile-2","15":"product_tag-argile-argentee","16":"product_tag-argile-metallique","17":"product_tag-argile-metallique-2","18":"product_tag-artclay","19":"product_tag-bijoux","20":"product_tag-bouquet-de-bagues","21":"product_tag-bricolage","22":"product_tag-bronze","23":"product_tag-calculer","24":"product_tag-cuivre","25":"product_tag-faire","26":"product_tag-faire-2","27":"product_tag-fait-a-la-main","28":"product_tag-foret-circulaire","29":"product_tag-il","30":"product_tag-japonais-3","31":"product_tag-largent","32":"product_tag-largent-3","33":"product_tag-lart","34":"product_tag-lor","35":"product_tag-les","36":"product_tag-malleable","37":"product_tag-metal","38":"product_tag-metal-2","39":"product_tag-metal-3","40":"product_tag-pmc","41":"product_tag-presomptueux","42":"product_tag-recycle","43":"product_tag-retrecissement","44":"product_tag-soi","45":"product_tag-sterling","46":"product_tag-table","47":"product_tag-tableau-des-jauges-danneaux","48":"product_tag-taille-2","49":"product_tag-tailles-des-bagues","50":"product_tag-visiter","51":"product_tag-votre","52":"product_tag-vous","53":"product_shipping_class-standard","55":"first","56":"instock","57":"taxable","58":"shipping-taxable","59":"purchasable","60":"product-type-simple"},"acf":[],"_links":{"self":[{"href":"https:\/\/esquell.eu\/fr\/wp-json\/wp\/v2\/product\/15586","targetHints":{"allow":["GET"]}}],"collection":[{"href":"https:\/\/esquell.eu\/fr\/wp-json\/wp\/v2\/product"}],"about":[{"href":"https:\/\/esquell.eu\/fr\/wp-json\/wp\/v2\/types\/product"}],"replies":[{"embeddable":true,"href":"https:\/\/esquell.eu\/fr\/wp-json\/wp\/v2\/comments?post=15586"}],"wp:featuredmedia":[{"embeddable":true,"href":"https:\/\/esquell.eu\/fr\/wp-json\/wp\/v2\/media\/7508"}],"wp:attachment":[{"href":"https:\/\/esquell.eu\/fr\/wp-json\/wp\/v2\/media?parent=15586"}],"wp:term":[{"taxonomy":"more","embeddable":true,"href":"https:\/\/esquell.eu\/fr\/wp-json\/wp\/v2\/more?post=15586"},{"taxonomy":"product_brand","embeddable":true,"href":"https:\/\/esquell.eu\/fr\/wp-json\/wp\/v2\/product_brand?post=15586"},{"taxonomy":"product_cat","embeddable":true,"href":"https:\/\/esquell.eu\/fr\/wp-json\/wp\/v2\/product_cat?post=15586"},{"taxonomy":"product_tag","embeddable":true,"href":"https:\/\/esquell.eu\/fr\/wp-json\/wp\/v2\/product_tag?post=15586"}],"curies":[{"name":"wp","href":"https:\/\/api.w.org\/{rel}","templated":true}]}}