{"id":15556,"date":"2025-04-03T09:21:48","date_gmt":"2025-04-03T09:21:48","guid":{"rendered":"https:\/\/esquell.eu\/product\/anneau-en-acier-inoxydable-taille-europeenne-execution-du-budget\/"},"modified":"2025-04-03T09:21:48","modified_gmt":"2025-04-03T09:21:48","slug":"anneau-en-acier-inoxydable-taille-europeenne-execution-du-budget","status":"publish","type":"product","link":"https:\/\/esquell.eu\/fr\/produit\/anneau-en-acier-inoxydable-taille-europeenne-execution-du-budget\/","title":{"rendered":"Anneau en acier inoxydable Taille europ\u00e9enne. Ex\u00e9cution du budget"},"content":{"rendered":"<p>Boucle d&rsquo;anneau pour d\u00e9terminer la taille de l&rsquo;anneau.<\/p>\n<p>Taille UE Circonf\u00e9rence ext\u00e9rieure. Tableau de conversion disponible. <\/p>\n<p>Vous souhaitez utiliser la pelote d&rsquo;anneaux pour travailler la p\u00e2te d&rsquo;argent ? Prenez alors la bague avec la taille japonaise. Art Clay Silver \/ la p\u00e2te d&rsquo;argent est un produit japonais. De nombreux manuels sont r\u00e9dig\u00e9s sur la base des tailles d&rsquo;anneaux japonaises.   <\/p>\n","protected":false},"excerpt":{"rendered":"<p>Boucle d&rsquo;anneau pour d\u00e9terminer la taille de l&rsquo;anneau.<\/p>\n<p>Taille UE<br \/>\nTailles de 41 \u00e0 76<\/p>\n<p>&nbsp;<\/p>\n<p>Vous travaillez avec de la p\u00e2te \u00e0 modeler ? Dans ce cas, nous vous recommandons d&rsquo;utiliser la taille de bague japonaise. Les descriptions de travail pour la fabrication d&rsquo;anneaux en p\u00e2te \u00e0 modeler utilisent souvent les tailles d&rsquo;anneaux japonaises.<strong><a href=\"https:\/\/www.esquell.nl\/p\/ringenbos-metaal-japanse-maatvoering-budget-uitvoering-acs\"><u> Tailles de bagues japonaises<\/u><\/a><\/strong>.  <\/p>\n<p>&nbsp;<\/p>\n","protected":false},"featured_media":7509,"comment_status":"closed","ping_status":"closed","template":"","meta":{"_acf_changed":false,"_seopress_robots_primary_cat":"none","_seopress_titles_title":"","_seopress_titles_desc":"","_seopress_robots_index":""},"more":[],"product_brand":[6398],"product_cat":[7396],"product_tag":[6470,6477,6476,6638,6388,6378,6372,13791,6409,6412,13369,7161,14741,6650,14504,14747,8222,14739,6374,6798,10141,13789,6801,6369,6634,6403,10150,6759,8701,10255,14745,7029,8736,6471,8638,6805,6919,14722,14740,14724,11295,13811,14743,11291,13813,11204,6803,6408],"class_list":{"0":"post-15556","1":"product","2":"type-product","3":"status-publish","4":"has-post-thumbnail","6":"product_brand-l1","7":"product_cat-outils-pour-anneaux","8":"product_tag-6470","9":"product_tag-6477","10":"product_tag-6476","11":"product_tag-anneaux","12":"product_tag-argile","13":"product_tag-argile-metallique","14":"product_tag-bijoux","15":"product_tag-bouquet-de-bagues","16":"product_tag-bricolage","17":"product_tag-bronze","18":"product_tag-calculer","19":"product_tag-cm","20":"product_tag-convertir","21":"product_tag-cuivre","22":"product_tag-diametre","23":"product_tag-diametre-interieur","24":"product_tag-eu","25":"product_tag-europeen","26":"product_tag-faire","27":"product_tag-faire-2","28":"product_tag-fait-a-la-main","29":"product_tag-foret-circulaire","30":"product_tag-il","31":"product_tag-largent","32":"product_tag-largent-3","33":"product_tag-lor","34":"product_tag-les","35":"product_tag-metal","36":"product_tag-metal-3","37":"product_tag-mm","38":"product_tag-perimetre","39":"product_tag-pmc","40":"product_tag-presomptueux","41":"product_tag-recycle","42":"product_tag-retrecissement","43":"product_tag-soi","44":"product_tag-sterling","45":"product_tag-table","46":"product_tag-table-de-conversion","47":"product_tag-tableau-des-jauges-danneaux","48":"product_tag-taille","49":"product_tag-taille-2","50":"product_tag-taille-exterieure","51":"product_tag-tailles","52":"product_tag-tailles-des-bagues","53":"product_tag-visiter","54":"product_tag-votre","55":"product_tag-vous","56":"product_shipping_class-standard","58":"first","59":"instock","60":"taxable","61":"shipping-taxable","62":"purchasable","63":"product-type-simple"},"acf":[],"_links":{"self":[{"href":"https:\/\/esquell.eu\/fr\/wp-json\/wp\/v2\/product\/15556","targetHints":{"allow":["GET"]}}],"collection":[{"href":"https:\/\/esquell.eu\/fr\/wp-json\/wp\/v2\/product"}],"about":[{"href":"https:\/\/esquell.eu\/fr\/wp-json\/wp\/v2\/types\/product"}],"replies":[{"embeddable":true,"href":"https:\/\/esquell.eu\/fr\/wp-json\/wp\/v2\/comments?post=15556"}],"wp:featuredmedia":[{"embeddable":true,"href":"https:\/\/esquell.eu\/fr\/wp-json\/wp\/v2\/media\/7509"}],"wp:attachment":[{"href":"https:\/\/esquell.eu\/fr\/wp-json\/wp\/v2\/media?parent=15556"}],"wp:term":[{"taxonomy":"more","embeddable":true,"href":"https:\/\/esquell.eu\/fr\/wp-json\/wp\/v2\/more?post=15556"},{"taxonomy":"product_brand","embeddable":true,"href":"https:\/\/esquell.eu\/fr\/wp-json\/wp\/v2\/product_brand?post=15556"},{"taxonomy":"product_cat","embeddable":true,"href":"https:\/\/esquell.eu\/fr\/wp-json\/wp\/v2\/product_cat?post=15556"},{"taxonomy":"product_tag","embeddable":true,"href":"https:\/\/esquell.eu\/fr\/wp-json\/wp\/v2\/product_tag?post=15556"}],"curies":[{"name":"wp","href":"https:\/\/api.w.org\/{rel}","templated":true}]}}