{"id":15554,"date":"2025-04-03T09:22:03","date_gmt":"2025-04-03T09:22:03","guid":{"rendered":"https:\/\/esquell.eu\/product\/mandrins-a-anneaux-en-silicone-support-metallique-cooltools-10-tailles-danneaux-differentes\/"},"modified":"2026-02-14T10:44:14","modified_gmt":"2026-02-14T10:44:14","slug":"mandrins-a-anneaux-en-silicone-support-metallique-cooltools-10-tailles-danneaux-differentes","status":"publish","type":"product","link":"https:\/\/esquell.eu\/fr\/produit\/mandrins-a-anneaux-en-silicone-support-metallique-cooltools-10-tailles-danneaux-differentes\/","title":{"rendered":"Mandrins \u00e0 anneaux en silicone + support m\u00e9tallique Cooltools. 10 tailles d&rsquo;anneaux diff\u00e9rentes"},"content":{"rendered":"<p>Mandrins \u00e0 anneaux en silicone + support m\u00e9tallique Cooltools.<\/p>\n<p>Ces anneaux en silicone antiadh\u00e9sifs sont l&rsquo;outil id\u00e9al pour r\u00e9aliser des anneaux ou des cylindres en p\u00e2te \u00e0 modeler. Lorsqu&rsquo;ils sont plac\u00e9s sur le support, ces anneaux en silicone sont l&rsquo;outil id\u00e9al pour fa\u00e7onner facilement l&rsquo;argile m\u00e9tallique en n&rsquo;importe quel objet rond.  . Id\u00e9al pour fa\u00e7onner l&rsquo;argile humide et pour affiner ou agrandir l&rsquo;argile \u00e0 l&rsquo;\u00e9tat de verrerie. Facile \u00e0 retirer du mandrin en silicone avec rev\u00eatement antiadh\u00e9sif. Durable et r\u00e9utilisable. Tailles am\u00e9ricaines : Les demi-tailles et les tailles enti\u00e8res sont de 8 \u00e0 12 et de 8,5 \u00e0 12,5. (Taille europ\u00e9enne de 56 \u00e0 68 de circonf\u00e9rence).    <\/p>\n","protected":false},"excerpt":{"rendered":"<p>Mandrins \u00e0 anneaux en silicone + support m\u00e9tallique Cooltools.<\/p>\n<p>&nbsp;<\/p>\n<p>Ces anneaux en silicone antiadh\u00e9sifs sont l&rsquo;outil id\u00e9al pour r\u00e9aliser des anneaux ou des cylindres en p\u00e2te \u00e0 modeler. Lorsqu&rsquo;ils sont plac\u00e9s sur le support, ces anneaux en silicone sont l&rsquo;outil id\u00e9al pour fa\u00e7onner facilement l&rsquo;argile m\u00e9tallique en n&rsquo;importe quel objet rond.  . Id\u00e9al pour fa\u00e7onner l&rsquo;argile humide et pour affiner ou agrandir l&rsquo;argile \u00e0 l&rsquo;\u00e9tat de verrerie. Facile \u00e0 retirer du mandrin en silicone avec rev\u00eatement antiadh\u00e9sif. Durable et r\u00e9utilisable. Tailles am\u00e9ricaines : Les demi-tailles et les tailles enti\u00e8res sont de 8 \u00e0 12 et de 8,5 \u00e0 12,5. (Taille europ\u00e9enne de 56 \u00e0 68 de circonf\u00e9rence).    <\/p>\n<p>&nbsp;<\/p>\n","protected":false},"featured_media":15557,"comment_status":"closed","ping_status":"closed","template":"","meta":{"_acf_changed":false,"_seopress_robots_primary_cat":"none","_seopress_titles_title":"","_seopress_titles_desc":"","_seopress_robots_index":""},"more":[],"product_brand":[6736],"product_cat":[7396],"product_tag":[12829,6638,6741,6406,6420,7028,6378,6390,6405,6376,6409,14736,8424,6374,14738,11349,14737,6759,6416,9817,14735,7939],"class_list":{"0":"post-15554","1":"product","2":"type-product","3":"status-publish","4":"has-post-thumbnail","6":"product_brand-des-outils-sympas","7":"product_cat-outils-pour-anneaux","8":"product_tag-anneau-de-couleur","9":"product_tag-anneaux","10":"product_tag-argile-3","11":"product_tag-argile-aurifere","12":"product_tag-argile-bronze","13":"product_tag-argile-cuivreuse","14":"product_tag-argile-metallique","15":"product_tag-argile-metallique-2","16":"product_tag-artclay","17":"product_tag-artclaysilver","18":"product_tag-bricolage","19":"product_tag-cool-outils-anneaux","20":"product_tag-cooltools","21":"product_tag-faire","22":"product_tag-mandresl","23":"product_tag-mandrin","24":"product_tag-mandrin-annulaire","25":"product_tag-metal","26":"product_tag-modelisation","27":"product_tag-non-collant","28":"product_tag-silicone","29":"product_tag-standard","30":"product_shipping_class-standard","32":"first","33":"instock","34":"taxable","35":"shipping-taxable","36":"purchasable","37":"product-type-simple"},"acf":[],"_links":{"self":[{"href":"https:\/\/esquell.eu\/fr\/wp-json\/wp\/v2\/product\/15554","targetHints":{"allow":["GET"]}}],"collection":[{"href":"https:\/\/esquell.eu\/fr\/wp-json\/wp\/v2\/product"}],"about":[{"href":"https:\/\/esquell.eu\/fr\/wp-json\/wp\/v2\/types\/product"}],"replies":[{"embeddable":true,"href":"https:\/\/esquell.eu\/fr\/wp-json\/wp\/v2\/comments?post=15554"}],"wp:featuredmedia":[{"embeddable":true,"href":"https:\/\/esquell.eu\/fr\/wp-json\/wp\/v2\/media\/15557"}],"wp:attachment":[{"href":"https:\/\/esquell.eu\/fr\/wp-json\/wp\/v2\/media?parent=15554"}],"wp:term":[{"taxonomy":"more","embeddable":true,"href":"https:\/\/esquell.eu\/fr\/wp-json\/wp\/v2\/more?post=15554"},{"taxonomy":"product_brand","embeddable":true,"href":"https:\/\/esquell.eu\/fr\/wp-json\/wp\/v2\/product_brand?post=15554"},{"taxonomy":"product_cat","embeddable":true,"href":"https:\/\/esquell.eu\/fr\/wp-json\/wp\/v2\/product_cat?post=15554"},{"taxonomy":"product_tag","embeddable":true,"href":"https:\/\/esquell.eu\/fr\/wp-json\/wp\/v2\/product_tag?post=15554"}],"curies":[{"name":"wp","href":"https:\/\/api.w.org\/{rel}","templated":true}]}}