{"id":15537,"date":"2025-04-03T09:22:03","date_gmt":"2025-04-03T09:22:03","guid":{"rendered":"https:\/\/esquell.eu\/product\/pointes-de-pierre-a-aiguiser-ensemble-de-poncage-et-de-polissage-5-pieces-f-1226\/"},"modified":"2025-04-03T09:22:03","modified_gmt":"2025-04-03T09:22:03","slug":"pointes-de-pierre-a-aiguiser-ensemble-de-poncage-et-de-polissage-5-pieces-f-1226","status":"publish","type":"product","link":"https:\/\/esquell.eu\/fr\/produit\/pointes-de-pierre-a-aiguiser-ensemble-de-poncage-et-de-polissage-5-pieces-f-1226\/","title":{"rendered":"Pointes de pierre \u00e0 aiguiser Ensemble de pon\u00e7age et de polissage. 5 pi\u00e8ces F-1226"},"content":{"rendered":"<p>Set de pon\u00e7age et de polissage des pointes de pierre \u00e0 aiguiser. 5 pi\u00e8ces <\/p>\n<p>Meules de diff\u00e9rents grains convenant \u00e0 Dremel ou \u00e0 un outil rotatif polyvalent similaire<\/p>\n<p>120 \u00e0 1500 grains + une pointe de polissage \u00e0 finition brillante.<\/p>\n<p>Arbre 2,35 mm<\/p>\n<p>Par exemple, id\u00e9al pour la finition de l&rsquo;int\u00e9rieur d&rsquo;un anneau et des surfaces planes.<\/p>\n","protected":false},"excerpt":{"rendered":"<p>Set de pon\u00e7age et de polissage des pointes de pierre \u00e0 aiguiser. 5 pi\u00e8ces <\/p>\n<p>Meules de diff\u00e9rents grains convenant \u00e0 Dremel ou \u00e0 un outil rotatif polyvalent similaire<\/p>\n<p>120 \u00e0 1500 grains + une pointe de polissage \u00e0 finition brillante.<\/p>\n<p>&nbsp;<\/p>\n<p>Arbre 2,35 mm<\/p>\n<p>&nbsp;<\/p>\n<p>Par exemple, id\u00e9al pour la finition de l&rsquo;int\u00e9rieur d&rsquo;un anneau et des surfaces planes.<\/p>\n","protected":false},"featured_media":7464,"comment_status":"closed","ping_status":"closed","template":"","meta":{"_acf_changed":false,"_seopress_robots_primary_cat":"none","_seopress_titles_title":"","_seopress_titles_desc":"","_seopress_robots_index":""},"more":[],"product_brand":[6382],"product_cat":[6366],"product_tag":[14713,6638,6718,10197,10294,10192,6855,14718,6399,7405,6726,14705,14710,14621,8861,13868,10199,8743,7506,10488],"class_list":{"0":"post-15537","1":"product","2":"type-product","3":"status-publish","4":"has-post-thumbnail","6":"product_brand-acs","7":"product_cat-poncage-limage-et-polissage","8":"product_tag-a-linterieur-3","9":"product_tag-anneaux","10":"product_tag-bijoux-3","11":"product_tag-brillant-2","12":"product_tag-brillant-3","13":"product_tag-fichiers","14":"product_tag-fixer","15":"product_tag-meule","16":"product_tag-outil","17":"product_tag-outil-2","18":"product_tag-outils-2","19":"product_tag-pierre-a-aiguiser","20":"product_tag-pierres-a-aiguiser","21":"product_tag-pointe-2","22":"product_tag-polissage","23":"product_tag-polissage-3","24":"product_tag-polissage-du-miroir","25":"product_tag-poncage","26":"product_tag-pour","27":"product_tag-rotatif","28":"product_shipping_class-standard","30":"first","31":"instock","32":"taxable","33":"shipping-taxable","34":"purchasable","35":"product-type-simple"},"acf":[],"_links":{"self":[{"href":"https:\/\/esquell.eu\/fr\/wp-json\/wp\/v2\/product\/15537","targetHints":{"allow":["GET"]}}],"collection":[{"href":"https:\/\/esquell.eu\/fr\/wp-json\/wp\/v2\/product"}],"about":[{"href":"https:\/\/esquell.eu\/fr\/wp-json\/wp\/v2\/types\/product"}],"replies":[{"embeddable":true,"href":"https:\/\/esquell.eu\/fr\/wp-json\/wp\/v2\/comments?post=15537"}],"wp:featuredmedia":[{"embeddable":true,"href":"https:\/\/esquell.eu\/fr\/wp-json\/wp\/v2\/media\/7464"}],"wp:attachment":[{"href":"https:\/\/esquell.eu\/fr\/wp-json\/wp\/v2\/media?parent=15537"}],"wp:term":[{"taxonomy":"more","embeddable":true,"href":"https:\/\/esquell.eu\/fr\/wp-json\/wp\/v2\/more?post=15537"},{"taxonomy":"product_brand","embeddable":true,"href":"https:\/\/esquell.eu\/fr\/wp-json\/wp\/v2\/product_brand?post=15537"},{"taxonomy":"product_cat","embeddable":true,"href":"https:\/\/esquell.eu\/fr\/wp-json\/wp\/v2\/product_cat?post=15537"},{"taxonomy":"product_tag","embeddable":true,"href":"https:\/\/esquell.eu\/fr\/wp-json\/wp\/v2\/product_tag?post=15537"}],"curies":[{"name":"wp","href":"https:\/\/api.w.org\/{rel}","templated":true}]}}