{"id":15531,"date":"2025-04-03T09:22:03","date_gmt":"2025-04-03T09:22:03","guid":{"rendered":"https:\/\/esquell.eu\/product\/pack-de-demarrage-limes-poncage-polissage\/"},"modified":"2025-11-08T20:03:50","modified_gmt":"2025-11-08T20:03:50","slug":"pack-de-demarrage-limes-poncage-polissage","status":"publish","type":"product","link":"https:\/\/esquell.eu\/fr\/produit\/pack-de-demarrage-limes-poncage-polissage\/","title":{"rendered":"Pack de d\u00e9marrage limes pon\u00e7age polissage"},"content":{"rendered":"<p>*P\u00e2te \u00e0 polir<br \/>\n*Drap de polissage<br \/>\n*Acier \u00e0 polir<br \/>\n*Pointe \u00e0 aiguiser<br \/>\n*Tampons \u00e0 poncer (set de 3) pour la finition brillante des bijoux<br \/>\n*Set de 5 limes diamant\u00e9es<br \/>\n*Set de 4 limes diamant\u00e9es rondes pour limer les perles, entre autres.<br \/>\n*Brosse \u00e0 polir\/brosse en acier<br \/>\n*Papier abrasif grain 180<br \/>\n*Bloc de pon\u00e7age<\/p>\n","protected":false},"excerpt":{"rendered":"<p>Kit de d\u00e9marrage pour limer, poncer et polir les bijoux.<\/p>\n<p>*P\u00e2te \u00e0 polir<br \/>\n*Drap de polissage<br \/>\n*Acier bronz\u00e9<br \/>\n*Crayon Agate<br \/>\n*Tampons abrasifs set de 3 pour la finition haute brillance des bijoux<br \/>\n*Set de 5 limes diamant\u00e9es<br \/>\n*Set de 4 limes diamant\u00e9es rondes pour les limes de perles o.a. perles.<br \/>\n*Brosse de polissage \/ brosse en acier<br \/>\n*Papier abrasif 180 grit<br \/>\n*Bloc de pon\u00e7age<\/p>\n","protected":false},"featured_media":7008,"comment_status":"closed","ping_status":"closed","template":"","meta":{"_acf_changed":false,"_seopress_robots_primary_cat":"none","_seopress_titles_title":"","_seopress_titles_desc":"","_seopress_robots_index":""},"more":[],"product_brand":[6382,6398],"product_cat":[7412,6366],"product_tag":[7409,7098,6638,6473,6404,6378,6390,6405,9966,6982,6372,6642,6641,7814,6409,10197,10294,14586,14668,14660,14680,14676,14682,14666,7640,10080,6374,6798,14658,14618,14664,10192,14553,12015,8864,6801,14686,14684,6369,6472,14662,14685,10082,6652,7405,14493,11354,8165,6966,9569,10185,14672,8861,10153,13868,14670,14674,14687,8743,7506,6805,13827,14678,10139,6803,6408,6807],"class_list":{"0":"post-15531","1":"product","2":"type-product","3":"status-publish","4":"has-post-thumbnail","6":"product_brand-acs","7":"product_brand-l1","8":"product_cat-outils-de-base","9":"product_cat-poncage-limage-et-polissage","10":"product_tag-acier","11":"product_tag-anneau","12":"product_tag-anneaux","13":"product_tag-argile-2","14":"product_tag-argile-argentee","15":"product_tag-argile-metallique","16":"product_tag-argile-metallique-2","17":"product_tag-artclay","18":"product_tag-artisanat","19":"product_tag-bijoutier","20":"product_tag-bijoux","21":"product_tag-bijoux-2","22":"product_tag-boucles-doreilles","23":"product_tag-boucles-doreilles-2","24":"product_tag-bricolage","25":"product_tag-brillant-2","26":"product_tag-brillant-3","27":"product_tag-brosse-a-polir-2","28":"product_tag-brosse-en-acier","29":"product_tag-brune","30":"product_tag-bruneren","31":"product_tag-chiffon","32":"product_tag-classement","33":"product_tag-creme-de-polissage","34":"product_tag-diamant-2","35":"product_tag-fabrication-de-bijoux-2","36":"product_tag-faire","37":"product_tag-faire-2","38":"product_tag-fait-a-la-main-2","39":"product_tag-fichier","40":"product_tag-fichier-stylo-de-polissage","41":"product_tag-fichiers","42":"product_tag-fichiers-2","43":"product_tag-fournitures-pour-bijoux-5","44":"product_tag-goujons","45":"product_tag-il","46":"product_tag-jeu-de-fichiers","47":"product_tag-kit-de-poncage","48":"product_tag-largent","49":"product_tag-lart","50":"product_tag-laiton-3","51":"product_tag-materiel-de-poncage","52":"product_tag-orfevre-3","53":"product_tag-orfevres","54":"product_tag-outil-2","55":"product_tag-outil-de-polissage","56":"product_tag-pate-a-polir","57":"product_tag-pates","58":"product_tag-perles-2","59":"product_tag-perles-4","60":"product_tag-polir-3","61":"product_tag-polir-4","62":"product_tag-polissage","63":"product_tag-polissage-2","64":"product_tag-polissage-3","65":"product_tag-polissage-de-lacier","66":"product_tag-polissage-de-largent","67":"product_tag-poljistes","68":"product_tag-poncage","69":"product_tag-pour","70":"product_tag-soi","71":"product_tag-tampons-de-poncage","72":"product_tag-toile","73":"product_tag-unique","74":"product_tag-votre","75":"product_tag-vous","76":"product_tag-vous-2","77":"product_shipping_class-standard","79":"first","80":"instock","81":"sale","82":"taxable","83":"shipping-taxable","84":"purchasable","85":"product-type-simple"},"acf":[],"_links":{"self":[{"href":"https:\/\/esquell.eu\/fr\/wp-json\/wp\/v2\/product\/15531","targetHints":{"allow":["GET"]}}],"collection":[{"href":"https:\/\/esquell.eu\/fr\/wp-json\/wp\/v2\/product"}],"about":[{"href":"https:\/\/esquell.eu\/fr\/wp-json\/wp\/v2\/types\/product"}],"replies":[{"embeddable":true,"href":"https:\/\/esquell.eu\/fr\/wp-json\/wp\/v2\/comments?post=15531"}],"wp:featuredmedia":[{"embeddable":true,"href":"https:\/\/esquell.eu\/fr\/wp-json\/wp\/v2\/media\/7008"}],"wp:attachment":[{"href":"https:\/\/esquell.eu\/fr\/wp-json\/wp\/v2\/media?parent=15531"}],"wp:term":[{"taxonomy":"more","embeddable":true,"href":"https:\/\/esquell.eu\/fr\/wp-json\/wp\/v2\/more?post=15531"},{"taxonomy":"product_brand","embeddable":true,"href":"https:\/\/esquell.eu\/fr\/wp-json\/wp\/v2\/product_brand?post=15531"},{"taxonomy":"product_cat","embeddable":true,"href":"https:\/\/esquell.eu\/fr\/wp-json\/wp\/v2\/product_cat?post=15531"},{"taxonomy":"product_tag","embeddable":true,"href":"https:\/\/esquell.eu\/fr\/wp-json\/wp\/v2\/product_tag?post=15531"}],"curies":[{"name":"wp","href":"https:\/\/api.w.org\/{rel}","templated":true}]}}