{"id":15519,"date":"2025-04-03T09:22:03","date_gmt":"2025-04-03T09:22:03","guid":{"rendered":"https:\/\/esquell.eu\/product\/jeu-de-limes-limes-diamant-10-pcs\/"},"modified":"2026-02-14T10:34:41","modified_gmt":"2026-02-14T10:34:41","slug":"jeu-de-limes-limes-diamant-10-pcs","status":"publish","type":"product","link":"https:\/\/esquell.eu\/fr\/produit\/jeu-de-limes-limes-diamant-10-pcs\/","title":{"rendered":"Jeu de limes \/ limes diamant 10 pcs."},"content":{"rendered":"<p>Jeu de 10 limes diamant\u00e9es diff\u00e9rentes de 140 mm de long.<\/p>\n<p>Pour le travail et la finition des m\u00e9taux (pr\u00e9cieux) et de la p\u00e2te \u00e0 modeler.<\/p>\n<p>Pour r\u00e9aliser des rainures et des trous, pour limer et tailler.<\/p>\n<p>Haute qualit\u00e9 pour un travail tr\u00e8s fin.<\/p>\n<p>Poign\u00e9es souples.<\/p>\n","protected":false},"excerpt":{"rendered":"<p>Jeu de 10 limes diamant\u00e9es diff\u00e9rentes de 140 mm de long.<\/p>\n<p>Pour le travail et la finition des m\u00e9taux (pr\u00e9cieux) et de la p\u00e2te \u00e0 modeler.<\/p>\n<p>Pour r\u00e9aliser des rainures et des trous, pour limer et tailler.<\/p>\n<p>Haute qualit\u00e9 pour un travail tr\u00e8s fin.<\/p>\n<p>Poign\u00e9es souples.<\/p>\n<p>&nbsp;<\/p>\n","protected":false},"featured_media":30215,"comment_status":"closed","ping_status":"closed","template":"","meta":{"_acf_changed":false,"_seopress_robots_primary_cat":"none","_seopress_titles_title":"","_seopress_titles_desc":"","_seopress_robots_index":""},"more":[],"product_brand":[6398],"product_cat":[6366],"product_tag":[22164,6388,6378,6390,6405,6372,9385,8240,14628,7640,22166,10192,14553,6855,6369,14625,22162,14554,14623,9105,6821,6399,15039,13253,7029,14621,10131,8301,10693,13707,8314,14627],"class_list":{"0":"post-15519","1":"product","2":"type-product","3":"status-publish","4":"has-post-thumbnail","6":"product_brand-l1","7":"product_cat-poncage-limage-et-polissage","8":"product_tag-10dlg","9":"product_tag-argile","10":"product_tag-argile-metallique","11":"product_tag-argile-metallique-2","12":"product_tag-artclay","13":"product_tag-bijoux","14":"product_tag-carre","15":"product_tag-construction-de-modeles","16":"product_tag-demi-cercle","17":"product_tag-diamant-2","18":"product_tag-en-fabriquant-des-sireads","19":"product_tag-fichiers","20":"product_tag-fichiers-2","21":"product_tag-fixer","22":"product_tag-largent","23":"product_tag-limes-a-aiguille","24":"product_tag-limes-a-aiguille-2","25":"product_tag-limes-diamantees","26":"product_tag-limes-diamantees-2","27":"product_tag-micro","28":"product_tag-mini","29":"product_tag-outil","30":"product_tag-outils-a-main","31":"product_tag-plat-3","32":"product_tag-pmc","33":"product_tag-pointe-2","34":"product_tag-precieux","35":"product_tag-precision","36":"product_tag-ronde","37":"product_tag-titane","38":"product_tag-travail-de-precision","39":"product_tag-triangulaire","40":"product_shipping_class-standard","42":"first","43":"instock","44":"taxable","45":"shipping-taxable","46":"purchasable","47":"product-type-simple"},"acf":[],"_links":{"self":[{"href":"https:\/\/esquell.eu\/fr\/wp-json\/wp\/v2\/product\/15519","targetHints":{"allow":["GET"]}}],"collection":[{"href":"https:\/\/esquell.eu\/fr\/wp-json\/wp\/v2\/product"}],"about":[{"href":"https:\/\/esquell.eu\/fr\/wp-json\/wp\/v2\/types\/product"}],"replies":[{"embeddable":true,"href":"https:\/\/esquell.eu\/fr\/wp-json\/wp\/v2\/comments?post=15519"}],"wp:featuredmedia":[{"embeddable":true,"href":"https:\/\/esquell.eu\/fr\/wp-json\/wp\/v2\/media\/30215"}],"wp:attachment":[{"href":"https:\/\/esquell.eu\/fr\/wp-json\/wp\/v2\/media?parent=15519"}],"wp:term":[{"taxonomy":"more","embeddable":true,"href":"https:\/\/esquell.eu\/fr\/wp-json\/wp\/v2\/more?post=15519"},{"taxonomy":"product_brand","embeddable":true,"href":"https:\/\/esquell.eu\/fr\/wp-json\/wp\/v2\/product_brand?post=15519"},{"taxonomy":"product_cat","embeddable":true,"href":"https:\/\/esquell.eu\/fr\/wp-json\/wp\/v2\/product_cat?post=15519"},{"taxonomy":"product_tag","embeddable":true,"href":"https:\/\/esquell.eu\/fr\/wp-json\/wp\/v2\/product_tag?post=15519"}],"curies":[{"name":"wp","href":"https:\/\/api.w.org\/{rel}","templated":true}]}}