{"id":15511,"date":"2025-04-03T09:22:03","date_gmt":"2025-04-03T09:22:03","guid":{"rendered":"https:\/\/esquell.eu\/product\/jeu-de-15-feuilles-de-papier-de-verre-a-sec-et-a-leau-grain-de-400-a-3000\/"},"modified":"2026-01-31T15:30:07","modified_gmt":"2026-01-31T15:30:07","slug":"jeu-de-15-feuilles-de-papier-de-verre-a-sec-et-a-leau-grain-de-400-a-3000","status":"publish","type":"product","link":"https:\/\/esquell.eu\/fr\/produit\/jeu-de-15-feuilles-de-papier-de-verre-a-sec-et-a-leau-grain-de-400-a-3000\/","title":{"rendered":"Jeu de 15 feuilles de papier de verre. A sec et \u00e0 l&rsquo;eau. Grain de 400 \u00e0 3000."},"content":{"rendered":"<p>Jeu de 15 feuilles<\/p>\n<p>(800 1000 1200 1500 2000 2500 2 pi\u00e8ces de chaque, 400 600 3000 1 pi\u00e8ce de chaque)<\/p>\n<p>Papier de verre humide et sec<\/p>\n<p>Pour le pon\u00e7age et le polissage des m\u00e9taux, de l&rsquo;\u00e9poxy, de l&rsquo;argile, de la r\u00e9sine, de la r\u00e9sine, etc.<\/p>\n<p>15 feuilles d&rsquo;environ 14*8 cm<\/p>\n","protected":false},"excerpt":{"rendered":"<p>Jeu de 15 feuilles<\/p>\n<p>(800 1000 1200 1500 2000 2500 2 pi\u00e8ces de chaque, 400 600 3000 1 pi\u00e8ce de chaque)<\/p>\n<p>Papier de verre humide et sec<\/p>\n<p>Pour le pon\u00e7age et le polissage des m\u00e9taux, de l&rsquo;\u00e9poxy, de l&rsquo;argile, de la r\u00e9sine, de la r\u00e9sine, etc.<\/p>\n<p>15 feuilles d&rsquo;environ 14*8 cm<\/p>\n","protected":false},"featured_media":4319,"comment_status":"closed","ping_status":"closed","template":"","meta":{"_acf_changed":false,"_seopress_robots_primary_cat":"none","_seopress_titles_title":"","_seopress_titles_desc":"","_seopress_robots_index":""},"more":[],"product_brand":[6398],"product_cat":[9873,6366],"product_tag":[6388,6741,6404,6378,6390,6405,6376,6393,6396,8238,6658,9797,7479,6401,6634,6559,6656,6400,11371,6816,6391,8861,8743,7774,9894],"class_list":{"0":"post-15511","1":"product","2":"type-product","3":"status-publish","4":"has-post-thumbnail","6":"product_brand-l1","7":"product_cat-led-et-resine-uv","8":"product_cat-poncage-limage-et-polissage","9":"product_tag-argile","10":"product_tag-argile-3","11":"product_tag-argile-argentee","12":"product_tag-argile-metallique","13":"product_tag-argile-metallique-2","14":"product_tag-artclay","15":"product_tag-artclaysilver","16":"product_tag-belgique","17":"product_tag-belgique-2","18":"product_tag-benelux","19":"product_tag-bijoux-en-argile","20":"product_tag-epoxy","21":"product_tag-france-2","22":"product_tag-france","23":"product_tag-largent-3","24":"product_tag-lignes-dartisanat","25":"product_tag-luxembourg-2","26":"product_tag-luxembourg","27":"product_tag-papier-de-verre","28":"product_tag-pate-polymere","29":"product_tag-pays-bas","30":"product_tag-polissage","31":"product_tag-poncage","32":"product_tag-resine","33":"product_tag-resine-2","34":"product_shipping_class-standard","36":"first","37":"instock","38":"taxable","39":"shipping-taxable","40":"purchasable","41":"product-type-simple"},"acf":[],"_links":{"self":[{"href":"https:\/\/esquell.eu\/fr\/wp-json\/wp\/v2\/product\/15511","targetHints":{"allow":["GET"]}}],"collection":[{"href":"https:\/\/esquell.eu\/fr\/wp-json\/wp\/v2\/product"}],"about":[{"href":"https:\/\/esquell.eu\/fr\/wp-json\/wp\/v2\/types\/product"}],"replies":[{"embeddable":true,"href":"https:\/\/esquell.eu\/fr\/wp-json\/wp\/v2\/comments?post=15511"}],"wp:featuredmedia":[{"embeddable":true,"href":"https:\/\/esquell.eu\/fr\/wp-json\/wp\/v2\/media\/4319"}],"wp:attachment":[{"href":"https:\/\/esquell.eu\/fr\/wp-json\/wp\/v2\/media?parent=15511"}],"wp:term":[{"taxonomy":"more","embeddable":true,"href":"https:\/\/esquell.eu\/fr\/wp-json\/wp\/v2\/more?post=15511"},{"taxonomy":"product_brand","embeddable":true,"href":"https:\/\/esquell.eu\/fr\/wp-json\/wp\/v2\/product_brand?post=15511"},{"taxonomy":"product_cat","embeddable":true,"href":"https:\/\/esquell.eu\/fr\/wp-json\/wp\/v2\/product_cat?post=15511"},{"taxonomy":"product_tag","embeddable":true,"href":"https:\/\/esquell.eu\/fr\/wp-json\/wp\/v2\/product_tag?post=15511"}],"curies":[{"name":"wp","href":"https:\/\/api.w.org\/{rel}","templated":true}]}}