{"id":15473,"date":"2025-04-03T09:22:03","date_gmt":"2025-04-03T09:22:03","guid":{"rendered":"https:\/\/esquell.eu\/product\/poudre-pour-le-nettoyage-des-billes-de-polissage-en-acier-inoxydable-f-1146\/"},"modified":"2025-04-03T09:22:03","modified_gmt":"2025-04-03T09:22:03","slug":"poudre-pour-le-nettoyage-des-billes-de-polissage-en-acier-inoxydable-f-1146","status":"publish","type":"product","link":"https:\/\/esquell.eu\/fr\/produit\/poudre-pour-le-nettoyage-des-billes-de-polissage-en-acier-inoxydable-f-1146\/","title":{"rendered":"Poudre pour le nettoyage des billes de polissage en acier inoxydable (F-1146)"},"content":{"rendered":"<p>Ajoutez une cuill\u00e8re \u00e0 caf\u00e9 de cette poudre aux grains de polissage et environ 200 ml d&rsquo;eau.<\/p>\n<p>Passez le tout dans le tambour de polissage pendant environ 20 \/ 30 minutes et les grains de polissage seront comme neufs.<\/p>\n<p>Contenu du sachet 20 grammes.<\/p>\n","protected":false},"excerpt":{"rendered":"<p>Ajoutez une cuill\u00e8re \u00e0 caf\u00e9 de cette poudre aux grains de polissage et environ 200 ml d&rsquo;eau.<\/p>\n<p>Passez le tout dans le tambour de polissage pendant environ 20 \/ 30 minutes et les grains de polissage seront comme neufs.<\/p>\n<p>Contenu du sachet 20 grammes.<\/p>\n","protected":false},"featured_media":7476,"comment_status":"closed","ping_status":"closed","template":"","meta":{"_acf_changed":false,"_seopress_robots_primary_cat":"none","_seopress_titles_title":"","_seopress_titles_desc":"","_seopress_robots_index":""},"more":[],"product_brand":[6382],"product_cat":[6366],"product_tag":[10091,6847,14567,6372,14559,6374,14561,14565,10144,8186,14563,14555,8861,13867,13907],"class_list":{"0":"post-15473","1":"product","2":"type-product","3":"status-publish","4":"has-post-thumbnail","6":"product_brand-acs","7":"product_cat-poncage-limage-et-polissage","8":"product_tag-acier-inoxydable-3","9":"product_tag-acier-inoxydable","10":"product_tag-balles-billes-de-polissage","11":"product_tag-bijoux","12":"product_tag-compose","13":"product_tag-faire","14":"product_tag-grains-de-polissage","15":"product_tag-nettoyage-3","16":"product_tag-nettoyage-2","17":"product_tag-nettoyage","18":"product_tag-nettoyeur-2","19":"product_tag-nettoyeur","20":"product_tag-polissage","21":"product_tag-tambour-de-polissage-2","22":"product_tag-tir","23":"product_shipping_class-standard","25":"first","26":"instock","27":"taxable","28":"shipping-taxable","29":"purchasable","30":"product-type-simple"},"acf":[],"_links":{"self":[{"href":"https:\/\/esquell.eu\/fr\/wp-json\/wp\/v2\/product\/15473","targetHints":{"allow":["GET"]}}],"collection":[{"href":"https:\/\/esquell.eu\/fr\/wp-json\/wp\/v2\/product"}],"about":[{"href":"https:\/\/esquell.eu\/fr\/wp-json\/wp\/v2\/types\/product"}],"replies":[{"embeddable":true,"href":"https:\/\/esquell.eu\/fr\/wp-json\/wp\/v2\/comments?post=15473"}],"wp:featuredmedia":[{"embeddable":true,"href":"https:\/\/esquell.eu\/fr\/wp-json\/wp\/v2\/media\/7476"}],"wp:attachment":[{"href":"https:\/\/esquell.eu\/fr\/wp-json\/wp\/v2\/media?parent=15473"}],"wp:term":[{"taxonomy":"more","embeddable":true,"href":"https:\/\/esquell.eu\/fr\/wp-json\/wp\/v2\/more?post=15473"},{"taxonomy":"product_brand","embeddable":true,"href":"https:\/\/esquell.eu\/fr\/wp-json\/wp\/v2\/product_brand?post=15473"},{"taxonomy":"product_cat","embeddable":true,"href":"https:\/\/esquell.eu\/fr\/wp-json\/wp\/v2\/product_cat?post=15473"},{"taxonomy":"product_tag","embeddable":true,"href":"https:\/\/esquell.eu\/fr\/wp-json\/wp\/v2\/product_tag?post=15473"}],"curies":[{"name":"wp","href":"https:\/\/api.w.org\/{rel}","templated":true}]}}