{"id":15461,"date":"2025-04-03T09:22:12","date_gmt":"2025-04-03T09:22:12","guid":{"rendered":"https:\/\/esquell.eu\/product\/plateau-de-poncage-diamant-grain-400-grain-600\/"},"modified":"2025-12-22T11:13:46","modified_gmt":"2025-12-22T11:13:46","slug":"plateau-de-poncage-diamant-grain-400-grain-600","status":"publish","type":"product","link":"https:\/\/esquell.eu\/fr\/produit\/plateau-de-poncage-diamant-grain-400-grain-600\/","title":{"rendered":"Plateau de pon\u00e7age Diamant (grain 400, grain 600)"},"content":{"rendered":"<p>Plateau de pon\u00e7age durable et pratique pour le pon\u00e7age de l&rsquo;argile et des m\u00e9taux s\u00e9ch\u00e9s.<\/p>\n<p>Brossez les r\u00e9sidus de m\u00e9tal ou d&rsquo;argile apr\u00e8s utilisation et le plateau pourra \u00eatre r\u00e9utilis\u00e9.<\/p>\n<p>Taille : 170mm x 75mm, et disponible en grain 400, et grain 600.<\/p>\n","protected":false},"excerpt":{"rendered":"<p>Plateau de pon\u00e7age durable et pratique pour le pon\u00e7age de l&rsquo;argile et des m\u00e9taux s\u00e9ch\u00e9s.<\/p>\n<p>Brossez les r\u00e9sidus de m\u00e9tal ou d&rsquo;argile apr\u00e8s utilisation et le plateau pourra \u00eatre r\u00e9utilis\u00e9.<\/p>\n<p>Taille : 170mm x 75mm, et disponible en grain 400, et grain 600.<\/p>\n<p>&nbsp;<\/p>\n","protected":false},"featured_media":26050,"comment_status":"closed","ping_status":"closed","template":"","meta":{"_acf_changed":false,"_seopress_robots_primary_cat":"none","_seopress_titles_title":"","_seopress_titles_desc":"","_seopress_robots_index":""},"more":[],"product_brand":[6398],"product_cat":[7504,10216,6366,6809],"product_tag":[16782,7640,8292,19997,7037,20003,14508,14505,14308,19998,6399,7405,14501,20006,19991,21858,20005,11078,19895,20001,8743,19999,21859,8248,14499,19990,19993,19995,14503],"class_list":{"0":"post-15461","1":"product","2":"type-product","3":"status-publish","4":"has-post-thumbnail","6":"product_brand-l1","7":"product_cat-argile","8":"product_cat-metal","9":"product_cat-poncage-limage-et-polissage","10":"product_cat-vente","11":"product_tag-assiette-2","12":"product_tag-diamant-2","13":"product_tag-diamant-3","14":"product_tag-diamantplatte","15":"product_tag-durable","16":"product_tag-durable-4","17":"product_tag-etable","18":"product_tag-handlich","19":"product_tag-image-2","20":"product_tag-langlebig","21":"product_tag-outil","22":"product_tag-outil-2","23":"product_tag-outil-3","24":"product_tag-plaque-3","25":"product_tag-plaque-de-diamant","26":"product_tag-plaque-de-diamant-2","27":"product_tag-plaque-de-poncage","28":"product_tag-plat-2","29":"product_tag-plateau-de-poncage","30":"product_tag-plateau-de-poncage-2","31":"product_tag-poncage","32":"product_tag-poncage-2","33":"product_tag-poncage-3","34":"product_tag-pratique","35":"product_tag-pratique-3","36":"product_tag-pratique-4","37":"product_tag-schleifen","38":"product_tag-schleifplatte","39":"product_tag-werkzeug","40":"product_shipping_class-standard","41":"pa_korrel-grain-400","42":"pa_korrel-grain-600","44":"first","45":"instock","46":"sale","47":"taxable","48":"shipping-taxable","49":"purchasable","50":"product-type-variable"},"acf":[],"_links":{"self":[{"href":"https:\/\/esquell.eu\/fr\/wp-json\/wp\/v2\/product\/15461","targetHints":{"allow":["GET"]}}],"collection":[{"href":"https:\/\/esquell.eu\/fr\/wp-json\/wp\/v2\/product"}],"about":[{"href":"https:\/\/esquell.eu\/fr\/wp-json\/wp\/v2\/types\/product"}],"replies":[{"embeddable":true,"href":"https:\/\/esquell.eu\/fr\/wp-json\/wp\/v2\/comments?post=15461"}],"wp:featuredmedia":[{"embeddable":true,"href":"https:\/\/esquell.eu\/fr\/wp-json\/wp\/v2\/media\/26050"}],"wp:attachment":[{"href":"https:\/\/esquell.eu\/fr\/wp-json\/wp\/v2\/media?parent=15461"}],"wp:term":[{"taxonomy":"more","embeddable":true,"href":"https:\/\/esquell.eu\/fr\/wp-json\/wp\/v2\/more?post=15461"},{"taxonomy":"product_brand","embeddable":true,"href":"https:\/\/esquell.eu\/fr\/wp-json\/wp\/v2\/product_brand?post=15461"},{"taxonomy":"product_cat","embeddable":true,"href":"https:\/\/esquell.eu\/fr\/wp-json\/wp\/v2\/product_cat?post=15461"},{"taxonomy":"product_tag","embeddable":true,"href":"https:\/\/esquell.eu\/fr\/wp-json\/wp\/v2\/product_tag?post=15461"}],"curies":[{"name":"wp","href":"https:\/\/api.w.org\/{rel}","templated":true}]}}