{"id":15459,"date":"2025-04-03T09:22:03","date_gmt":"2025-04-03T09:22:03","guid":{"rendered":"https:\/\/esquell.eu\/product\/jeu-de-6-brosses-metalliques-pour-dremel-ou-autres-outils-multiples\/"},"modified":"2025-11-08T12:59:21","modified_gmt":"2025-11-08T12:59:21","slug":"jeu-de-6-brosses-metalliques-pour-dremel-ou-autres-outils-multiples","status":"publish","type":"product","link":"https:\/\/esquell.eu\/fr\/produit\/jeu-de-6-brosses-metalliques-pour-dremel-ou-autres-outils-multiples\/","title":{"rendered":"Jeu de 6 brosses m\u00e9talliques pour Dremel ou autres outils multiples"},"content":{"rendered":"<p>Ce set de 6 mini brosses m\u00e9talliques peut \u00eatre utilis\u00e9 pour poncer, brosser, \u00e9bavurer et d\u00e9soxyder des objets.<\/p>\n<p>Tige 3mm<br \/>\nLe set comprend 2x 3 formes diff\u00e9rentes de brosses (parapluie, cylindre et disque).<\/p>\n<p>Tr\u00e8s appropri\u00e9 pour enlever la couche d&rsquo;oxydation blanche de l&rsquo;arguile d&rsquo;argent cuite et l&rsquo;oxydation de l&rsquo;argile cuivr\u00e9e cuite et de l&rsquo;argile de bronze, m\u00eame dans les endroits difficiles d&rsquo;acc\u00e8s la couche d&rsquo;oxydation dispara\u00eet tr\u00e8s facilement avec ces outils.<\/p>\n","protected":false},"excerpt":{"rendered":"<p>Ce set de 6 mini brosses m\u00e9talliques peut \u00eatre utilis\u00e9 pour poncer, brosser, \u00e9bavurer et d\u00e9soxyder des objets.<\/p>\n<p>Tige 3mm<br \/>\nLe set comprend 2x 3 formes diff\u00e9rentes de brosses (parapluie, cylindre et disque).<\/p>\n<p>Tr\u00e8s appropri\u00e9 pour enlever la couche d&rsquo;oxydation blanche de l&rsquo;arguile d&rsquo;argent cuite et l&rsquo;oxydation de l&rsquo;argile cuivr\u00e9e cuite et de l&rsquo;argile de bronze, m\u00eame dans les endroits difficiles d&rsquo;acc\u00e8s la couche d&rsquo;oxydation dispara\u00eet tr\u00e8s facilement avec ces outils.<\/p>\n<p>&nbsp;<\/p>\n","protected":false},"featured_media":7481,"comment_status":"closed","ping_status":"closed","template":"","meta":{"_acf_changed":false,"_seopress_robots_primary_cat":"none","_seopress_titles_title":"","_seopress_titles_desc":"","_seopress_robots_index":""},"more":[],"product_brand":[6398],"product_cat":[6366],"product_tag":[6645,8192,8048,14515,14492,7675,8284,6646,6397,14502,7339,6404,6406,6420,7028,6390,6376,6393,6372,6642,6522,9795,8298,6958,6389,6409,10294,14523,6649,8282,6706,8224,8424,14513,6395,14504,14458,14511,14494,6532,14509,6647,6724,8289,9329,7677,6374,6798,11839,7679,21346,8241,6801,9016,14490,13866,21351,8705,21350,7851,13260,6821,14520,14500,14517,7313,6643,14493,21352,14506,21344,6726,19827,21353,10145,6391,6966,8861,10199,8743,10333,10148,14496,13689,14495,6805,21348,6803,6408,6807],"class_list":{"0":"post-15459","1":"product","2":"type-product","3":"status-publish","4":"has-post-thumbnail","6":"product_brand-l1","7":"product_cat-poncage-limage-et-polissage","8":"product_tag-a","9":"product_tag-a-4","10":"product_tag-a-vendre","11":"product_tag-accessoire","12":"product_tag-accessoires","13":"product_tag-achats","14":"product_tag-achats-3","15":"product_tag-acheter","16":"product_tag-allemagne","17":"product_tag-arbre-2","18":"product_tag-argent-malleable","19":"product_tag-argile-argentee","20":"product_tag-argile-aurifere","21":"product_tag-argile-bronze","22":"product_tag-argile-cuivreuse","23":"product_tag-argile-metallique-2","24":"product_tag-artclaysilver","25":"product_tag-belgique","26":"product_tag-bijoux","27":"product_tag-bijoux-2","28":"product_tag-blanc","29":"product_tag-bloc-de-metal","30":"product_tag-bonjour","31":"product_tag-boutique","32":"product_tag-boutique-en-ligne","33":"product_tag-bricolage","34":"product_tag-brillant-3","35":"product_tag-brosses-de-polissage","36":"product_tag-commande","37":"product_tag-comment","38":"product_tag-commerce-de-gros","39":"product_tag-conseils","40":"product_tag-cooltools","41":"product_tag-couche-doxydation","42":"product_tag-deutsland","43":"product_tag-diametre","44":"product_tag-dremel","45":"product_tag-ebavurage","46":"product_tag-eld-forge","47":"product_tag-electrique","48":"product_tag-electrique-2","49":"product_tag-en-ligne","50":"product_tag-envoyer","51":"product_tag-explication","52":"product_tag-fabrication-de-bijoux","53":"product_tag-fabrication-de-bijoux-par-soi-meme","54":"product_tag-faire","55":"product_tag-faire-2","56":"product_tag-finition-2","57":"product_tag-google","58":"product_tag-grations","59":"product_tag-hobby","60":"product_tag-il","61":"product_tag-journees-de-largile","62":"product_tag-lisse-2","63":"product_tag-machine-a-polir","64":"product_tag-machine-a-poncer","65":"product_tag-magasin-de-loisirs","66":"product_tag-maison-2","67":"product_tag-manuel","68":"product_tag-metallurgie-2","69":"product_tag-mini","70":"product_tag-mini-brosse","71":"product_tag-minitool","72":"product_tag-mulitool","73":"product_tag-orfevre-2","74":"product_tag-ou","75":"product_tag-outil-de-polissage","76":"product_tag-outil-de-poncage","77":"product_tag-outil-rotatif","78":"product_tag-outil-rotatif-2","79":"product_tag-outils-2","80":"product_tag-outils-de-poncage","81":"product_tag-outils-pour-largenterie","82":"product_tag-oxydation","83":"product_tag-pays-bas","84":"product_tag-perles-2","85":"product_tag-polissage","86":"product_tag-polissage-du-miroir","87":"product_tag-poncage","88":"product_tag-prive","89":"product_tag-rapide","90":"product_tag-rechargeable-3","91":"product_tag-resultat","92":"product_tag-sans-fil","93":"product_tag-soi","94":"product_tag-voglende","95":"product_tag-votre","96":"product_tag-vous","97":"product_tag-vous-2","98":"product_shipping_class-standard","100":"first","101":"instock","102":"taxable","103":"shipping-taxable","104":"purchasable","105":"product-type-simple"},"acf":[],"_links":{"self":[{"href":"https:\/\/esquell.eu\/fr\/wp-json\/wp\/v2\/product\/15459","targetHints":{"allow":["GET"]}}],"collection":[{"href":"https:\/\/esquell.eu\/fr\/wp-json\/wp\/v2\/product"}],"about":[{"href":"https:\/\/esquell.eu\/fr\/wp-json\/wp\/v2\/types\/product"}],"replies":[{"embeddable":true,"href":"https:\/\/esquell.eu\/fr\/wp-json\/wp\/v2\/comments?post=15459"}],"wp:featuredmedia":[{"embeddable":true,"href":"https:\/\/esquell.eu\/fr\/wp-json\/wp\/v2\/media\/7481"}],"wp:attachment":[{"href":"https:\/\/esquell.eu\/fr\/wp-json\/wp\/v2\/media?parent=15459"}],"wp:term":[{"taxonomy":"more","embeddable":true,"href":"https:\/\/esquell.eu\/fr\/wp-json\/wp\/v2\/more?post=15459"},{"taxonomy":"product_brand","embeddable":true,"href":"https:\/\/esquell.eu\/fr\/wp-json\/wp\/v2\/product_brand?post=15459"},{"taxonomy":"product_cat","embeddable":true,"href":"https:\/\/esquell.eu\/fr\/wp-json\/wp\/v2\/product_cat?post=15459"},{"taxonomy":"product_tag","embeddable":true,"href":"https:\/\/esquell.eu\/fr\/wp-json\/wp\/v2\/product_tag?post=15459"}],"curies":[{"name":"wp","href":"https:\/\/api.w.org\/{rel}","templated":true}]}}