{"id":15401,"date":"2025-04-03T09:14:06","date_gmt":"2025-04-03T09:14:06","guid":{"rendered":"https:\/\/esquell.eu\/product\/fil-dargent-925-argent-rond\/"},"modified":"2026-01-10T17:09:34","modified_gmt":"2026-01-10T17:09:34","slug":"fil-dargent-925-argent-rond","status":"publish","type":"product","link":"https:\/\/esquell.eu\/fr\/produit\/fil-dargent-925-argent-rond\/","title":{"rendered":"Fil d&rsquo;argent 925 argent rond."},"content":{"rendered":"<p>Fil d&rsquo;argent 925 en argent sterling rond. Diff\u00e9rentes \u00e9paisseurs \/ diam\u00e8tres <\/p>\n<p>1\u00e8re ann\u00e9e d&rsquo;argent.<\/p>\n<p><strong>La longueur command\u00e9e sera livr\u00e9e en une seule pi\u00e8ce dans la mesure du possible.<br \/>\nS&rsquo;il est imp\u00e9ratif que la livraison se fasse en une seule pi\u00e8ce, veuillez l&rsquo;indiquer dans le champ commentaires lors de la commande.<\/strong><br \/>\n<strong>S&rsquo;il n&rsquo;y a pas assez de produits en stock, veuillez envoyer un courriel \u00e0 info@esquell.eu. Nous pourrons alors le commander pour vous. <\/strong><\/p>\n<p>&nbsp;<\/p>\n","protected":false},"excerpt":{"rendered":"<p>Fil d&rsquo;argent 925 argent rond.<br \/>\n1st grade silver<\/p>\n","protected":false},"featured_media":21746,"comment_status":"closed","ping_status":"closed","template":"","meta":{"_acf_changed":false,"_seopress_robots_primary_cat":"none","_seopress_titles_title":"","_seopress_titles_desc":"","_seopress_robots_index":""},"more":[],"product_brand":[6363],"product_cat":[12387],"product_tag":[11988,14400,9296,9299,9303,7664,12038,6791,12533,12046,6470,6476,6645,8048,13154,6646,6939,6397,6960,7016,7098,6638,6404,6405,9668,16968,6393,6372,10347,16969,6641,6958,8735,6389,6796,9402,16967,17373,21915,6792,8368,6409,8358,9385,7817,6649,11342,13869,6655,6647,11495,6374,6798,12449,8507,12392,12427,11027,6635,11840,6653,8864,6651,12485,6801,8722,6369,6634,7681,6640,11024,6708,6759,7031,14028,16975,7313,10082,12774,6652,7353,6643,7405,6636,12000,6391,6774,7092,6644,8028,12633,16966,16970,6922,6954,16973,6778,15944,16971,6407,6805,6964,6919,16977,6803,6408,6807,6776],"class_list":{"0":"post-15401","1":"product","2":"type-product","3":"status-publish","4":"has-post-thumbnail","6":"product_brand-bm","7":"product_cat-fil-dargent-925","8":"product_tag-11988","9":"product_tag-1er","10":"product_tag-9296","11":"product_tag-9299","12":"product_tag-9303","13":"product_tag-7664","14":"product_tag-12038","15":"product_tag-6791","16":"product_tag-12533","17":"product_tag-12046","18":"product_tag-6470","19":"product_tag-6476","20":"product_tag-a","21":"product_tag-a-vendre","22":"product_tag-a-vendre-3","23":"product_tag-acheter","24":"product_tag-acheter-2","25":"product_tag-allemagne","26":"product_tag-amende","27":"product_tag-amende-2","28":"product_tag-anneau","29":"product_tag-anneaux","30":"product_tag-argile-argentee","31":"product_tag-artclay","32":"product_tag-autour-de","33":"product_tag-bande-de-roulement","34":"product_tag-belgique","35":"product_tag-bijoux","36":"product_tag-bijoux-en-fil-de-fer","37":"product_tag-bijoux-mercerie-3","38":"product_tag-boucles-doreilles","39":"product_tag-boutique","40":"product_tag-boutique-2","41":"product_tag-boutique-en-ligne","42":"product_tag-boutique-en-ligne-2","43":"product_tag-boutique-en-ligne-4","44":"product_tag-boutique-en-ligne-8","45":"product_tag-boutique-en-ligne-9","46":"product_tag-boutique-en-ligne-10","47":"product_tag-bracelet","48":"product_tag-brachelet","49":"product_tag-bricolage","50":"product_tag-broche-2","51":"product_tag-carre","52":"product_tag-clous-doreilles","53":"product_tag-commande","54":"product_tag-contenu-2","55":"product_tag-danemark","56":"product_tag-drenthe","57":"product_tag-en-ligne","58":"product_tag-epais","59":"product_tag-faire","60":"product_tag-faire-2","61":"product_tag-fil-dargent","62":"product_tag-fil-de-fer","63":"product_tag-fil-de-fer-2","64":"product_tag-fil-metallique","65":"product_tag-forgeage","66":"product_tag-fournitures","67":"product_tag-fournitures-pour-bijoux-4","68":"product_tag-frise","69":"product_tag-goujons","70":"product_tag-groningue","71":"product_tag-hemisphere","72":"product_tag-il","73":"product_tag-internet","74":"product_tag-largent","75":"product_tag-largent-3","76":"product_tag-magasin-de-perles","77":"product_tag-maison","78":"product_tag-materiaux","79":"product_tag-mercerie","80":"product_tag-metal","81":"product_tag-metal-2","82":"product_tag-moyenne","83":"product_tag-norvege","84":"product_tag-orfevre-2","85":"product_tag-orfevre-3","86":"product_tag-orfevre-6","87":"product_tag-orfevres","88":"product_tag-orfevres-3","89":"product_tag-ou","90":"product_tag-outil-2","91":"product_tag-outils","92":"product_tag-ovale-2","93":"product_tag-pays-bas","94":"product_tag-pendentif","95":"product_tag-pendentif-2","96":"product_tag-pieces","97":"product_tag-pieces-de-bijouterie","98":"product_tag-pieces-de-bijouterie-3","99":"product_tag-pinces-3","100":"product_tag-plus-epais","101":"product_tag-pur","102":"product_tag-pur-2","103":"product_tag-rectangulaire-3","104":"product_tag-reel","105":"product_tag-reel-2","106":"product_tag-robuste-2","107":"product_tag-silverclay-co-uk","108":"product_tag-soi","109":"product_tag-sollid","110":"product_tag-sterling","111":"product_tag-suede","112":"product_tag-votre","113":"product_tag-vous","114":"product_tag-vous-2","115":"product_tag-vraiment","116":"product_shipping_class-standard","117":"pa_doorsnede-02mm","118":"pa_doorsnede-03mm","119":"pa_doorsnede-04mm","120":"pa_doorsnede-05mm","121":"pa_doorsnede-06mm","122":"pa_doorsnede-07mm","123":"pa_doorsnede-08mm","124":"pa_doorsnede-09mm","125":"pa_doorsnede-10mm-2","126":"pa_doorsnede-12mm-2","127":"pa_doorsnede-15-mm","128":"pa_doorsnede-18-mm","129":"pa_doorsnede-20-mm-2","130":"pa_doorsnede-25-mm","131":"pa_doorsnede-30-mm","133":"first","134":"instock","135":"taxable","136":"shipping-taxable","137":"purchasable","138":"product-type-variable"},"acf":[],"_links":{"self":[{"href":"https:\/\/esquell.eu\/fr\/wp-json\/wp\/v2\/product\/15401","targetHints":{"allow":["GET"]}}],"collection":[{"href":"https:\/\/esquell.eu\/fr\/wp-json\/wp\/v2\/product"}],"about":[{"href":"https:\/\/esquell.eu\/fr\/wp-json\/wp\/v2\/types\/product"}],"replies":[{"embeddable":true,"href":"https:\/\/esquell.eu\/fr\/wp-json\/wp\/v2\/comments?post=15401"}],"wp:featuredmedia":[{"embeddable":true,"href":"https:\/\/esquell.eu\/fr\/wp-json\/wp\/v2\/media\/21746"}],"wp:attachment":[{"href":"https:\/\/esquell.eu\/fr\/wp-json\/wp\/v2\/media?parent=15401"}],"wp:term":[{"taxonomy":"more","embeddable":true,"href":"https:\/\/esquell.eu\/fr\/wp-json\/wp\/v2\/more?post=15401"},{"taxonomy":"product_brand","embeddable":true,"href":"https:\/\/esquell.eu\/fr\/wp-json\/wp\/v2\/product_brand?post=15401"},{"taxonomy":"product_cat","embeddable":true,"href":"https:\/\/esquell.eu\/fr\/wp-json\/wp\/v2\/product_cat?post=15401"},{"taxonomy":"product_tag","embeddable":true,"href":"https:\/\/esquell.eu\/fr\/wp-json\/wp\/v2\/product_tag?post=15401"}],"curies":[{"name":"wp","href":"https:\/\/api.w.org\/{rel}","templated":true}]}}