{"id":15394,"date":"2025-04-03T09:14:06","date_gmt":"2025-04-03T09:14:06","guid":{"rendered":"https:\/\/esquell.eu\/product\/fil-dargent-925-fil-de-perle-diametre-2-mm-achat-et-prix-par-20-cm\/"},"modified":"2026-01-10T17:08:48","modified_gmt":"2026-01-10T17:08:48","slug":"fil-dargent-925-fil-de-perle-diametre-2-mm-achat-et-prix-par-20-cm","status":"publish","type":"product","link":"https:\/\/esquell.eu\/fr\/produit\/fil-dargent-925-fil-de-perle-diametre-2-mm-achat-et-prix-par-20-cm\/","title":{"rendered":"Fil d&rsquo;argent 925 fil de perle. diam\u00e8tre 2 mm achat et prix par 20 cm"},"content":{"rendered":"<p>Fil perl\u00e9 en argent 925, argent de premi\u00e8re qualit\u00e9. Diam\u00e8tre 2mm <\/p>\n<p>La longueur command\u00e9e sera livr\u00e9e, dans la mesure du possible, \u00e0 1 longueur.<br \/>\nSi 1 longueur est vraiment une exigence, veuillez l&rsquo;indiquer dans le champ commentaires lors de la commande.<\/p>\n<p>Vous n&rsquo;avez pas assez de produits en stock ? Envoyez un e-mail \u00e0 info@esquell.eu et nous vous le commanderons si possible. <\/p>\n","protected":false},"excerpt":{"rendered":"<p>Fil perl\u00e9 en argent 925, argent de premi\u00e8re qualit\u00e9. Diam\u00e8tre 2mm <\/p>\n<p>&nbsp;<\/p>\n<p>La longueur command\u00e9e sera livr\u00e9e, dans la mesure du possible, \u00e0 1 longueur.<br \/>\nSi 1 longueur est vraiment une exigence, veuillez l&rsquo;indiquer dans le champ commentaires lors de la commande.<\/p>\n<p>&nbsp;<\/p>\n<p>Vous n&rsquo;avez pas assez de produits en stock ? Envoyez un e-mail \u00e0 info@esquell et nous le commanderons si possible pour vous. <\/p>\n<p>&nbsp;<\/p>\n<p>&nbsp;<\/p>\n","protected":false},"featured_media":15395,"comment_status":"closed","ping_status":"closed","template":"","meta":{"_acf_changed":false,"_seopress_robots_primary_cat":"none","_seopress_titles_title":"","_seopress_titles_desc":"","_seopress_robots_index":""},"more":[],"product_brand":[6363],"product_cat":[12387],"product_tag":[14400,6470,6476,6645,7675,7760,8284,6646,6939,7016,6923,7098,6638,14405,14404,6931,6404,6378,14399,6393,6372,6718,12446,6402,12632,6389,6796,6409,6935,6649,11342,6655,6647,14406,14407,6374,6798,11132,12449,14401,8507,14403,12427,14402,21479,6635,10299,6653,6933,7679,6651,6659,6801,6369,6550,6634,6930,7026,7030,7768,6789,7681,6640,6708,6661,7313,6652,6643,6657,6391,6665,14398,6966,6644,12633,12003,6922,6751,6925,6407,6805,6663,6787,7102,6803,6408,6807,6776,6667,7032],"class_list":{"0":"post-15394","1":"product","2":"type-product","3":"status-publish","4":"has-post-thumbnail","6":"product_brand-bm","7":"product_cat-fil-dargent-925","8":"product_tag-1er","9":"product_tag-6470","10":"product_tag-6476","11":"product_tag-a","12":"product_tag-achats","13":"product_tag-achats-2","14":"product_tag-achats-3","15":"product_tag-acheter","16":"product_tag-acheter-2","17":"product_tag-amende-2","18":"product_tag-amsterdam","19":"product_tag-anneau","20":"product_tag-anneaux","21":"product_tag-anneaux-rotatifs","22":"product_tag-anneaux-tournants","23":"product_tag-anvers","24":"product_tag-argile-argentee","25":"product_tag-argile-metallique","26":"product_tag-bandeau","27":"product_tag-belgique","28":"product_tag-bijoux","29":"product_tag-bijoux-3","30":"product_tag-bijoux-mercerie","31":"product_tag-bon-marche","32":"product_tag-boutique-3","33":"product_tag-boutique-en-ligne","34":"product_tag-boutique-en-ligne-2","35":"product_tag-bricolage","36":"product_tag-bruxelles","37":"product_tag-commande","38":"product_tag-contenu-2","39":"product_tag-drenthe","40":"product_tag-en-ligne","41":"product_tag-fabriquez-vos-propres-bagues","42":"product_tag-fabriquez-votre-propre-bague","43":"product_tag-faire","44":"product_tag-faire-2","45":"product_tag-ferronnier-dart","46":"product_tag-fil-dargent","47":"product_tag-fil-dargent-3","48":"product_tag-fil-de-fer","49":"product_tag-fil-de-perle","50":"product_tag-fil-metallique","51":"product_tag-fil-perle","52":"product_tag-fil-perle-2","53":"product_tag-fournitures","54":"product_tag-fournitures-pour-bijoux-2","55":"product_tag-frise","56":"product_tag-gentilhomme","57":"product_tag-google","58":"product_tag-groningue","59":"product_tag-gueldre","60":"product_tag-il","61":"product_tag-largent","62":"product_tag-largent-2","63":"product_tag-largent-3","64":"product_tag-leeuwarden","65":"product_tag-lelystad","66":"product_tag-liege","67":"product_tag-liege-2","68":"product_tag-limbourg","69":"product_tag-magasin-de-perles","70":"product_tag-maison","71":"product_tag-mercerie","72":"product_tag-nord","73":"product_tag-orfevre-2","74":"product_tag-orfevres","75":"product_tag-ou","76":"product_tag-overijssel","77":"product_tag-pays-bas","78":"product_tag-pays-bas-2","79":"product_tag-perle-4","80":"product_tag-perles-2","81":"product_tag-pieces","82":"product_tag-pieces-de-bijouterie-3","83":"product_tag-plaque-argent-2","84":"product_tag-pur","85":"product_tag-reduction","86":"product_tag-rotterdam","87":"product_tag-silverclay-co-uk","88":"product_tag-soi","89":"product_tag-sud","90":"product_tag-utrecht","91":"product_tag-vasieres","92":"product_tag-votre","93":"product_tag-vous","94":"product_tag-vous-2","95":"product_tag-vraiment","96":"product_tag-zelande","97":"product_tag-zwolle","98":"product_shipping_class-standard","100":"first","101":"instock","102":"taxable","103":"shipping-taxable","104":"purchasable","105":"product-type-simple"},"acf":[],"_links":{"self":[{"href":"https:\/\/esquell.eu\/fr\/wp-json\/wp\/v2\/product\/15394","targetHints":{"allow":["GET"]}}],"collection":[{"href":"https:\/\/esquell.eu\/fr\/wp-json\/wp\/v2\/product"}],"about":[{"href":"https:\/\/esquell.eu\/fr\/wp-json\/wp\/v2\/types\/product"}],"replies":[{"embeddable":true,"href":"https:\/\/esquell.eu\/fr\/wp-json\/wp\/v2\/comments?post=15394"}],"wp:featuredmedia":[{"embeddable":true,"href":"https:\/\/esquell.eu\/fr\/wp-json\/wp\/v2\/media\/15395"}],"wp:attachment":[{"href":"https:\/\/esquell.eu\/fr\/wp-json\/wp\/v2\/media?parent=15394"}],"wp:term":[{"taxonomy":"more","embeddable":true,"href":"https:\/\/esquell.eu\/fr\/wp-json\/wp\/v2\/more?post=15394"},{"taxonomy":"product_brand","embeddable":true,"href":"https:\/\/esquell.eu\/fr\/wp-json\/wp\/v2\/product_brand?post=15394"},{"taxonomy":"product_cat","embeddable":true,"href":"https:\/\/esquell.eu\/fr\/wp-json\/wp\/v2\/product_cat?post=15394"},{"taxonomy":"product_tag","embeddable":true,"href":"https:\/\/esquell.eu\/fr\/wp-json\/wp\/v2\/product_tag?post=15394"}],"curies":[{"name":"wp","href":"https:\/\/api.w.org\/{rel}","templated":true}]}}