{"id":15355,"date":"2025-04-03T09:14:17","date_gmt":"2025-04-03T09:14:17","guid":{"rendered":"https:\/\/esquell.eu\/product\/fil-a-piquer-argent-4mm-ou-6mm-de-large-0-2mm-depaisseur-50cm-de-long-fil-a-piquer-plat-999\/"},"modified":"2026-02-14T10:28:40","modified_gmt":"2026-02-14T10:28:40","slug":"fil-a-piquer-argent-4mm-ou-6mm-de-large-0-2mm-depaisseur-50cm-de-long-fil-a-piquer-plat-999","status":"publish","type":"product","link":"https:\/\/esquell.eu\/fr\/produit\/fil-a-piquer-argent-4mm-ou-6mm-de-large-0-2mm-depaisseur-50cm-de-long-fil-a-piquer-plat-999\/","title":{"rendered":"Fil \u00e0 piquer Argent 4mm ou 6mm de large, 0.2mm d&rsquo;\u00e9paisseur, 50cm de long Fil \u00e0 piquer plat 999"},"content":{"rendered":"<p>Fil \u00e0 sertir plat en argent fin 999. Large<br \/>\nPour la fabrication de bo\u00eetes \u00e0 sertir. bo\u00eetes \u00e0 sertir pour l&rsquo;orf\u00e8vrerie et la fabrication de bijoux en argile<br \/>\n6mm de large, 0.2mm d&rsquo;\u00e9paisseur, 50cm de long.  <\/p>\n","protected":false},"excerpt":{"rendered":"<p>999 Fil \u00e0 sertir plat en argent fin.<br \/>\nPour la fabrication d&rsquo;\u00e9tuis \u00e0 sertir.<br \/>\n6mm de large, 0.2mm d&rsquo;\u00e9paisseur, 50cm de long.<\/p>\n","protected":false},"featured_media":15357,"comment_status":"closed","ping_status":"closed","template":"","meta":{"_acf_changed":false,"_seopress_robots_primary_cat":"none","_seopress_titles_title":"","_seopress_titles_desc":"","_seopress_robots_index":""},"more":[],"product_brand":[6382],"product_cat":[12636,10990],"product_tag":[6470,6476,6645,7675,8284,6646,6939,6386,7016,6378,6405,6393,6372,6480,6409,6649,6647,6374,8507,12392,14377,12390,6401,7479,6481,6369,6634,6559,6478,6400,6656,7398,7820,6652,6643,6391,6428,6483,7602,7420,7426,8351,6407,6919,6408,7414,6482],"class_list":{"0":"post-15355","1":"product","2":"type-product","3":"status-publish","4":"has-post-thumbnail","6":"product_brand-acs","7":"product_cat-fil-dargent-999","8":"product_cat-reglements-et-chatons","9":"product_tag-6470","10":"product_tag-6476","11":"product_tag-a","12":"product_tag-achats","13":"product_tag-achats-3","14":"product_tag-acheter","15":"product_tag-acheter-2","16":"product_tag-aida","17":"product_tag-amende-2","18":"product_tag-argile-metallique","19":"product_tag-artclay","20":"product_tag-belgique","21":"product_tag-bijoux","22":"product_tag-boites-de-composition","23":"product_tag-bricolage","24":"product_tag-commande","25":"product_tag-en-ligne","26":"product_tag-faire","27":"product_tag-fil-de-fer","28":"product_tag-fil-de-fer-2","29":"product_tag-fil-de-la-lunette","30":"product_tag-fil-de-reglage","31":"product_tag-france","32":"product_tag-france-2","33":"product_tag-galets","34":"product_tag-largent","35":"product_tag-largent-3","36":"product_tag-lignes-dartisanat","37":"product_tag-lunette","38":"product_tag-luxembourg","39":"product_tag-luxembourg-2","40":"product_tag-mettre","41":"product_tag-mettre-2","42":"product_tag-orfevres","43":"product_tag-ou","44":"product_tag-pays-bas","45":"product_tag-pierre","46":"product_tag-pierre-naturelle","47":"product_tag-pierres-precieuses","48":"product_tag-plateau-de-brassage","49":"product_tag-reglage","50":"product_tag-reglage-2","51":"product_tag-silverclay-co-uk","52":"product_tag-sterling","53":"product_tag-vous","54":"product_tag-zetkast","55":"product_tag-zircone","56":"product_shipping_class-standard","58":"first","59":"instock","60":"taxable","61":"shipping-taxable","62":"purchasable","63":"product-type-variable"},"acf":[],"_links":{"self":[{"href":"https:\/\/esquell.eu\/fr\/wp-json\/wp\/v2\/product\/15355","targetHints":{"allow":["GET"]}}],"collection":[{"href":"https:\/\/esquell.eu\/fr\/wp-json\/wp\/v2\/product"}],"about":[{"href":"https:\/\/esquell.eu\/fr\/wp-json\/wp\/v2\/types\/product"}],"replies":[{"embeddable":true,"href":"https:\/\/esquell.eu\/fr\/wp-json\/wp\/v2\/comments?post=15355"}],"wp:featuredmedia":[{"embeddable":true,"href":"https:\/\/esquell.eu\/fr\/wp-json\/wp\/v2\/media\/15357"}],"wp:attachment":[{"href":"https:\/\/esquell.eu\/fr\/wp-json\/wp\/v2\/media?parent=15355"}],"wp:term":[{"taxonomy":"more","embeddable":true,"href":"https:\/\/esquell.eu\/fr\/wp-json\/wp\/v2\/more?post=15355"},{"taxonomy":"product_brand","embeddable":true,"href":"https:\/\/esquell.eu\/fr\/wp-json\/wp\/v2\/product_brand?post=15355"},{"taxonomy":"product_cat","embeddable":true,"href":"https:\/\/esquell.eu\/fr\/wp-json\/wp\/v2\/product_cat?post=15355"},{"taxonomy":"product_tag","embeddable":true,"href":"https:\/\/esquell.eu\/fr\/wp-json\/wp\/v2\/product_tag?post=15355"}],"curies":[{"name":"wp","href":"https:\/\/api.w.org\/{rel}","templated":true}]}}