{"id":15325,"date":"2025-04-03T09:14:30","date_gmt":"2025-04-03T09:14:30","guid":{"rendered":"https:\/\/esquell.eu\/product\/caille-taille-5-13-5-mm-argent\/"},"modified":"2025-04-03T09:14:30","modified_gmt":"2025-04-03T09:14:30","slug":"caille-taille-5-13-5-mm-argent","status":"publish","type":"product","link":"https:\/\/esquell.eu\/fr\/produit\/caille-taille-5-13-5-mm-argent\/","title":{"rendered":"Caille, taille 5.1*3.5 mm, argent"},"content":{"rendered":"<p>Bail, taille 5.1*3.5 mm<\/p>\n<p>Crochet ouvert pour l&rsquo;attache<br \/>\nFinition brillante<\/p>\n<p>Argent Sterling 925<\/p>\n","protected":false},"excerpt":{"rendered":"<p><strong>Remarque : En cas d&rsquo;achat de plusieurs pi\u00e8ces \u00e0 prix r\u00e9duit<\/strong><\/p>\n<p><strong> <\/strong> <\/p>\n<p> Bail, taille 5.1*3.5 mm<\/p>\n<p>, crochet ouvert pour l&rsquo;attache<br \/>\nFinition brillante<\/p>\n<p>925 argent<\/p>\n","protected":false},"featured_media":6344,"comment_status":"closed","ping_status":"closed","template":"","meta":{"_acf_changed":false,"_seopress_robots_primary_cat":"none","_seopress_titles_title":"","_seopress_titles_desc":"","_seopress_robots_index":""},"more":[],"product_brand":[6953],"product_cat":[12319],"product_tag":[6470,6477,14334,6476,6960,7016,14348,6389,6796,14346,12322,6794,6635,8031,6369,6550,6634,6708,12329,12769,7405,14295,12552,8028,6922,6954,6778,12770,7786,6964,6919,6776,8047],"class_list":{"0":"post-15325","1":"product","2":"type-product","3":"status-publish","4":"has-post-thumbnail","6":"product_brand-925-artisanat","7":"product_cat-oeillets-de-pendentifs-bails-et-oeillets-a-vis","8":"product_tag-6470","9":"product_tag-6477","10":"product_tag-14334","11":"product_tag-6476","12":"product_tag-amende","13":"product_tag-amende-2","14":"product_tag-argentum","15":"product_tag-boutique-en-ligne","16":"product_tag-boutique-en-ligne-2","17":"product_tag-cache","18":"product_tag-caution","19":"product_tag-chaine","20":"product_tag-fournitures","21":"product_tag-fournitures-pour-bijoux","22":"product_tag-largent","23":"product_tag-largent-2","24":"product_tag-largent-3","25":"product_tag-mercerie","26":"product_tag-oeil-2","27":"product_tag-oeil-de-connexion","28":"product_tag-outil-2","29":"product_tag-pendentif-3","30":"product_tag-pendentif-oeil-2","31":"product_tag-pieces-de-bijouterie","32":"product_tag-pur","33":"product_tag-pur-2","34":"product_tag-reel","35":"product_tag-ressort-de-saut","36":"product_tag-solide","37":"product_tag-sollid","38":"product_tag-sterling","39":"product_tag-vraiment","40":"product_tag-yeux-en-pendentif","41":"product_shipping_class-standard","43":"first","44":"instock","45":"taxable","46":"shipping-taxable","47":"purchasable","48":"product-type-simple"},"acf":[],"_links":{"self":[{"href":"https:\/\/esquell.eu\/fr\/wp-json\/wp\/v2\/product\/15325","targetHints":{"allow":["GET"]}}],"collection":[{"href":"https:\/\/esquell.eu\/fr\/wp-json\/wp\/v2\/product"}],"about":[{"href":"https:\/\/esquell.eu\/fr\/wp-json\/wp\/v2\/types\/product"}],"replies":[{"embeddable":true,"href":"https:\/\/esquell.eu\/fr\/wp-json\/wp\/v2\/comments?post=15325"}],"wp:featuredmedia":[{"embeddable":true,"href":"https:\/\/esquell.eu\/fr\/wp-json\/wp\/v2\/media\/6344"}],"wp:attachment":[{"href":"https:\/\/esquell.eu\/fr\/wp-json\/wp\/v2\/media?parent=15325"}],"wp:term":[{"taxonomy":"more","embeddable":true,"href":"https:\/\/esquell.eu\/fr\/wp-json\/wp\/v2\/more?post=15325"},{"taxonomy":"product_brand","embeddable":true,"href":"https:\/\/esquell.eu\/fr\/wp-json\/wp\/v2\/product_brand?post=15325"},{"taxonomy":"product_cat","embeddable":true,"href":"https:\/\/esquell.eu\/fr\/wp-json\/wp\/v2\/product_cat?post=15325"},{"taxonomy":"product_tag","embeddable":true,"href":"https:\/\/esquell.eu\/fr\/wp-json\/wp\/v2\/product_tag?post=15325"}],"curies":[{"name":"wp","href":"https:\/\/api.w.org\/{rel}","templated":true}]}}