{"id":15313,"date":"2025-04-03T09:14:30","date_gmt":"2025-04-03T09:14:30","guid":{"rendered":"https:\/\/esquell.eu\/product\/pendentif-en-argent-anneau-argent-925-11mm\/"},"modified":"2025-11-08T19:43:16","modified_gmt":"2025-11-08T19:43:16","slug":"pendentif-en-argent-anneau-argent-925-11mm","status":"publish","type":"product","link":"https:\/\/esquell.eu\/fr\/produit\/pendentif-en-argent-anneau-argent-925-11mm\/","title":{"rendered":"Pendentif en argent, anneau, argent 925 11mm"},"content":{"rendered":"<p>Pendentif argent, anneau, argent 925 11mm<\/p>\n<p>Oreilles de lapin<\/p>\n<p>A souder<\/p>\n","protected":false},"excerpt":{"rendered":"<p><strong>Lors de l&rsquo;achat de plusieurs pi\u00e8ces tr\u00e8s bon march\u00e9<\/strong><\/p>\n<p><strong> <\/strong> <\/p>\n<p> Pendentif en argent, anneau, argent 925 11mm<\/p>\n<p>Oreilles de lapin<\/p>\n<p>&nbsp;<\/p>\n<p>&nbsp;<\/p>\n","protected":false},"featured_media":6343,"comment_status":"closed","ping_status":"closed","template":"","meta":{"_acf_changed":false,"_seopress_robots_primary_cat":"none","_seopress_titles_title":"","_seopress_titles_desc":"","_seopress_robots_index":""},"more":[],"product_brand":[6363],"product_cat":[12319],"product_tag":[6470,14334,6476,14321,14336,14288,6372,9352,14319,6958,6389,6409,11335,12322,14324,6772,6962,14325,14313,14037,6374,11027,8031,12015,6369,6550,6634,14323,14332,14330,6637,10082,7405,6544,6774,7092,12320,12552,9566,14328,10118,8028,14326,7506,6922,6954,9284,6778,14316,6964,6919,6776],"class_list":{"0":"post-15313","1":"product","2":"type-product","3":"status-publish","4":"has-post-thumbnail","6":"product_brand-bm","7":"product_cat-oeillets-de-pendentifs-bails-et-oeillets-a-vis","8":"product_tag-6470","9":"product_tag-14334","10":"product_tag-6476","11":"product_tag-alesage","12":"product_tag-argantum","13":"product_tag-bailles","14":"product_tag-bijoux","15":"product_tag-bijoux-diy","16":"product_tag-bouchon","17":"product_tag-boutique","18":"product_tag-boutique-en-ligne","19":"product_tag-bricolage","20":"product_tag-caoutchouc-2","21":"product_tag-caution","22":"product_tag-caution-a-linterieur","23":"product_tag-charme","24":"product_tag-collier","25":"product_tag-deplacer","26":"product_tag-dessins-et-modeles","27":"product_tag-fabrication-de-bijoux-3","28":"product_tag-faire","29":"product_tag-forgeage","30":"product_tag-fournitures-pour-bijoux","31":"product_tag-fournitures-pour-bijoux-5","32":"product_tag-largent","33":"product_tag-largent-2","34":"product_tag-largent-3","35":"product_tag-oeil-crochu","36":"product_tag-oreilles","37":"product_tag-oreilles-de-lapin","38":"product_tag-orfevre","39":"product_tag-orfevre-3","40":"product_tag-outil-2","41":"product_tag-pas","42":"product_tag-pendentif","43":"product_tag-pendentif-2","44":"product_tag-pendentif-oeil","45":"product_tag-pendentif-oeil-2","46":"product_tag-perle","47":"product_tag-perle-darret","48":"product_tag-peut","49":"product_tag-pieces-de-bijouterie","50":"product_tag-plus-2","51":"product_tag-pour","52":"product_tag-pur","53":"product_tag-pur-2","54":"product_tag-pur-3","55":"product_tag-reel","56":"product_tag-renflouement","57":"product_tag-sollid","58":"product_tag-sterling","59":"product_tag-vraiment","60":"product_shipping_class-standard","62":"first","63":"instock","64":"taxable","65":"shipping-taxable","66":"purchasable","67":"product-type-simple"},"acf":[],"_links":{"self":[{"href":"https:\/\/esquell.eu\/fr\/wp-json\/wp\/v2\/product\/15313","targetHints":{"allow":["GET"]}}],"collection":[{"href":"https:\/\/esquell.eu\/fr\/wp-json\/wp\/v2\/product"}],"about":[{"href":"https:\/\/esquell.eu\/fr\/wp-json\/wp\/v2\/types\/product"}],"replies":[{"embeddable":true,"href":"https:\/\/esquell.eu\/fr\/wp-json\/wp\/v2\/comments?post=15313"}],"wp:featuredmedia":[{"embeddable":true,"href":"https:\/\/esquell.eu\/fr\/wp-json\/wp\/v2\/media\/6343"}],"wp:attachment":[{"href":"https:\/\/esquell.eu\/fr\/wp-json\/wp\/v2\/media?parent=15313"}],"wp:term":[{"taxonomy":"more","embeddable":true,"href":"https:\/\/esquell.eu\/fr\/wp-json\/wp\/v2\/more?post=15313"},{"taxonomy":"product_brand","embeddable":true,"href":"https:\/\/esquell.eu\/fr\/wp-json\/wp\/v2\/product_brand?post=15313"},{"taxonomy":"product_cat","embeddable":true,"href":"https:\/\/esquell.eu\/fr\/wp-json\/wp\/v2\/product_cat?post=15313"},{"taxonomy":"product_tag","embeddable":true,"href":"https:\/\/esquell.eu\/fr\/wp-json\/wp\/v2\/product_tag?post=15313"}],"curies":[{"name":"wp","href":"https:\/\/api.w.org\/{rel}","templated":true}]}}