{"id":15311,"date":"2025-04-03T09:14:40","date_gmt":"2025-04-03T09:14:40","guid":{"rendered":"https:\/\/esquell.eu\/product\/boucles-doreilles-disque-925-bouchons-differentes-tailles-k-0724\/"},"modified":"2025-11-08T09:32:34","modified_gmt":"2025-11-08T09:32:34","slug":"boucles-doreilles-disque-925-bouchons-differentes-tailles-k-0724","status":"publish","type":"product","link":"https:\/\/esquell.eu\/fr\/produit\/boucles-doreilles-disque-925-bouchons-differentes-tailles-k-0724\/","title":{"rendered":"Boucles d&rsquo;oreilles + disque 925 + bouchons Diff\u00e9rentes tailles (K-0724)"},"content":{"rendered":"<p>Boucles d&rsquo;oreilles en argent avec plaque. Argent 925. <\/p>\n<p>Coupe transversale diversifi\u00e9e.<\/p>\n<p>Soudure ou collage appropri\u00e9s (en cas d&rsquo;utilisation avec du verre, de l&rsquo;\u00e9poxy, etc.)<\/p>\n<p>Cuisson conjointe avec de la p\u00e2te d&rsquo;argent : poncez d&rsquo;abord la plaque de l&rsquo;\u00e9chantillonneur avec du papier de verre grossier ou une lime. Fixez ensuite la plaque \u00e0 la pi\u00e8ce d&rsquo;argile avec de la p\u00e2te d&rsquo;argile. Appliquez ensuite davantage de p\u00e2te sur la plaque de mani\u00e8re \u00e0 la recouvrir enti\u00e8rement. Laissez s\u00e9cher et r\u00e9p\u00e9tez l&rsquo;op\u00e9ration deux fois de plus. La plaque ne doit plus \u00eatre visible. Veillez \u00e0 ce que le bouchon reste propre.     <u><\/u><\/p>\n<p>*La soudure est pr\u00e9f\u00e9rable. Comme il s&rsquo;agit d&rsquo;argent 925, il devient l\u00e9g\u00e8rement plus fragile en raison de la temp\u00e9rature de cuisson \u00e9lev\u00e9e. La ternissure noire qui se d\u00e9veloppe peut \u00eatre enlev\u00e9e \u00e0 nouveau, par exemple avec de la poudre de cornichon.  <\/p>\n","protected":false},"excerpt":{"rendered":"<p>Boucles d&rsquo;oreilles en argent avec plaque. Argent 925. <\/p>\n<p>Avec soucoupe \/ disque \/ assiettes<\/p>\n<p>Soudure ou collage appropri\u00e9s (en cas d&rsquo;utilisation avec du verre, de l&rsquo;\u00e9poxy, etc.)<\/p>\n<p>Cuisson conjointe avec de la p\u00e2te d&rsquo;argent : poncez d&rsquo;abord la plaque de l&rsquo;\u00e9chantillonneur avec du papier de verre grossier ou une lime. Fixez ensuite la plaque \u00e0 la pi\u00e8ce d&rsquo;argile avec de la p\u00e2te d&rsquo;argile. Appliquez ensuite davantage de p\u00e2te sur la plaque de mani\u00e8re \u00e0 la recouvrir enti\u00e8rement. Laissez s\u00e9cher et r\u00e9p\u00e9tez l&rsquo;op\u00e9ration deux fois de plus. La plaque ne doit plus \u00eatre visible. Veillez \u00e0 ce que le bouchon reste propre.     <u><\/u><br \/>\n<u><br \/>\n<\/u><\/p>\n","protected":false},"featured_media":5947,"comment_status":"closed","ping_status":"closed","template":"","meta":{"_acf_changed":false,"_seopress_robots_primary_cat":"none","_seopress_titles_title":"","_seopress_titles_desc":"","_seopress_robots_index":""},"more":[],"product_brand":[6914],"product_cat":[11982,10991],"product_tag":[6470,6476,6645,8284,6646,6939,11487,7016,7668,6404,6420,7028,6378,6390,6376,6393,6982,14301,6372,6642,7548,7697,9324,12429,10954,7792,14312,6641,6389,6796,14318,6941,6409,7817,8739,14304,11493,6649,8517,9244,9634,8641,6395,6655,14306,15073,6647,7671,14315,6785,6635,12015,6653,8864,6651,6659,8241,14308,6369,6550,6789,7681,6708,6661,10082,7313,6652,7353,6643,6657,8211,11756,6391,6665,6485,6644,14310,7029,7486,7506,6418,6922,6954,9284,6751,6778,6407,6964,8078,11637,6919,6663,6787,7055,6776,6667],"class_list":{"0":"post-15311","1":"product","2":"type-product","3":"status-publish","4":"has-post-thumbnail","6":"product_brand-ayu","7":"product_cat-boucles-doreilles-925","8":"product_cat-pieces-adaptees-a-la-cocuisson-avec-de-largile-metallique","9":"product_tag-6470","10":"product_tag-6476","11":"product_tag-a","12":"product_tag-achats-3","13":"product_tag-acheter","14":"product_tag-acheter-2","15":"product_tag-adhesifs","16":"product_tag-amende-2","17":"product_tag-argenterie-2","18":"product_tag-argile-argentee","19":"product_tag-argile-bronze","20":"product_tag-argile-cuivreuse","21":"product_tag-argile-metallique","22":"product_tag-argile-metallique-2","23":"product_tag-artclaysilver","24":"product_tag-belgique","25":"product_tag-bijoutier","26":"product_tag-bijoux-7","27":"product_tag-bijoux","28":"product_tag-bijoux-2","29":"product_tag-bijoux-en-argile-2","30":"product_tag-bijoux-en-fimo","31":"product_tag-bijoux-en-pate-polymere","32":"product_tag-bijoux-en-polymere","33":"product_tag-bijoux-en-verre-2","34":"product_tag-bijoux-en-verre","35":"product_tag-bouchons-de-soucoupe","36":"product_tag-boucles-doreilles","37":"product_tag-boutique-en-ligne","38":"product_tag-boutique-en-ligne-2","39":"product_tag-boutique-en-ligne-7","40":"product_tag-brabant","41":"product_tag-bricolage","42":"product_tag-clous-doreilles","43":"product_tag-clous-doreilles-2","44":"product_tag-clous-doreilles-3","45":"product_tag-colle-pour-bijoux","46":"product_tag-commande","47":"product_tag-cuir","48":"product_tag-cuir-2","49":"product_tag-cuir-3","50":"product_tag-cuisson","51":"product_tag-deutsland","52":"product_tag-drenthe","53":"product_tag-easteker","54":"product_tag-en-bois","55":"product_tag-en-ligne","56":"product_tag-faire-soi-meme","57":"product_tag-fimo-pate-polymere","58":"product_tag-flevoland","59":"product_tag-fournitures","60":"product_tag-fournitures-pour-bijoux-5","61":"product_tag-frise","62":"product_tag-goujons","63":"product_tag-groningue","64":"product_tag-gueldre","65":"product_tag-hobby","66":"product_tag-image-2","67":"product_tag-largent","68":"product_tag-largent-2","69":"product_tag-limbourg","70":"product_tag-magasin-de-perles","71":"product_tag-mercerie","72":"product_tag-nord","73":"product_tag-orfevre-3","74":"product_tag-orfevre-2","75":"product_tag-orfevres","76":"product_tag-orfevres-3","77":"product_tag-ou","78":"product_tag-overijssel","79":"product_tag-pate-2","80":"product_tag-pate-a-souder","81":"product_tag-pays-bas","82":"product_tag-pays-bas-2","83":"product_tag-perles","84":"product_tag-pieces","85":"product_tag-plat-4","86":"product_tag-pmc","87":"product_tag-porcelaine","88":"product_tag-pour","89":"product_tag-promethee","90":"product_tag-pur","91":"product_tag-pur-2","92":"product_tag-pur-3","93":"product_tag-reduction","94":"product_tag-reel","95":"product_tag-silverclay-co-uk","96":"product_tag-sollid","97":"product_tag-soudure","98":"product_tag-soudure-a-largent","99":"product_tag-sterling","100":"product_tag-sud","101":"product_tag-utrecht","102":"product_tag-verre","103":"product_tag-vraiment","104":"product_tag-zelande","105":"product_shipping_class-standard","106":"pa_diameter-4mm","107":"pa_diameter-6mm","108":"pa_diameter-8mm","110":"first","111":"instock","112":"taxable","113":"shipping-taxable","114":"purchasable","115":"product-type-variable"},"acf":[],"_links":{"self":[{"href":"https:\/\/esquell.eu\/fr\/wp-json\/wp\/v2\/product\/15311","targetHints":{"allow":["GET"]}}],"collection":[{"href":"https:\/\/esquell.eu\/fr\/wp-json\/wp\/v2\/product"}],"about":[{"href":"https:\/\/esquell.eu\/fr\/wp-json\/wp\/v2\/types\/product"}],"replies":[{"embeddable":true,"href":"https:\/\/esquell.eu\/fr\/wp-json\/wp\/v2\/comments?post=15311"}],"wp:featuredmedia":[{"embeddable":true,"href":"https:\/\/esquell.eu\/fr\/wp-json\/wp\/v2\/media\/5947"}],"wp:attachment":[{"href":"https:\/\/esquell.eu\/fr\/wp-json\/wp\/v2\/media?parent=15311"}],"wp:term":[{"taxonomy":"more","embeddable":true,"href":"https:\/\/esquell.eu\/fr\/wp-json\/wp\/v2\/more?post=15311"},{"taxonomy":"product_brand","embeddable":true,"href":"https:\/\/esquell.eu\/fr\/wp-json\/wp\/v2\/product_brand?post=15311"},{"taxonomy":"product_cat","embeddable":true,"href":"https:\/\/esquell.eu\/fr\/wp-json\/wp\/v2\/product_cat?post=15311"},{"taxonomy":"product_tag","embeddable":true,"href":"https:\/\/esquell.eu\/fr\/wp-json\/wp\/v2\/product_tag?post=15311"}],"curies":[{"name":"wp","href":"https:\/\/api.w.org\/{rel}","templated":true}]}}