{"id":15301,"date":"2025-04-03T09:14:30","date_gmt":"2025-04-03T09:14:30","guid":{"rendered":"https:\/\/esquell.eu\/product\/brochure-dinformation-art-clay-silver-prix-par-20-pieces\/"},"modified":"2025-11-08T19:43:50","modified_gmt":"2025-11-08T19:43:50","slug":"brochure-dinformation-art-clay-silver-prix-par-20-pieces","status":"publish","type":"product","link":"https:\/\/esquell.eu\/fr\/produit\/brochure-dinformation-art-clay-silver-prix-par-20-pieces\/","title":{"rendered":"Brochure d&rsquo;information Art Clay Silver, Prix par 20 pi\u00e8ces"},"content":{"rendered":"<p>D\u00e9pliant d&rsquo;information sur Art Clay \u00e0 des fins promotionnelles<\/p>\n<p>Exclusivement pour les instructeurs certifi\u00e9s<\/p>\n<p>D\u00e9pliant avec espace pour autocollant ou cachet de l&rsquo;instructeur certifi\u00e9.<\/p>\n<p>Exclusivement pour les instructeurs certifi\u00e9s<\/p>\n","protected":false},"excerpt":{"rendered":"<p>D\u00e9pliant d&rsquo;information sur l&rsquo;Art Clay \u00e0 des fins promotionnelles<\/p>\n<p>Exclusif pour les instructeurs certifi\u00e9s<\/p>\n<p>D\u00e9pliant avec espace pour autocollant ou cachet de l&rsquo;instructeur certifi\u00e9.<\/p>\n<p>&nbsp;<\/p>\n","protected":false},"featured_media":7021,"comment_status":"closed","ping_status":"closed","template":"","meta":{"_acf_changed":false,"_seopress_robots_primary_cat":"none","_seopress_titles_title":"","_seopress_titles_desc":"","_seopress_robots_index":""},"more":[],"product_brand":[6382],"product_cat":[11197],"product_tag":[6376,14271,14273,14275],"class_list":{"0":"post-15301","1":"product","2":"type-product","3":"status-publish","4":"has-post-thumbnail","6":"product_brand-acs","7":"product_cat-formations","8":"product_tag-artclaysilver","9":"product_tag-artclaysilverworkshops","10":"product_tag-depliant","11":"product_tag-linformation","12":"product_shipping_class-standard","14":"first","15":"instock","16":"taxable","17":"shipping-taxable","18":"purchasable","19":"product-type-simple"},"acf":[],"_links":{"self":[{"href":"https:\/\/esquell.eu\/fr\/wp-json\/wp\/v2\/product\/15301","targetHints":{"allow":["GET"]}}],"collection":[{"href":"https:\/\/esquell.eu\/fr\/wp-json\/wp\/v2\/product"}],"about":[{"href":"https:\/\/esquell.eu\/fr\/wp-json\/wp\/v2\/types\/product"}],"replies":[{"embeddable":true,"href":"https:\/\/esquell.eu\/fr\/wp-json\/wp\/v2\/comments?post=15301"}],"wp:featuredmedia":[{"embeddable":true,"href":"https:\/\/esquell.eu\/fr\/wp-json\/wp\/v2\/media\/7021"}],"wp:attachment":[{"href":"https:\/\/esquell.eu\/fr\/wp-json\/wp\/v2\/media?parent=15301"}],"wp:term":[{"taxonomy":"more","embeddable":true,"href":"https:\/\/esquell.eu\/fr\/wp-json\/wp\/v2\/more?post=15301"},{"taxonomy":"product_brand","embeddable":true,"href":"https:\/\/esquell.eu\/fr\/wp-json\/wp\/v2\/product_brand?post=15301"},{"taxonomy":"product_cat","embeddable":true,"href":"https:\/\/esquell.eu\/fr\/wp-json\/wp\/v2\/product_cat?post=15301"},{"taxonomy":"product_tag","embeddable":true,"href":"https:\/\/esquell.eu\/fr\/wp-json\/wp\/v2\/product_tag?post=15301"}],"curies":[{"name":"wp","href":"https:\/\/api.w.org\/{rel}","templated":true}]}}