{"id":15253,"date":"2025-04-03T09:15:02","date_gmt":"2025-04-03T09:15:02","guid":{"rendered":"https:\/\/esquell.eu\/product\/crochets-de-boucles-doreilles-en-acier-inoxydable-316l-hypoallergenique-crochets-doreilles-francais\/"},"modified":"2025-11-08T20:25:35","modified_gmt":"2025-11-08T20:25:35","slug":"crochets-de-boucles-doreilles-en-acier-inoxydable-316l-hypoallergenique-crochets-doreilles-francais","status":"publish","type":"product","link":"https:\/\/esquell.eu\/fr\/produit\/crochets-de-boucles-doreilles-en-acier-inoxydable-316l-hypoallergenique-crochets-doreilles-francais\/","title":{"rendered":"Crochets de boucles d&rsquo;oreilles en acier inoxydable 316L Hypoallerg\u00e9nique. Crochets d&rsquo;oreilles fran\u00e7ais"},"content":{"rendered":"<p>Crochets de boucles d&rsquo;oreilles. ACIER INOXYDABLE. 316L Hypoallerg\u00e9nique<br \/>\nIl est \u00e9galement appel\u00e9 acier chirurgical ou acier inoxydable.<br \/>\nLes composants de bijoux en acier inoxydable provoquent rarement, voire jamais, de r\u00e9action allergique.  <\/p>\n","protected":false},"excerpt":{"rendered":"<p><strong>Note : Avantage suppl\u00e9mentaire \u00e0 l&rsquo;achat de plusieurs pi\u00e8ces<\/strong><\/p>\n<p>Crochets de boucles d&rsquo;oreilles. ACIER INOXYDABLE. 316L Hypoallerg\u00e9nique<br \/>\nIl est \u00e9galement appel\u00e9 acier chirurgical ou acier inoxydable. Les composants de bijoux en acier inoxydable provoquent rarement, voire jamais, de r\u00e9action allergique.   <\/p>\n<p>&nbsp;<\/p>\n<p>Moins cher par 5 ou 10 pr<\/p>\n","protected":false},"featured_media":8125,"comment_status":"closed","ping_status":"closed","template":"","meta":{"_acf_changed":false,"_seopress_robots_primary_cat":"none","_seopress_titles_title":"","_seopress_titles_desc":"","_seopress_robots_index":""},"more":[],"product_brand":[6398],"product_cat":[14163],"product_tag":[14203,6645,6646,7409,14189,6847,10091,7929,6945,14166,17855,7024,14164,6923,6931,7096,14201,6388,6404,6378,6949,14193,14183,6575,6393,6372,9352,6402,6641,6958,6389,6796,6409,6412,6935,7770,7490,6819,14177,8897,14186,6650,6655,8503,14191,8509,8492,6647,7043,7766,6374,6798,12129,13709,6653,6933,12024,6651,6659,6951,7120,7648,6801,14196,6369,6403,8682,6930,7026,7030,7042,14180,8497,6708,6567,6643,6657,14174,6816,6391,6644,14195,11205,7094,9041,7506,14197,14171,9894,6925,12020,6805,14199,9892,7102,8495,7055,6803,6408,7032],"class_list":{"0":"post-15253","1":"product","2":"type-product","3":"status-publish","4":"has-post-thumbnail","6":"product_brand-l1","7":"product_cat-boucles-doreilles-en-acier-inoxydable","8":"product_tag-14203","9":"product_tag-a","10":"product_tag-acheter","11":"product_tag-acier","12":"product_tag-acier-chirurgical","13":"product_tag-acier-inoxydable","14":"product_tag-acier-inoxydable-3","15":"product_tag-acrylique","16":"product_tag-alkmaar","17":"product_tag-allergique","18":"product_tag-allergique-2","19":"product_tag-almere","20":"product_tag-amesfoort","21":"product_tag-amsterdam","22":"product_tag-anvers","23":"product_tag-apeldoorn","24":"product_tag-ardennes","25":"product_tag-argile","26":"product_tag-argile-argentee","27":"product_tag-argile-metallique","28":"product_tag-assen","29":"product_tag-atelier-de-bricolage","30":"product_tag-atelier-de-fabrication-de-bijoux","31":"product_tag-ateliers","32":"product_tag-belgique","33":"product_tag-bijoux","34":"product_tag-bijoux-diy","35":"product_tag-bon-marche","36":"product_tag-boucles-doreilles","37":"product_tag-boutique","38":"product_tag-boutique-en-ligne","39":"product_tag-boutique-en-ligne-2","40":"product_tag-bricolage","41":"product_tag-bronze","42":"product_tag-bruxelles","43":"product_tag-camps","44":"product_tag-ceramique","45":"product_tag-cernit","46":"product_tag-chirurgicale","47":"product_tag-cornes-doreilles","48":"product_tag-crochets-de-boucles-doreilles","49":"product_tag-cuivre","50":"product_tag-drenthe","51":"product_tag-dronten","52":"product_tag-edelstaa","53":"product_tag-emmeloord","54":"product_tag-emmen","55":"product_tag-en-ligne","56":"product_tag-enschede","57":"product_tag-etreilen","58":"product_tag-faire","59":"product_tag-faire-2","60":"product_tag-francais","61":"product_tag-francais-2","62":"product_tag-frise","63":"product_tag-gentilhomme","64":"product_tag-gratuit-2","65":"product_tag-groningue","66":"product_tag-gueldre","67":"product_tag-heerenveen","68":"product_tag-hoogeveen","69":"product_tag-idees","70":"product_tag-il","71":"product_tag-jamais","72":"product_tag-largent","73":"product_tag-lor","74":"product_tag-laiton","75":"product_tag-leeuwarden","76":"product_tag-lelystad","77":"product_tag-liege","78":"product_tag-maastricht","79":"product_tag-medical","80":"product_tag-meppel","81":"product_tag-mercerie","82":"product_tag-offrir","83":"product_tag-ou","84":"product_tag-overijssel","85":"product_tag-parentheses","86":"product_tag-pate-polymere","87":"product_tag-pays-bas","88":"product_tag-pieces","89":"product_tag-pieces-detachees","90":"product_tag-pointe","91":"product_tag-pont","92":"product_tag-porcelaine-2","93":"product_tag-pour","94":"product_tag-rarement","95":"product_tag-reponse","96":"product_tag-resine-2","97":"product_tag-rotterdam","98":"product_tag-rouille","99":"product_tag-soi","100":"product_tag-utrechht","101":"product_tag-uv","102":"product_tag-vasieres","103":"product_tag-venlo","104":"product_tag-verre","105":"product_tag-votre","106":"product_tag-vous","107":"product_tag-zwolle","108":"product_shipping_class-standard","110":"first","111":"instock","112":"taxable","113":"shipping-taxable","114":"purchasable","115":"product-type-simple"},"acf":[],"_links":{"self":[{"href":"https:\/\/esquell.eu\/fr\/wp-json\/wp\/v2\/product\/15253","targetHints":{"allow":["GET"]}}],"collection":[{"href":"https:\/\/esquell.eu\/fr\/wp-json\/wp\/v2\/product"}],"about":[{"href":"https:\/\/esquell.eu\/fr\/wp-json\/wp\/v2\/types\/product"}],"replies":[{"embeddable":true,"href":"https:\/\/esquell.eu\/fr\/wp-json\/wp\/v2\/comments?post=15253"}],"wp:featuredmedia":[{"embeddable":true,"href":"https:\/\/esquell.eu\/fr\/wp-json\/wp\/v2\/media\/8125"}],"wp:attachment":[{"href":"https:\/\/esquell.eu\/fr\/wp-json\/wp\/v2\/media?parent=15253"}],"wp:term":[{"taxonomy":"more","embeddable":true,"href":"https:\/\/esquell.eu\/fr\/wp-json\/wp\/v2\/more?post=15253"},{"taxonomy":"product_brand","embeddable":true,"href":"https:\/\/esquell.eu\/fr\/wp-json\/wp\/v2\/product_brand?post=15253"},{"taxonomy":"product_cat","embeddable":true,"href":"https:\/\/esquell.eu\/fr\/wp-json\/wp\/v2\/product_cat?post=15253"},{"taxonomy":"product_tag","embeddable":true,"href":"https:\/\/esquell.eu\/fr\/wp-json\/wp\/v2\/product_tag?post=15253"}],"curies":[{"name":"wp","href":"https:\/\/api.w.org\/{rel}","templated":true}]}}