{"id":15242,"date":"2025-04-03T09:15:40","date_gmt":"2025-04-03T09:15:40","guid":{"rendered":"https:\/\/esquell.eu\/product\/cadre-rond-avec-dos-ouvert-argent-999-pour-la-cocuisson-avec-largile-metallique\/"},"modified":"2025-04-03T09:15:40","modified_gmt":"2025-04-03T09:15:40","slug":"cadre-rond-avec-dos-ouvert-argent-999-pour-la-cocuisson-avec-largile-metallique","status":"publish","type":"product","link":"https:\/\/esquell.eu\/fr\/produit\/cadre-rond-avec-dos-ouvert-argent-999-pour-la-cocuisson-avec-largile-metallique\/","title":{"rendered":"Cadre rond avec dos ouvert. Argent 999. Pour la cocuisson avec l&rsquo;argile m\u00e9tallique."},"content":{"rendered":"<p>Cadre rond avec dos ouvert. Argent 999.<\/p>\n<p>Pour la cocuisson avec l&rsquo;argile m\u00e9tallique.<\/p>\n<p>Diff\u00e9rentes tailles<\/p>\n<p>Convient \u00e0 la cuisson de l&rsquo;arguile d&rsquo;argent.<\/p>\n<p>Ces chatons \u00e0 fond ouvert sont en argent fin .999 et peuvent \u00eatre plac\u00e9s dans l&rsquo;argile et cuits en place avec elle.<br \/>\nLes languettes qui d\u00e9passent de la base du chaton assurent une bonne connexion avec l&rsquo;argile m\u00e9tallique, cr\u00e9ant ainsi un lien solide.<\/p>\n<p>Le dos ouvert permet l&rsquo;utilisation d&rsquo;une pierre pointue. Dans ce cas, l&rsquo;argile m\u00e9tallique doit \u00eatre retir\u00e9e de la zone ouverte \u00e0 la base de la monture pour laisser la place \u00e0 la pointe de la pierre. <\/p>\n","protected":false},"excerpt":{"rendered":"<p>&nbsp;<\/p>\n<p>&nbsp;<\/p>\n<p>&nbsp;<\/p>\n","protected":false},"featured_media":5933,"comment_status":"closed","ping_status":"closed","template":"","meta":{"_acf_changed":false,"_seopress_robots_primary_cat":"none","_seopress_titles_title":"","_seopress_titles_desc":"","_seopress_robots_index":""},"more":[],"product_brand":[6736],"product_cat":[10991,10990,6809],"product_tag":[6470,6645,7760,6646,6939,7523,6386,6397,7761,7016,6741,6404,6378,6405,6376,6393,6982,6372,6642,6658,7418,6480,6389,6409,8057,11029,6649,6395,6743,6647,6374,11027,6635,6401,7479,11045,11031,6381,6369,6634,6656,11024,6708,11034,6637,7313,11042,6652,6643,6636,6391,7420,7416,7411,6922,6954,6778,7426,11048,11035,6964,11033,6408,6776,7414],"class_list":{"0":"post-15242","1":"product","2":"type-product","3":"status-publish","4":"has-post-thumbnail","6":"product_brand-des-outils-sympas","7":"product_cat-pieces-adaptees-a-la-cocuisson-avec-de-largile-metallique","8":"product_cat-reglements-et-chatons","9":"product_cat-vente","10":"product_tag-6470","11":"product_tag-a","12":"product_tag-achats-2","13":"product_tag-acheter","14":"product_tag-acheter-2","15":"product_tag-adapte","16":"product_tag-aida","17":"product_tag-allemagne","18":"product_tag-allemagne-2","19":"product_tag-amende-2","20":"product_tag-argile-3","21":"product_tag-argile-argentee","22":"product_tag-argile-metallique","23":"product_tag-artclay","24":"product_tag-artclaysilver","25":"product_tag-belgique","26":"product_tag-bijoutier","27":"product_tag-bijoux","28":"product_tag-bijoux-2","29":"product_tag-bijoux-en-argile","30":"product_tag-boite-de-reglage","31":"product_tag-boites-de-composition","32":"product_tag-boutique-en-ligne","33":"product_tag-bricolage","34":"product_tag-chaton","35":"product_tag-chatons","36":"product_tag-commande","37":"product_tag-deutsland","38":"product_tag-distributeur","39":"product_tag-en-ligne","40":"product_tag-faire","41":"product_tag-forgeage","42":"product_tag-fournitures","43":"product_tag-france","44":"product_tag-france-2","45":"product_tag-groodhandel","46":"product_tag-integration","47":"product_tag-japon","48":"product_tag-largent","49":"product_tag-largent-3","50":"product_tag-luxembourg-2","51":"product_tag-materiaux","52":"product_tag-mercerie","53":"product_tag-metallurgie","54":"product_tag-orfevre","55":"product_tag-orfevre-2","56":"product_tag-orfevre-5","57":"product_tag-orfevres","58":"product_tag-ou","59":"product_tag-outils","60":"product_tag-pays-bas","61":"product_tag-plateau-de-brassage","62":"product_tag-plateau-de-composition","63":"product_tag-plateaux-de-composition","64":"product_tag-pur","65":"product_tag-pur-2","66":"product_tag-reel","67":"product_tag-reglage","68":"product_tag-reglage-du-tube","69":"product_tag-reglement","70":"product_tag-sollid","71":"product_tag-tube","72":"product_tag-vous","73":"product_tag-vraiment","74":"product_tag-zetkast","75":"product_shipping_class-standard","76":"pa_afmeting-4mm","77":"pa_afmeting-6mm","79":"first","80":"instock","81":"sale","82":"taxable","83":"shipping-taxable","84":"purchasable","85":"product-type-variable"},"acf":[],"_links":{"self":[{"href":"https:\/\/esquell.eu\/fr\/wp-json\/wp\/v2\/product\/15242","targetHints":{"allow":["GET"]}}],"collection":[{"href":"https:\/\/esquell.eu\/fr\/wp-json\/wp\/v2\/product"}],"about":[{"href":"https:\/\/esquell.eu\/fr\/wp-json\/wp\/v2\/types\/product"}],"replies":[{"embeddable":true,"href":"https:\/\/esquell.eu\/fr\/wp-json\/wp\/v2\/comments?post=15242"}],"wp:featuredmedia":[{"embeddable":true,"href":"https:\/\/esquell.eu\/fr\/wp-json\/wp\/v2\/media\/5933"}],"wp:attachment":[{"href":"https:\/\/esquell.eu\/fr\/wp-json\/wp\/v2\/media?parent=15242"}],"wp:term":[{"taxonomy":"more","embeddable":true,"href":"https:\/\/esquell.eu\/fr\/wp-json\/wp\/v2\/more?post=15242"},{"taxonomy":"product_brand","embeddable":true,"href":"https:\/\/esquell.eu\/fr\/wp-json\/wp\/v2\/product_brand?post=15242"},{"taxonomy":"product_cat","embeddable":true,"href":"https:\/\/esquell.eu\/fr\/wp-json\/wp\/v2\/product_cat?post=15242"},{"taxonomy":"product_tag","embeddable":true,"href":"https:\/\/esquell.eu\/fr\/wp-json\/wp\/v2\/product_tag?post=15242"}],"curies":[{"name":"wp","href":"https:\/\/api.w.org\/{rel}","templated":true}]}}