{"id":15232,"date":"2025-04-03T09:15:31","date_gmt":"2025-04-03T09:15:31","guid":{"rendered":"https:\/\/esquell.eu\/product\/carre-putty-925-sterling-differentes-tailles\/"},"modified":"2026-01-10T16:59:06","modified_gmt":"2026-01-10T16:59:06","slug":"carre-putty-925-sterling-differentes-tailles","status":"publish","type":"product","link":"https:\/\/esquell.eu\/fr\/produit\/carre-putty-925-sterling-differentes-tailles\/","title":{"rendered":"Carr\u00e9 Putty en argent 925. Diff\u00e9rentes tailles"},"content":{"rendered":"<p>Bo\u00eete \u00e0 sertir carr\u00e9e, bo\u00eete \u00e0 sertir, bo\u00eete \u00e0 sertir<\/p>\n<p>Argent sterling 925<\/p>\n<p>Pour p.ex. une pierre carr\u00e9e ou un cabochon en verre.<\/p>\n<p>La bo\u00eete \u00e0 sertir peut \u00e9galement \u00eatre remplie de Led et de r\u00e9sine UV.<\/p>\n","protected":false},"excerpt":{"rendered":"<p>Bo\u00eete \u00e0 sertir carr\u00e9e<\/p>\n<p>Argent 925<\/p>\n<p>Pour p.ex. une pierre carr\u00e9e ou un cabochon en verre.<\/p>\n","protected":false},"featured_media":15234,"comment_status":"closed","ping_status":"closed","template":"","meta":{"_acf_changed":false,"_seopress_robots_primary_cat":"none","_seopress_titles_title":"","_seopress_titles_desc":"","_seopress_robots_index":""},"more":[],"product_brand":[7186],"product_cat":[9873,10990],"product_tag":[6470,6476,6397,6960,7016,11089,11088,6393,7418,6402,6389,7430,9385,11090,11094,6706,11093,6395,11087,6635,6401,7479,8241,6369,6550,6634,6400,6656,8085,7398,7820,7428,6652,6391,6644,6428,7420,7416,11091,7411,10142,6922,6954,9284,6778,7426,8351,11092,6919,10120,6776,7414],"class_list":{"0":"post-15232","1":"product","2":"type-product","3":"status-publish","4":"has-post-thumbnail","6":"product_brand-rio","7":"product_cat-led-et-resine-uv","8":"product_cat-reglements-et-chatons","9":"product_tag-6470","10":"product_tag-6476","11":"product_tag-allemagne","12":"product_tag-amende","13":"product_tag-amende-2","14":"product_tag-armoire","15":"product_tag-armoires","16":"product_tag-belgique","17":"product_tag-boite-de-reglage","18":"product_tag-bon-marche","19":"product_tag-boutique-en-ligne","20":"product_tag-cabochon","21":"product_tag-carre","22":"product_tag-carre-3","23":"product_tag-clarifier","24":"product_tag-commerce-de-gros","25":"product_tag-cote","26":"product_tag-deutsland","27":"product_tag-et","28":"product_tag-fournitures","29":"product_tag-france","30":"product_tag-france-2","31":"product_tag-hobby","32":"product_tag-largent","33":"product_tag-largent-2","34":"product_tag-largent-3","35":"product_tag-luxembourg","36":"product_tag-luxembourg-2","37":"product_tag-luxmebourg","38":"product_tag-mettre","39":"product_tag-mettre-2","40":"product_tag-naturel","41":"product_tag-orfevres","42":"product_tag-pays-bas","43":"product_tag-pieces","44":"product_tag-pierre","45":"product_tag-plateau-de-brassage","46":"product_tag-plateau-de-composition","47":"product_tag-plateaux","48":"product_tag-plateaux-de-composition","49":"product_tag-poubelle","50":"product_tag-pur","51":"product_tag-pur-2","52":"product_tag-pur-3","53":"product_tag-reel","54":"product_tag-reglage","55":"product_tag-reglage-2","56":"product_tag-ss","57":"product_tag-sterling","58":"product_tag-votre-2","59":"product_tag-vraiment","60":"product_tag-zetkast","61":"product_shipping_class-standard","62":"pa_afmeting-10mm","63":"pa_afmeting-12mm","64":"pa_afmeting-6mm","65":"pa_afmeting-8mm","67":"first","68":"instock","69":"taxable","70":"shipping-taxable","71":"purchasable","72":"product-type-variable"},"acf":[],"_links":{"self":[{"href":"https:\/\/esquell.eu\/fr\/wp-json\/wp\/v2\/product\/15232","targetHints":{"allow":["GET"]}}],"collection":[{"href":"https:\/\/esquell.eu\/fr\/wp-json\/wp\/v2\/product"}],"about":[{"href":"https:\/\/esquell.eu\/fr\/wp-json\/wp\/v2\/types\/product"}],"replies":[{"embeddable":true,"href":"https:\/\/esquell.eu\/fr\/wp-json\/wp\/v2\/comments?post=15232"}],"wp:featuredmedia":[{"embeddable":true,"href":"https:\/\/esquell.eu\/fr\/wp-json\/wp\/v2\/media\/15234"}],"wp:attachment":[{"href":"https:\/\/esquell.eu\/fr\/wp-json\/wp\/v2\/media?parent=15232"}],"wp:term":[{"taxonomy":"more","embeddable":true,"href":"https:\/\/esquell.eu\/fr\/wp-json\/wp\/v2\/more?post=15232"},{"taxonomy":"product_brand","embeddable":true,"href":"https:\/\/esquell.eu\/fr\/wp-json\/wp\/v2\/product_brand?post=15232"},{"taxonomy":"product_cat","embeddable":true,"href":"https:\/\/esquell.eu\/fr\/wp-json\/wp\/v2\/product_cat?post=15232"},{"taxonomy":"product_tag","embeddable":true,"href":"https:\/\/esquell.eu\/fr\/wp-json\/wp\/v2\/product_tag?post=15232"}],"curies":[{"name":"wp","href":"https:\/\/api.w.org\/{rel}","templated":true}]}}