{"id":15222,"date":"2025-04-03T09:15:49","date_gmt":"2025-04-03T09:15:49","guid":{"rendered":"https:\/\/esquell.eu\/product\/papier-ceramique-epaisseur-1mm-diametre-115-cm-emballe-par-10-pieces\/"},"modified":"2026-01-10T16:59:23","modified_gmt":"2026-01-10T16:59:23","slug":"papier-ceramique-epaisseur-1mm-diametre-115-cm-emballe-par-10-pieces","status":"publish","type":"product","link":"https:\/\/esquell.eu\/fr\/produit\/papier-ceramique-epaisseur-1mm-diametre-115-cm-emballe-par-10-pieces\/","title":{"rendered":"Papier c\u00e9ramique \u00e9paisseur 1mm diam\u00e8tre 11,5 cm Emball\u00e9 par 10 pi\u00e8ces"},"content":{"rendered":"<p>Le papier c\u00e9ramique est utilis\u00e9 par exemple pour la fusion du verre et la cuisson de l&rsquo;argile dans le pot chaud.<\/p>\n<p>Prix par 10 feuilles.<\/p>\n<p>Rond, diam\u00e8tre 11,5 cm, \u00e9paisseur env. 1mm<\/p>\n<p>&nbsp;<\/p>\n","protected":false},"excerpt":{"rendered":"<p>Le papier c\u00e9ramique est utilis\u00e9 par exemple pour la fusion du verre et la cuisson de l&rsquo;argile dans le pot chaud.<\/p>\n<p>Prix par 10 feuilles.<\/p>\n<p>Rond, diam\u00e8tre 11,5 cm, \u00e9paisseur env. 1mm<\/p>\n<p>Plus \u00e9conomique par 2 paquets<\/p>\n","protected":false},"featured_media":15223,"comment_status":"closed","ping_status":"closed","template":"","meta":{"_acf_changed":false,"_seopress_robots_primary_cat":"none","_seopress_titles_title":"","_seopress_titles_desc":"","_seopress_robots_index":""},"more":[],"product_brand":[6398],"product_cat":[6705,7468],"product_tag":[6470,6476,6645,10881,8048,7760,6646,6939,6397,6931,6388,6404,6420,7028,6378,6390,9668,6393,9349,6372,6642,6718,6658,7792,10877,6402,6641,6389,6409,10878,10879,10875,6794,7161,6962,7780,10873,6649,8641,6395,6655,6647,9329,7677,9961,6374,6798,7671,10871,6785,10874,8031,6653,10849,10840,10880,6651,6659,7648,6801,8996,6789,6640,10882,10255,6661,6567,6652,6643,7405,6636,6657,6475,10876,6816,6391,6665,6774,6644,7094,10801,10693,6805,6919,6663,8647,10872,6787,7055,6803,6408,6667],"class_list":{"0":"post-15222","1":"product","2":"type-product","3":"status-publish","4":"has-post-thumbnail","6":"product_brand-l1","7":"product_cat-outils-et-fournitures-pour-lemaillage","8":"product_cat-outils-et-fournitures-pour-le-verre","9":"product_tag-6470","10":"product_tag-6476","11":"product_tag-a","12":"product_tag-a-propos-de","13":"product_tag-a-vendre","14":"product_tag-achats-2","15":"product_tag-acheter","16":"product_tag-acheter-2","17":"product_tag-allemagne","18":"product_tag-anvers","19":"product_tag-argile","20":"product_tag-argile-argentee","21":"product_tag-argile-bronze","22":"product_tag-argile-cuivreuse","23":"product_tag-argile-metallique","24":"product_tag-argile-metallique-2","25":"product_tag-autour-de","26":"product_tag-belgique","27":"product_tag-bijou","28":"product_tag-bijoux","29":"product_tag-bijoux-2","30":"product_tag-bijoux-3","31":"product_tag-bijoux-en-argile","32":"product_tag-bijoux-en-verre","33":"product_tag-bijoux-souterrains","34":"product_tag-bon-marche","35":"product_tag-boucles-doreilles","36":"product_tag-boutique-en-ligne","37":"product_tag-bricolage","38":"product_tag-bruler","39":"product_tag-bruxelles-2","40":"product_tag-ceramique-3","41":"product_tag-chaine","42":"product_tag-cm","43":"product_tag-collier","44":"product_tag-collier-3","45":"product_tag-combiner","46":"product_tag-commande","47":"product_tag-cuisson","48":"product_tag-deutsland","49":"product_tag-drenthe","50":"product_tag-en-ligne","51":"product_tag-fabrication-de-bijoux","52":"product_tag-fabrication-de-bijoux-par-soi-meme","53":"product_tag-fabrication-de-bijoux-par-soi-meme-2","54":"product_tag-faire","55":"product_tag-faire-2","56":"product_tag-faire-soi-meme","57":"product_tag-feuilles-3","58":"product_tag-flevoland","59":"product_tag-forunituren","60":"product_tag-fournitures-pour-bijoux","61":"product_tag-frise","62":"product_tag-fusion-2","63":"product_tag-fusion-du-verre-2","64":"product_tag-gaz-butane","65":"product_tag-groningue","66":"product_tag-gueldre","67":"product_tag-idees","68":"product_tag-il","69":"product_tag-linspiration","70":"product_tag-limbourg","71":"product_tag-maison","72":"product_tag-micro-ondes","73":"product_tag-mm","74":"product_tag-nord","75":"product_tag-offrir","76":"product_tag-orfevres","77":"product_tag-ou","78":"product_tag-outil-2","79":"product_tag-outils","80":"product_tag-overijssel","81":"product_tag-papier","82":"product_tag-papier-ceramique","83":"product_tag-pate-polymere","84":"product_tag-pays-bas","85":"product_tag-pays-bas-2","86":"product_tag-pendentif","87":"product_tag-pieces","88":"product_tag-pont","89":"product_tag-pot-au-feu","90":"product_tag-ronde","91":"product_tag-soi","92":"product_tag-sterling","93":"product_tag-sud","94":"product_tag-torche","95":"product_tag-torche-a-main","96":"product_tag-utrecht","97":"product_tag-verre","98":"product_tag-votre","99":"product_tag-vous","100":"product_tag-zelande","101":"product_shipping_class-standard","103":"first","104":"instock","105":"taxable","106":"shipping-taxable","107":"purchasable","108":"product-type-simple"},"acf":[],"_links":{"self":[{"href":"https:\/\/esquell.eu\/fr\/wp-json\/wp\/v2\/product\/15222","targetHints":{"allow":["GET"]}}],"collection":[{"href":"https:\/\/esquell.eu\/fr\/wp-json\/wp\/v2\/product"}],"about":[{"href":"https:\/\/esquell.eu\/fr\/wp-json\/wp\/v2\/types\/product"}],"replies":[{"embeddable":true,"href":"https:\/\/esquell.eu\/fr\/wp-json\/wp\/v2\/comments?post=15222"}],"wp:featuredmedia":[{"embeddable":true,"href":"https:\/\/esquell.eu\/fr\/wp-json\/wp\/v2\/media\/15223"}],"wp:attachment":[{"href":"https:\/\/esquell.eu\/fr\/wp-json\/wp\/v2\/media?parent=15222"}],"wp:term":[{"taxonomy":"more","embeddable":true,"href":"https:\/\/esquell.eu\/fr\/wp-json\/wp\/v2\/more?post=15222"},{"taxonomy":"product_brand","embeddable":true,"href":"https:\/\/esquell.eu\/fr\/wp-json\/wp\/v2\/product_brand?post=15222"},{"taxonomy":"product_cat","embeddable":true,"href":"https:\/\/esquell.eu\/fr\/wp-json\/wp\/v2\/product_cat?post=15222"},{"taxonomy":"product_tag","embeddable":true,"href":"https:\/\/esquell.eu\/fr\/wp-json\/wp\/v2\/product_tag?post=15222"}],"curies":[{"name":"wp","href":"https:\/\/api.w.org\/{rel}","templated":true}]}}