{"id":15195,"date":"2025-04-03T09:15:49","date_gmt":"2025-04-03T09:15:49","guid":{"rendered":"https:\/\/esquell.eu\/product\/verre-mineral-pour-la-realisation-de-medaillons-28-mm-epaisseur-1mm\/"},"modified":"2025-04-03T09:15:49","modified_gmt":"2025-04-03T09:15:49","slug":"verre-mineral-pour-la-realisation-de-medaillons-28-mm-epaisseur-1mm","status":"publish","type":"product","link":"https:\/\/esquell.eu\/fr\/produit\/verre-mineral-pour-la-realisation-de-medaillons-28-mm-epaisseur-1mm\/","title":{"rendered":"Verre min\u00e9ral pour la r\u00e9alisation de m\u00e9daillons. 28 mm. Epaisseur 1mm"},"content":{"rendered":"<p>Verre min\u00e9ral pour la r\u00e9alisation de m\u00e9daillons. 28mm. Epaisseur 1mm<br \/>\nVerre min\u00e9ral plat et transparent pour prot\u00e9ger les photos dans un m\u00e9daillon.<br \/>\nDIY medallion making, medallion, make your own.  <\/p>\n","protected":false},"excerpt":{"rendered":"<p>Verre min\u00e9ral plat et transparent pour prot\u00e9ger les photos dans un m\u00e9daillon.<\/p>\n","protected":false},"featured_media":0,"comment_status":"closed","ping_status":"closed","template":"","meta":{"_acf_changed":false,"_seopress_robots_primary_cat":"none","_seopress_titles_title":"","_seopress_titles_desc":"","_seopress_robots_index":""},"more":[],"product_brand":[],"product_cat":[6364],"product_tag":[6404,6372,6409,7188,6374,14105,14095,14099,14102,14104,14100,7055,10802,14096,14098,6408],"class_list":{"0":"post-15195","1":"product","2":"type-product","3":"status-publish","5":"product_cat-materiel-supplementaire","6":"product_tag-argile-argentee","7":"product_tag-bijoux","8":"product_tag-bricolage","9":"product_tag-clair","10":"product_tag-faire","11":"product_tag-fotomeda","12":"product_tag-medaillon","13":"product_tag-mineral","14":"product_tag-photo","15":"product_tag-photomedaillon","16":"product_tag-saphir-2","17":"product_tag-verre","18":"product_tag-verre-2","19":"product_tag-verre-mineral","20":"product_tag-verre-saphir","21":"product_tag-vous","22":"product_shipping_class-standard","24":"first","25":"outofstock","26":"taxable","27":"shipping-taxable","28":"purchasable","29":"product-type-simple"},"acf":[],"_links":{"self":[{"href":"https:\/\/esquell.eu\/fr\/wp-json\/wp\/v2\/product\/15195","targetHints":{"allow":["GET"]}}],"collection":[{"href":"https:\/\/esquell.eu\/fr\/wp-json\/wp\/v2\/product"}],"about":[{"href":"https:\/\/esquell.eu\/fr\/wp-json\/wp\/v2\/types\/product"}],"replies":[{"embeddable":true,"href":"https:\/\/esquell.eu\/fr\/wp-json\/wp\/v2\/comments?post=15195"}],"wp:attachment":[{"href":"https:\/\/esquell.eu\/fr\/wp-json\/wp\/v2\/media?parent=15195"}],"wp:term":[{"taxonomy":"more","embeddable":true,"href":"https:\/\/esquell.eu\/fr\/wp-json\/wp\/v2\/more?post=15195"},{"taxonomy":"product_brand","embeddable":true,"href":"https:\/\/esquell.eu\/fr\/wp-json\/wp\/v2\/product_brand?post=15195"},{"taxonomy":"product_cat","embeddable":true,"href":"https:\/\/esquell.eu\/fr\/wp-json\/wp\/v2\/product_cat?post=15195"},{"taxonomy":"product_tag","embeddable":true,"href":"https:\/\/esquell.eu\/fr\/wp-json\/wp\/v2\/product_tag?post=15195"}],"curies":[{"name":"wp","href":"https:\/\/api.w.org\/{rel}","templated":true}]}}