{"id":15159,"date":"2025-04-03T09:16:01","date_gmt":"2025-04-03T09:16:01","guid":{"rendered":"https:\/\/esquell.eu\/product\/coupe-verre\/"},"modified":"2025-04-03T09:16:01","modified_gmt":"2025-04-03T09:16:01","slug":"coupe-verre","status":"publish","type":"product","link":"https:\/\/esquell.eu\/fr\/produit\/coupe-verre\/","title":{"rendered":"Coupe-verre"},"content":{"rendered":"<p>Coupe-verre de haute qualit\u00e9 avec molette de coupe en carbure pour une \u00e9paisseur de verre de 2 \u00e0 8 mm<\/p>\n<p>La poign\u00e9e comporte un r\u00e9servoir qui peut \u00eatre rempli de liquide de coupe.<\/p>\n","protected":false},"excerpt":{"rendered":"<p>Coupe-verre de haute qualit\u00e9 avec molette de coupe en carbure pour une \u00e9paisseur de verre de 2 \u00e0 8 mm<\/p>\n<p>La poign\u00e9e comporte un r\u00e9servoir qui peut \u00eatre rempli de liquide de coupe.<\/p>\n","protected":false},"featured_media":7753,"comment_status":"closed","ping_status":"closed","template":"","meta":{"_acf_changed":false,"_seopress_robots_primary_cat":"none","_seopress_titles_title":"","_seopress_titles_desc":"","_seopress_robots_index":""},"more":[],"product_brand":[],"product_cat":[7468],"product_tag":[6372,7792,10954,10955,14051,14055,14077,8457,14057,14059,10519,14053,14058,10820,10850,9785,10509,14054,10515,7405,14056,6749,7055],"class_list":{"0":"post-15159","1":"product","2":"type-product","3":"status-publish","4":"has-post-thumbnail","6":"product_cat-outils-et-fournitures-pour-le-verre","7":"product_tag-bijoux","8":"product_tag-bijoux-en-verre","9":"product_tag-bijoux-en-verre-2","10":"product_tag-cabochons-en-verre","11":"product_tag-coupe-verre","12":"product_tag-coupe-verre-2","13":"product_tag-coupe-verre-3","14":"product_tag-couper","15":"product_tag-coupeur-dhuile","16":"product_tag-coupeurs-de-verre","17":"product_tag-couteau","18":"product_tag-cutter-2","19":"product_tag-cutter-manuel","20":"product_tag-de-haute-qualite","21":"product_tag-decoupe-du-verre","22":"product_tag-huile","23":"product_tag-lame","24":"product_tag-lame-de-coupe-2","25":"product_tag-lames","26":"product_tag-outil-2","27":"product_tag-outils-pour-le-verre","28":"product_tag-professionnel","29":"product_tag-verre","30":"product_shipping_class-standard","32":"first","33":"instock","34":"taxable","35":"shipping-taxable","36":"purchasable","37":"product-type-simple"},"acf":[],"_links":{"self":[{"href":"https:\/\/esquell.eu\/fr\/wp-json\/wp\/v2\/product\/15159","targetHints":{"allow":["GET"]}}],"collection":[{"href":"https:\/\/esquell.eu\/fr\/wp-json\/wp\/v2\/product"}],"about":[{"href":"https:\/\/esquell.eu\/fr\/wp-json\/wp\/v2\/types\/product"}],"replies":[{"embeddable":true,"href":"https:\/\/esquell.eu\/fr\/wp-json\/wp\/v2\/comments?post=15159"}],"wp:featuredmedia":[{"embeddable":true,"href":"https:\/\/esquell.eu\/fr\/wp-json\/wp\/v2\/media\/7753"}],"wp:attachment":[{"href":"https:\/\/esquell.eu\/fr\/wp-json\/wp\/v2\/media?parent=15159"}],"wp:term":[{"taxonomy":"more","embeddable":true,"href":"https:\/\/esquell.eu\/fr\/wp-json\/wp\/v2\/more?post=15159"},{"taxonomy":"product_brand","embeddable":true,"href":"https:\/\/esquell.eu\/fr\/wp-json\/wp\/v2\/product_brand?post=15159"},{"taxonomy":"product_cat","embeddable":true,"href":"https:\/\/esquell.eu\/fr\/wp-json\/wp\/v2\/product_cat?post=15159"},{"taxonomy":"product_tag","embeddable":true,"href":"https:\/\/esquell.eu\/fr\/wp-json\/wp\/v2\/product_tag?post=15159"}],"curies":[{"name":"wp","href":"https:\/\/api.w.org\/{rel}","templated":true}]}}