{"id":15148,"date":"2025-04-03T09:16:01","date_gmt":"2025-04-03T09:16:01","guid":{"rendered":"https:\/\/esquell.eu\/product\/disque-perle-entretoise-en-argent-925-differentes-tailles-emballe-par-10-pieces\/"},"modified":"2025-11-08T20:27:11","modified_gmt":"2025-11-08T20:27:11","slug":"disque-perle-entretoise-en-argent-925-differentes-tailles-emballe-par-10-pieces","status":"publish","type":"product","link":"https:\/\/esquell.eu\/fr\/produit\/disque-perle-entretoise-en-argent-925-differentes-tailles-emballe-par-10-pieces\/","title":{"rendered":"Disque, perle, entretoise en argent 925. Diff\u00e9rentes tailles Emball\u00e9 par 10 pi\u00e8ces"},"content":{"rendered":"<div class=\"product-addition-content\">\n<p>Argent 925, disques en argent sterling.<br \/>\nCourbe, forme organique<\/p>\n<p>Entretoises.<\/p>\n<p>Diam\u00e8tre 6 ou 8 mm<\/p>\n<\/div>\n","protected":false},"excerpt":{"rendered":"<p>Argent 925, disques en argent sterling. Courb\u00e9 <\/p>\n<p>Entretoises.<\/p>\n<p>Diam\u00e8tre 8 mm<\/p>\n","protected":false},"featured_media":7865,"comment_status":"closed","ping_status":"closed","template":"","meta":{"_acf_changed":false,"_seopress_robots_primary_cat":"none","_seopress_titles_title":"","_seopress_titles_desc":"","_seopress_robots_index":""},"more":[],"product_brand":[6914],"product_cat":[11514],"product_tag":[14029,14030,6470,6476,6645,6646,6939,6372,6641,6958,6389,6796,6792,6716,7116,6409,6794,6962,6649,21529,6655,6647,21530,14034,8045,14037,7677,6374,6798,7671,8505,6653,6651,6659,6801,6369,6550,6634,6789,7681,21531,6640,14028,6661,6643,6657,6665,9566,14044,6966,8009,9569,14032,8448,14036,9284,6778,6805,6919,6663,14042,6787,6803,6408,14040,6667],"class_list":{"0":"post-15148","1":"product","2":"type-product","3":"status-publish","4":"has-post-thumbnail","6":"product_brand-ayu","7":"product_cat-perles","8":"product_tag-6mm","9":"product_tag-8mm","10":"product_tag-6470","11":"product_tag-6476","12":"product_tag-a","13":"product_tag-acheter","14":"product_tag-acheter-2","15":"product_tag-bijoux","16":"product_tag-boucles-doreilles","17":"product_tag-boutique","18":"product_tag-boutique-en-ligne","19":"product_tag-boutique-en-ligne-2","20":"product_tag-bracelet","21":"product_tag-breloques","22":"product_tag-breloques-2","23":"product_tag-bricolage","24":"product_tag-chaine","25":"product_tag-collier","26":"product_tag-commande","27":"product_tag-courbe","28":"product_tag-drenthe","29":"product_tag-en-ligne","30":"product_tag-entre","31":"product_tag-entretoise-2","32":"product_tag-entretoises","33":"product_tag-fabrication-de-bijoux-3","34":"product_tag-fabrication-de-bijoux-par-soi-meme","35":"product_tag-faire","36":"product_tag-faire-2","37":"product_tag-faire-soi-meme","38":"product_tag-filetage","39":"product_tag-frise","40":"product_tag-groningue","41":"product_tag-gueldre","42":"product_tag-il","43":"product_tag-largent","44":"product_tag-largent-2","45":"product_tag-largent-3","46":"product_tag-limbourg","47":"product_tag-magasin-de-perles","48":"product_tag-magasin-de-perles-5","49":"product_tag-maison","50":"product_tag-moyenne","51":"product_tag-nord","52":"product_tag-ou","53":"product_tag-overijssel","54":"product_tag-pays-bas-2","55":"product_tag-perle","56":"product_tag-perle-intermediaire","57":"product_tag-perles-2","58":"product_tag-perles-3","59":"product_tag-perles-4","60":"product_tag-perles-6","61":"product_tag-perles-despacement","62":"product_tag-perles-despacement-2","63":"product_tag-pur-3","64":"product_tag-reel","65":"product_tag-soi","66":"product_tag-sterling","67":"product_tag-sud","68":"product_tag-tranches","69":"product_tag-utrecht","70":"product_tag-votre","71":"product_tag-vous","72":"product_tag-vraiment-pur","73":"product_tag-zelande","74":"product_shipping_class-standard","75":"pa_diameter-6mm","76":"pa_diameter-8mm","78":"first","79":"instock","80":"taxable","81":"shipping-taxable","82":"purchasable","83":"product-type-variable"},"acf":[],"_links":{"self":[{"href":"https:\/\/esquell.eu\/fr\/wp-json\/wp\/v2\/product\/15148","targetHints":{"allow":["GET"]}}],"collection":[{"href":"https:\/\/esquell.eu\/fr\/wp-json\/wp\/v2\/product"}],"about":[{"href":"https:\/\/esquell.eu\/fr\/wp-json\/wp\/v2\/types\/product"}],"replies":[{"embeddable":true,"href":"https:\/\/esquell.eu\/fr\/wp-json\/wp\/v2\/comments?post=15148"}],"wp:featuredmedia":[{"embeddable":true,"href":"https:\/\/esquell.eu\/fr\/wp-json\/wp\/v2\/media\/7865"}],"wp:attachment":[{"href":"https:\/\/esquell.eu\/fr\/wp-json\/wp\/v2\/media?parent=15148"}],"wp:term":[{"taxonomy":"more","embeddable":true,"href":"https:\/\/esquell.eu\/fr\/wp-json\/wp\/v2\/more?post=15148"},{"taxonomy":"product_brand","embeddable":true,"href":"https:\/\/esquell.eu\/fr\/wp-json\/wp\/v2\/product_brand?post=15148"},{"taxonomy":"product_cat","embeddable":true,"href":"https:\/\/esquell.eu\/fr\/wp-json\/wp\/v2\/product_cat?post=15148"},{"taxonomy":"product_tag","embeddable":true,"href":"https:\/\/esquell.eu\/fr\/wp-json\/wp\/v2\/product_tag?post=15148"}],"curies":[{"name":"wp","href":"https:\/\/api.w.org\/{rel}","templated":true}]}}