{"id":15110,"date":"2025-04-03T09:20:27","date_gmt":"2025-04-03T09:20:27","guid":{"rendered":"https:\/\/esquell.eu\/product\/tambour-de-polissage-tambour-lortone-modele-3a\/"},"modified":"2026-01-10T17:00:55","modified_gmt":"2026-01-10T17:00:55","slug":"tambour-de-polissage-tambour-lortone-modele-3a","status":"publish","type":"product","link":"https:\/\/esquell.eu\/fr\/produit\/tambour-de-polissage-tambour-lortone-modele-3a\/","title":{"rendered":"Tambour de polissage Tambour Lortone Mod\u00e8le 3A"},"content":{"rendered":"<p>Cette machine \u00e0 tambour Lortone a une capacit\u00e9 d&rsquo;environ un kilo, id\u00e9ale pour le polissage et le nettoyage de tous les m\u00e9taux et pierres.<br \/>\nAvec 70 watts \u00e9conomique en utilisation.<\/p>\n","protected":false},"excerpt":{"rendered":"<p>Cette machine \u00e0 tambour Lortone a une capacit\u00e9 d&rsquo;environ un kilo, id\u00e9ale pour le polissage et le nettoyage de tous les m\u00e9taux et pierres. D&rsquo;une puissance de 70 watts, elle est \u00e9conomique \u00e0 l&rsquo;usage. <\/p>\n","protected":false},"featured_media":15112,"comment_status":"closed","ping_status":"closed","template":"","meta":{"_acf_changed":false,"_seopress_robots_primary_cat":"none","_seopress_titles_title":"","_seopress_titles_desc":"","_seopress_robots_index":""},"more":[],"product_brand":[12224],"product_cat":[6366],"product_tag":[6372,13909,10191,6986,13911,8317,12900,13860,10658,10193,6369,13900,10137,12916,6428,6483,8861,13868,7506,13903,6749,13901,6984,13905,10090,13907],"class_list":{"0":"post-15110","1":"product","2":"type-product","3":"status-publish","4":"has-post-thumbnail","6":"product_brand-mtn","7":"product_cat-poncage-limage-et-polissage","8":"product_tag-bijoux","9":"product_tag-bijoux-cernit","10":"product_tag-billes-de-polissage","11":"product_tag-bon","12":"product_tag-degringolade","13":"product_tag-fort-2","14":"product_tag-giethoorn","15":"product_tag-gobelet","16":"product_tag-grains","17":"product_tag-granules","18":"product_tag-largent","19":"product_tag-lortone","20":"product_tag-metal-precieux","21":"product_tag-mtn","22":"product_tag-pierre","23":"product_tag-pierre-naturelle","24":"product_tag-polissage","25":"product_tag-polissage-3","26":"product_tag-pour","27":"product_tag-prof","28":"product_tag-professionnel","29":"product_tag-professionnel-5","30":"product_tag-qualite","31":"product_tag-solide-2","32":"product_tag-tambour-de-polissage","33":"product_tag-tir","34":"product_shipping_class-standard","36":"first","37":"instock","38":"taxable","39":"shipping-taxable","40":"purchasable","41":"product-type-simple"},"acf":[],"_links":{"self":[{"href":"https:\/\/esquell.eu\/fr\/wp-json\/wp\/v2\/product\/15110","targetHints":{"allow":["GET"]}}],"collection":[{"href":"https:\/\/esquell.eu\/fr\/wp-json\/wp\/v2\/product"}],"about":[{"href":"https:\/\/esquell.eu\/fr\/wp-json\/wp\/v2\/types\/product"}],"replies":[{"embeddable":true,"href":"https:\/\/esquell.eu\/fr\/wp-json\/wp\/v2\/comments?post=15110"}],"wp:featuredmedia":[{"embeddable":true,"href":"https:\/\/esquell.eu\/fr\/wp-json\/wp\/v2\/media\/15112"}],"wp:attachment":[{"href":"https:\/\/esquell.eu\/fr\/wp-json\/wp\/v2\/media?parent=15110"}],"wp:term":[{"taxonomy":"more","embeddable":true,"href":"https:\/\/esquell.eu\/fr\/wp-json\/wp\/v2\/more?post=15110"},{"taxonomy":"product_brand","embeddable":true,"href":"https:\/\/esquell.eu\/fr\/wp-json\/wp\/v2\/product_brand?post=15110"},{"taxonomy":"product_cat","embeddable":true,"href":"https:\/\/esquell.eu\/fr\/wp-json\/wp\/v2\/product_cat?post=15110"},{"taxonomy":"product_tag","embeddable":true,"href":"https:\/\/esquell.eu\/fr\/wp-json\/wp\/v2\/product_tag?post=15110"}],"curies":[{"name":"wp","href":"https:\/\/api.w.org\/{rel}","templated":true}]}}