{"id":15103,"date":"2025-04-03T09:20:27","date_gmt":"2025-04-03T09:20:27","guid":{"rendered":"https:\/\/esquell.eu\/product\/pince-a-souder-resistante-a-la-chaleur-pince-a-souder-auto-obturante-pince-a-souder-en-croix\/"},"modified":"2026-01-10T17:00:58","modified_gmt":"2026-01-10T17:00:58","slug":"pince-a-souder-resistante-a-la-chaleur-pince-a-souder-auto-obturante-pince-a-souder-en-croix","status":"publish","type":"product","link":"https:\/\/esquell.eu\/fr\/produit\/pince-a-souder-resistante-a-la-chaleur-pince-a-souder-auto-obturante-pince-a-souder-en-croix\/","title":{"rendered":"Pince \u00e0 souder, r\u00e9sistante \u00e0 la chaleur, pince \u00e0 souder auto-obturante, pince \u00e0 souder en croix"},"content":{"rendered":"<p>Pince \u00e0 souder. Fermeture automatique. Ignifug\u00e9.   Autolock<\/p>\n<p>Ces pinces maintiennent votre pi\u00e8ce devant vous sans avoir \u00e0 la serrer.<\/p>\n<p>Utile pour la soudure, la cuisson, etc.<\/p>\n<p>Convient \u00e9galement sous la lampe UV lorsque vous travaillez avec de la r\u00e9sine UV. Sous la lampe, votre pi\u00e8ce devient chaude. Les pinces peuvent alors maintenir la pi\u00e8ce.  <\/p>\n","protected":false},"excerpt":{"rendered":"<p>Pince \u00e0 souder. Fermeture automatique. Ignifug\u00e9.  <\/p>\n<p>Ces pinces maintiennent votre pi\u00e8ce devant vous sans avoir \u00e0 la serrer.<\/p>\n<p>Convient \u00e9galement sous la lampe UV lorsque vous travaillez avec de la r\u00e9sine UV. Sous la lampe, votre pi\u00e8ce devient chaude. Les pinces peuvent alors maintenir la pi\u00e8ce.  <\/p>\n<p>&nbsp;<\/p>\n<p>&nbsp;<\/p>\n","protected":false},"featured_media":26755,"comment_status":"closed","ping_status":"closed","template":"","meta":{"_acf_changed":false,"_seopress_robots_primary_cat":"none","_seopress_titles_title":"","_seopress_titles_desc":"","_seopress_robots_index":""},"more":[],"product_brand":[6363,9626],"product_cat":[9823,7412,7397,10058],"product_tag":[6470,6477,6476,6645,8048,13154,6646,6397,6923,7098,6638,8329,6473,6390,8749,6565,6575,20855,8620,6393,6372,6642,7654,6402,8350,8737,6641,6958,8735,6389,8355,8741,6941,6792,11642,8739,6738,8424,13869,11757,6655,6647,13872,20860,6785,6849,6401,6653,6651,6659,7659,7662,20859,20858,6369,6634,8745,6789,7851,7650,13735,6708,7031,8747,7428,7657,6661,6567,6643,7405,6636,6726,6657,13540,11756,6665,6428,13778,20857,21908,13536,7029,8743,8736,6471,6751,13538,7774,9894,9896,13233,13122,20856,8078,11637,6919,6663,6787,9892,7102,6408,6667,6482],"class_list":{"0":"post-15103","1":"product","2":"type-product","3":"status-publish","4":"has-post-thumbnail","6":"product_brand-bm","7":"product_brand-hh","8":"product_cat-bake-off","9":"product_cat-outils-de-base","10":"product_cat-pince-et-pince-a-epiler","11":"product_cat-soudure","12":"product_tag-6470","13":"product_tag-6477","14":"product_tag-6476","15":"product_tag-a","16":"product_tag-a-vendre","17":"product_tag-a-vendre-3","18":"product_tag-acheter","19":"product_tag-allemagne","20":"product_tag-amsterdam","21":"product_tag-anneau","22":"product_tag-anneaux","23":"product_tag-argent-fin","24":"product_tag-argile-2","25":"product_tag-argile-metallique-2","26":"product_tag-assecoires","27":"product_tag-atelier","28":"product_tag-ateliers","29":"product_tag-auto","30":"product_tag-base-de-connaissances","31":"product_tag-belgique","32":"product_tag-bijoux","33":"product_tag-bijoux-2","34":"product_tag-bijoux-5","35":"product_tag-bon-marche","36":"product_tag-boucle-doreille","37":"product_tag-boucle-doreille-2","38":"product_tag-boucles-doreilles","39":"product_tag-boutique","40":"product_tag-boutique-2","41":"product_tag-boutique-en-ligne","42":"product_tag-bouton-doreille","43":"product_tag-bouton-doreille-2","44":"product_tag-brabant","45":"product_tag-bracelet","46":"product_tag-chaleur-2","47":"product_tag-clous-doreilles-2","48":"product_tag-cool","49":"product_tag-cooltools","50":"product_tag-danemark","51":"product_tag-doux","52":"product_tag-drenthe","53":"product_tag-en-ligne","54":"product_tag-fermeture-2","55":"product_tag-fixe","56":"product_tag-flevoland","57":"product_tag-formulaires","58":"product_tag-france","59":"product_tag-frise","60":"product_tag-groningue","61":"product_tag-gueldre","62":"product_tag-hollande-du-nord","63":"product_tag-hollande-du-sud","64":"product_tag-incendie-2","65":"product_tag-jeu-de-goupilles","66":"product_tag-largent","67":"product_tag-largent-3","68":"product_tag-la-texture","69":"product_tag-limbourg","70":"product_tag-manuel","71":"product_tag-manuels","72":"product_tag-mastic","73":"product_tag-mercerie","74":"product_tag-metal-2","75":"product_tag-modeles","76":"product_tag-naturel","77":"product_tag-nop","78":"product_tag-nord","79":"product_tag-offrir","80":"product_tag-ou","81":"product_tag-outil-2","82":"product_tag-outils","83":"product_tag-outils-2","84":"product_tag-overijssel","85":"product_tag-pate-a-braser-argentee","86":"product_tag-pate-a-souder","87":"product_tag-pays-bas-2","88":"product_tag-pierre","89":"product_tag-pince-a-souder","90":"product_tag-pinces-croisees","91":"product_tag-pinces-croisees-2","92":"product_tag-pincettes","93":"product_tag-pmc","94":"product_tag-poncage","95":"product_tag-presomptueux","96":"product_tag-recycle","97":"product_tag-reduction","98":"product_tag-refractaire","99":"product_tag-resine","100":"product_tag-resine-2","101":"product_tag-resine-acrylique","102":"product_tag-resistant","103":"product_tag-resistant-a-la-chaleur","104":"product_tag-serrure-4","105":"product_tag-soudure","106":"product_tag-soudure-a-largent","107":"product_tag-sterling","108":"product_tag-sud","109":"product_tag-utrecht","110":"product_tag-uv","111":"product_tag-vasieres","112":"product_tag-vous","113":"product_tag-zelande","114":"product_tag-zircone","115":"product_shipping_class-standard","117":"first","118":"instock","119":"taxable","120":"shipping-taxable","121":"purchasable","122":"product-type-simple"},"acf":[],"_links":{"self":[{"href":"https:\/\/esquell.eu\/fr\/wp-json\/wp\/v2\/product\/15103","targetHints":{"allow":["GET"]}}],"collection":[{"href":"https:\/\/esquell.eu\/fr\/wp-json\/wp\/v2\/product"}],"about":[{"href":"https:\/\/esquell.eu\/fr\/wp-json\/wp\/v2\/types\/product"}],"replies":[{"embeddable":true,"href":"https:\/\/esquell.eu\/fr\/wp-json\/wp\/v2\/comments?post=15103"}],"wp:featuredmedia":[{"embeddable":true,"href":"https:\/\/esquell.eu\/fr\/wp-json\/wp\/v2\/media\/26755"}],"wp:attachment":[{"href":"https:\/\/esquell.eu\/fr\/wp-json\/wp\/v2\/media?parent=15103"}],"wp:term":[{"taxonomy":"more","embeddable":true,"href":"https:\/\/esquell.eu\/fr\/wp-json\/wp\/v2\/more?post=15103"},{"taxonomy":"product_brand","embeddable":true,"href":"https:\/\/esquell.eu\/fr\/wp-json\/wp\/v2\/product_brand?post=15103"},{"taxonomy":"product_cat","embeddable":true,"href":"https:\/\/esquell.eu\/fr\/wp-json\/wp\/v2\/product_cat?post=15103"},{"taxonomy":"product_tag","embeddable":true,"href":"https:\/\/esquell.eu\/fr\/wp-json\/wp\/v2\/product_tag?post=15103"}],"curies":[{"name":"wp","href":"https:\/\/api.w.org\/{rel}","templated":true}]}}