{"id":15079,"date":"2025-04-03T09:20:27","date_gmt":"2025-04-03T09:20:27","guid":{"rendered":"https:\/\/esquell.eu\/product\/disque-abrasif-m3-rouge-320-600-zr-059\/"},"modified":"2026-01-10T17:01:25","modified_gmt":"2026-01-10T17:01:25","slug":"disque-abrasif-m3-rouge-320-600-zr-059","status":"publish","type":"product","link":"https:\/\/esquell.eu\/fr\/produit\/disque-abrasif-m3-rouge-320-600-zr-059\/","title":{"rendered":"Disque abrasif M3 rouge 320-600 ZR-059"},"content":{"rendered":"<p>Patin \u00e0 poncer grossier pour la finition\/le pon\u00e7age par exemple de l&rsquo;argile m\u00e9tallique sous forme d&rsquo;argile ou le pon\u00e7age du m\u00e9tal cuit.<br \/>\nConvient \u00e9galement \u00e0 d&rsquo;autres types de m\u00e9tal.<\/p>\n<p>Convient au pon\u00e7age \u00e0 sec et \u00e0 l&rsquo;eau.<br \/>\nOrdre d&rsquo;utilisation de grossier \u00e0 fin : rouge, bleu, vert.<\/p>\n","protected":false},"excerpt":{"rendered":"<p>Tampon de pon\u00e7age grossier pour la finition de l&rsquo;argile argent\u00e9e.<\/p>\n<p>Ordre d&rsquo;utilisation de grossier \u00e0 fin : rouge, bleu, vert.<\/p>\n<p>Les tampons de pon\u00e7age peuvent \u00eatre utilis\u00e9s aussi bien sur l&rsquo;argile que sur la pi\u00e8ce cuite.<\/p>\n<p>Les tampons sont facilement d\u00e9coup\u00e9s pour les travaux fins.<\/p>\n<p>1150 * 140* 5mm<\/p>\n<p>&nbsp;<\/p>\n<p>Cette toile abrasive grossi\u00e8re a un grain de 320 \u00e0 600 (Superfine) et est id\u00e9ale pour poncer et polir vos pi\u00e8ces. Vous devez toujours utiliser cette toile en premier, puis la toile moyenne (ultrafine) et enfin la toile fine (microfine). Ces chiffons \u00e0 poncer conviennent aussi bien \u00e0 l&rsquo;argile s\u00e9ch\u00e9e qu&rsquo;\u00e0 l&rsquo;argile chauff\u00e9e. La couleur de cet article peut diff\u00e9rer de celle de la photo. 115 x 140 x 5mm    <\/p>\n","protected":false},"featured_media":15080,"comment_status":"closed","ping_status":"closed","template":"","meta":{"_acf_changed":false,"_seopress_robots_primary_cat":"none","_seopress_titles_title":"","_seopress_titles_desc":"","_seopress_robots_index":""},"more":[],"product_brand":[13825],"product_cat":[7412,6366],"product_tag":[6404,6378,6390,6372,10197,11839,13828,8861,10199,8743,13830,13827],"class_list":{"0":"post-15079","1":"product","2":"type-product","3":"status-publish","4":"has-post-thumbnail","6":"product_brand-vanesch","7":"product_cat-outils-de-base","8":"product_cat-poncage-limage-et-polissage","9":"product_tag-argile-argentee","10":"product_tag-argile-metallique","11":"product_tag-argile-metallique-2","12":"product_tag-bijoux","13":"product_tag-brillant-2","14":"product_tag-finition-2","15":"product_tag-m3","16":"product_tag-polissage","17":"product_tag-polissage-du-miroir","18":"product_tag-poncage","19":"product_tag-softback","20":"product_tag-tampons-de-poncage","21":"product_shipping_class-standard","22":"pa_korrel-1200-1500","23":"pa_korrel-320-600","24":"pa_korrel-800-1000","25":"pa_korrel-ensemble-de-3","27":"first","28":"instock","29":"sale","30":"taxable","31":"shipping-taxable","32":"purchasable","33":"product-type-variable"},"acf":[],"_links":{"self":[{"href":"https:\/\/esquell.eu\/fr\/wp-json\/wp\/v2\/product\/15079","targetHints":{"allow":["GET"]}}],"collection":[{"href":"https:\/\/esquell.eu\/fr\/wp-json\/wp\/v2\/product"}],"about":[{"href":"https:\/\/esquell.eu\/fr\/wp-json\/wp\/v2\/types\/product"}],"replies":[{"embeddable":true,"href":"https:\/\/esquell.eu\/fr\/wp-json\/wp\/v2\/comments?post=15079"}],"wp:featuredmedia":[{"embeddable":true,"href":"https:\/\/esquell.eu\/fr\/wp-json\/wp\/v2\/media\/15080"}],"wp:attachment":[{"href":"https:\/\/esquell.eu\/fr\/wp-json\/wp\/v2\/media?parent=15079"}],"wp:term":[{"taxonomy":"more","embeddable":true,"href":"https:\/\/esquell.eu\/fr\/wp-json\/wp\/v2\/more?post=15079"},{"taxonomy":"product_brand","embeddable":true,"href":"https:\/\/esquell.eu\/fr\/wp-json\/wp\/v2\/product_brand?post=15079"},{"taxonomy":"product_cat","embeddable":true,"href":"https:\/\/esquell.eu\/fr\/wp-json\/wp\/v2\/product_cat?post=15079"},{"taxonomy":"product_tag","embeddable":true,"href":"https:\/\/esquell.eu\/fr\/wp-json\/wp\/v2\/product_tag?post=15079"}],"curies":[{"name":"wp","href":"https:\/\/api.w.org\/{rel}","templated":true}]}}