{"id":15070,"date":"2025-04-03T09:20:37","date_gmt":"2025-04-03T09:20:37","guid":{"rendered":"https:\/\/esquell.eu\/product\/set-de-soudure-et-de-cuisson-souder-des-bijoux-et-cuire-de-la-pate-dargent\/"},"modified":"2025-11-08T12:48:25","modified_gmt":"2025-11-08T12:48:25","slug":"set-de-soudure-et-de-cuisson-souder-des-bijoux-et-cuire-de-la-pate-dargent","status":"publish","type":"product","link":"https:\/\/esquell.eu\/fr\/produit\/set-de-soudure-et-de-cuisson-souder-des-bijoux-et-cuire-de-la-pate-dargent\/","title":{"rendered":"Set de soudure et de cuisson. Souder des bijoux et cuire de la p\u00e2te d&rsquo;argent."},"content":{"rendered":"<p>Set pour souder des bijoux en argent et cuire de la p\u00e2te d&rsquo;argent.<\/p>\n<ul>\n<li>Chalumeau \/ micro chalumeau \/ br\u00fbleur \u00e0 gaz manuel<\/li>\n<li>Bloc de soudure en vermiculite<\/li>\n<li>Bloc de charbon de bois pour conserver la chaleur<\/li>\n<li>Pince \u00e0 souder \u00e0 fermeture automatique r\u00e9sistante \u00e0 la chaleur<\/li>\n<li>P\u00e2te \u00e0 braser \u00e0 l&rsquo;argent 650 \/ 8 gr (soudure \u00e0 l&rsquo;argent et flux en un) Cette p\u00e2te \u00e0 braser fond \u00e0 une temp\u00e9rature de 650\u00b0C<\/li>\n<li>Grille de cuisson<\/li>\n<li>Cage de d\u00e9tartrage<\/li>\n<\/ul>\n","protected":false},"excerpt":{"rendered":"<p>Set pour souder des bijoux en argent et cuire de la p\u00e2te d&rsquo;argent.<\/p>\n<ul>\n<li>Chalumeau \/ micro chalumeau \/ br\u00fbleur \u00e0 gaz manuel<\/li>\n<li>Bloc de soudure en vermiculite<\/li>\n<li>Bloc de charbon de bois pour conserver la chaleur<\/li>\n<li>Pince \u00e0 souder \u00e0 fermeture automatique r\u00e9sistante \u00e0 la chaleur<\/li>\n<li>P\u00e2te \u00e0 braser \u00e0 l&rsquo;argent 650 \/ 8 gr (soudure \u00e0 l&rsquo;argent et flux en un) Cette p\u00e2te \u00e0 braser fond \u00e0 une temp\u00e9rature de 650\u00b0C<\/li>\n<li>Grille de cuisson<\/li>\n<li>Cage de d\u00e9tartrage<\/li>\n<\/ul>\n<p>&nbsp;<\/p>\n<p>Brasage manuel avec de la p\u00e2te \u00e0 braser \u00e0 l&rsquo;argent<\/p>\n<p>&nbsp;<\/p>\n","protected":false},"featured_media":7011,"comment_status":"closed","ping_status":"closed","template":"","meta":{"_acf_changed":false,"_seopress_robots_primary_cat":"none","_seopress_titles_title":"","_seopress_titles_desc":"","_seopress_robots_index":""},"more":[],"product_brand":[6382,6363,13644,13777],"product_cat":[10058],"product_tag":[6470,6476,6645,6646,6939,6473,6404,6378,7525,6575,6393,6372,11643,13784,13782,13790,6402,11814,6958,6389,6796,6941,20927,6409,11406,20930,11646,11640,6649,20920,11407,8641,11757,6655,11505,6647,6763,6374,6798,13792,20918,6785,6635,6653,10880,13786,13572,6651,6659,13796,6801,6761,8722,8428,6369,6550,6634,6472,6789,7681,13788,13780,11811,6661,6410,6567,6652,6643,7405,6657,6391,6665,6966,6644,13778,13536,13794,6749,6805,20924,8078,11637,6663,8647,13542,20922,6787,13647,6803,6667],"class_list":{"0":"post-15070","1":"product","2":"type-product","3":"status-publish","4":"has-post-thumbnail","6":"product_brand-acs","7":"product_brand-bm","8":"product_brand-diender","9":"product_brand-wiegman","10":"product_cat-soudure","11":"product_tag-6470","12":"product_tag-6476","13":"product_tag-a","14":"product_tag-acheter","15":"product_tag-acheter-2","16":"product_tag-argile-2","17":"product_tag-argile-argentee","18":"product_tag-argile-metallique","19":"product_tag-art-clay-argent","20":"product_tag-ateliers","21":"product_tag-belgique","22":"product_tag-bijoux","23":"product_tag-bloc-de-charbon-de-bois","24":"product_tag-bloc-de-soudure","25":"product_tag-bloc-de-vermiculite","26":"product_tag-blocage-automatique","27":"product_tag-bon-marche","28":"product_tag-boraxine","29":"product_tag-boutique","30":"product_tag-boutique-en-ligne","31":"product_tag-boutique-en-ligne-2","32":"product_tag-brabant","33":"product_tag-brasage-au-gaz","34":"product_tag-bricolage","35":"product_tag-bruleur-a-gaz","36":"product_tag-cage-de-demarcation","37":"product_tag-chaleur-3","38":"product_tag-charbon-de-bois","39":"product_tag-commande","40":"product_tag-conduite","41":"product_tag-cuisiniere-a-gaz","42":"product_tag-cuisson","43":"product_tag-doux","44":"product_tag-drenthe","45":"product_tag-dur","46":"product_tag-en-ligne","47":"product_tag-facebook","48":"product_tag-faire","49":"product_tag-faire-2","50":"product_tag-fermeture-automatique","51":"product_tag-fermeture-automatique-2","52":"product_tag-flevoland","53":"product_tag-fournitures","54":"product_tag-frise","55":"product_tag-gaz-butane","56":"product_tag-goedoop","57":"product_tag-grille-de-cuisson","58":"product_tag-groningue","59":"product_tag-gueldre","60":"product_tag-guide","61":"product_tag-il","62":"product_tag-instagram","63":"product_tag-internet","64":"product_tag-kit-de-demarrage","65":"product_tag-largent","66":"product_tag-largent-2","67":"product_tag-largent-3","68":"product_tag-lart","69":"product_tag-limbourg","70":"product_tag-magasin-de-perles","71":"product_tag-meme-bruler","72":"product_tag-microtorche","73":"product_tag-moyen","74":"product_tag-nord","75":"product_tag-nouveau","76":"product_tag-offrir","77":"product_tag-orfevres","78":"product_tag-ou","79":"product_tag-outil-2","80":"product_tag-overijssel","81":"product_tag-pays-bas","82":"product_tag-pays-bas-2","83":"product_tag-perles-2","84":"product_tag-pieces","85":"product_tag-pince-a-souder","86":"product_tag-pincettes","87":"product_tag-pincettes-2","88":"product_tag-professionnel","89":"product_tag-soi","90":"product_tag-soudeur-de-gaz","91":"product_tag-soudure","92":"product_tag-soudure-a-largent","93":"product_tag-sud","94":"product_tag-torche","95":"product_tag-torche-a-souder","96":"product_tag-torche-a-souder-a-gaz","97":"product_tag-utrecht","98":"product_tag-vermiculite-2","99":"product_tag-votre","100":"product_tag-zelande","101":"product_shipping_class-standard","103":"first","104":"instock","105":"sale","106":"taxable","107":"shipping-taxable","108":"purchasable","109":"product-type-simple"},"acf":[],"_links":{"self":[{"href":"https:\/\/esquell.eu\/fr\/wp-json\/wp\/v2\/product\/15070","targetHints":{"allow":["GET"]}}],"collection":[{"href":"https:\/\/esquell.eu\/fr\/wp-json\/wp\/v2\/product"}],"about":[{"href":"https:\/\/esquell.eu\/fr\/wp-json\/wp\/v2\/types\/product"}],"replies":[{"embeddable":true,"href":"https:\/\/esquell.eu\/fr\/wp-json\/wp\/v2\/comments?post=15070"}],"wp:featuredmedia":[{"embeddable":true,"href":"https:\/\/esquell.eu\/fr\/wp-json\/wp\/v2\/media\/7011"}],"wp:attachment":[{"href":"https:\/\/esquell.eu\/fr\/wp-json\/wp\/v2\/media?parent=15070"}],"wp:term":[{"taxonomy":"more","embeddable":true,"href":"https:\/\/esquell.eu\/fr\/wp-json\/wp\/v2\/more?post=15070"},{"taxonomy":"product_brand","embeddable":true,"href":"https:\/\/esquell.eu\/fr\/wp-json\/wp\/v2\/product_brand?post=15070"},{"taxonomy":"product_cat","embeddable":true,"href":"https:\/\/esquell.eu\/fr\/wp-json\/wp\/v2\/product_cat?post=15070"},{"taxonomy":"product_tag","embeddable":true,"href":"https:\/\/esquell.eu\/fr\/wp-json\/wp\/v2\/product_tag?post=15070"}],"curies":[{"name":"wp","href":"https:\/\/api.w.org\/{rel}","templated":true}]}}