{"id":15067,"date":"2025-04-03T09:20:37","date_gmt":"2025-04-03T09:20:37","guid":{"rendered":"https:\/\/esquell.eu\/product\/set-baguette-en-plastique-anneau-pour-determiner-la-taille-de-la-bague-taille-universelle\/"},"modified":"2025-11-08T19:46:37","modified_gmt":"2025-11-08T19:46:37","slug":"set-baguette-en-plastique-anneau-pour-determiner-la-taille-de-la-bague-taille-universelle","status":"publish","type":"product","link":"https:\/\/esquell.eu\/fr\/produit\/set-baguette-en-plastique-anneau-pour-determiner-la-taille-de-la-bague-taille-universelle\/","title":{"rendered":"Set baguette en plastique + anneau pour d\u00e9terminer la taille de la bague. Taille universelle"},"content":{"rendered":"<p>Ensemble compos\u00e9 d&rsquo;un b\u00e2ton d&rsquo;anneau en plastique + d&rsquo;une grappe d&rsquo;anneaux en plastique avec des anneaux de fixation.<br \/>\nTaille universelle<\/p>\n<p>* la couleur de la grappe d&rsquo;anneaux de fixation peut varier.<\/p>\n","protected":false},"excerpt":{"rendered":"<p>Ensemble compos\u00e9 d&rsquo;un b\u00e2ton d&rsquo;anneau en plastique + d&rsquo;une grappe d&rsquo;anneaux en plastique avec des anneaux de fixation.<br \/>\nTaille universelle<\/p>\n<p>* la couleur de la grappe d&rsquo;anneaux de fixation peut varier.<\/p>\n","protected":false},"featured_media":4415,"comment_status":"closed","ping_status":"closed","template":"","meta":{"_acf_changed":false,"_seopress_robots_primary_cat":"none","_seopress_titles_title":"","_seopress_titles_desc":"","_seopress_robots_index":""},"more":[],"product_brand":[6398],"product_cat":[7396],"product_tag":[6470,6477,6476,13781,7016,6923,7098,6638,13798,8329,6473,6390,8749,13773,13795,11347,8620,6372,6642,7654,8350,8737,6641,13791,8355,8741,6941,6792,12603,6716,13369,6794,8739,8224,6738,8424,13360,7640,7037,13783,13793,13776,6785,13789,6849,6481,6659,7659,7662,6369,6634,13785,8996,8745,13779,6789,8363,7851,7650,13774,13775,13735,6708,7031,8747,7428,7657,6661,7405,6636,6726,8718,6657,13787,13797,6665,6774,6966,6428,6484,7602,12910,7029,8743,8736,6922,13126,11479,6471,6964,8731,6919,6663,7638,11295,10562,11291,6787,7102,6408,6667,6482],"class_list":{"0":"post-15067","1":"product","2":"type-product","3":"status-publish","4":"has-post-thumbnail","6":"product_brand-l1","7":"product_cat-outils-pour-anneaux","8":"product_tag-6470","9":"product_tag-6477","10":"product_tag-6476","11":"product_tag-academie-2","12":"product_tag-amende-2","13":"product_tag-amsterdam","14":"product_tag-anneau","15":"product_tag-anneaux","16":"product_tag-anneaux-frise","17":"product_tag-argent-fin","18":"product_tag-argile-2","19":"product_tag-argile-metallique-2","20":"product_tag-assecoires","21":"product_tag-astuces","22":"product_tag-bagues-de-fixation","23":"product_tag-baguette","24":"product_tag-base-de-connaissances","25":"product_tag-bijoux","26":"product_tag-bijoux-2","27":"product_tag-bijoux-5","28":"product_tag-boucle-doreille","29":"product_tag-boucle-doreille-2","30":"product_tag-boucles-doreilles","31":"product_tag-bouquet-de-bagues","32":"product_tag-bouton-doreille","33":"product_tag-bouton-doreille-2","34":"product_tag-brabant","35":"product_tag-bracelet","36":"product_tag-bracelet-2","37":"product_tag-breloques","38":"product_tag-calculer","39":"product_tag-chaine","40":"product_tag-clous-doreilles-2","41":"product_tag-conseils","42":"product_tag-cool","43":"product_tag-cooltools","44":"product_tag-determiner","45":"product_tag-diamant-2","46":"product_tag-durable","47":"product_tag-ecologique-2","48":"product_tag-enjeu","49":"product_tag-exemples","50":"product_tag-flevoland","51":"product_tag-foret-circulaire","52":"product_tag-formulaires","53":"product_tag-galets","54":"product_tag-gueldre","55":"product_tag-hollande-du-nord","56":"product_tag-hollande-du-sud","57":"product_tag-largent","58":"product_tag-largent-3","59":"product_tag-lenvironnement","60":"product_tag-linspiration","61":"product_tag-la-texture","62":"product_tag-les-3","63":"product_tag-limbourg","64":"product_tag-manchette","65":"product_tag-manuel","66":"product_tag-manuels","67":"product_tag-marque-3","68":"product_tag-marque-de-maitre","69":"product_tag-mastic","70":"product_tag-mercerie","71":"product_tag-metal-2","72":"product_tag-modeles","73":"product_tag-naturel","74":"product_tag-nop","75":"product_tag-nord","76":"product_tag-outil-2","77":"product_tag-outils","78":"product_tag-outils-2","79":"product_tag-outils-en-argile","80":"product_tag-overijssel","81":"product_tag-paillettes","82":"product_tag-passer","83":"product_tag-pays-bas-2","84":"product_tag-pendentif","85":"product_tag-perles-2","86":"product_tag-pierre","87":"product_tag-pierre-precieuse","88":"product_tag-pierres-precieuses","89":"product_tag-pierres-precieuses-3","90":"product_tag-pmc","91":"product_tag-poncage","92":"product_tag-presomptueux","93":"product_tag-pur","94":"product_tag-qui","95":"product_tag-recyclage","96":"product_tag-recycle","97":"product_tag-sollid","98":"product_tag-spatules-en-argile","99":"product_tag-sterling","100":"product_tag-sud","101":"product_tag-swarovski","102":"product_tag-taille","103":"product_tag-taille-de-lanneau","104":"product_tag-tailles","105":"product_tag-utrecht","106":"product_tag-vasieres","107":"product_tag-vous","108":"product_tag-zelande","109":"product_tag-zircone","110":"product_shipping_class-standard","112":"first","113":"instock","114":"taxable","115":"shipping-taxable","116":"purchasable","117":"product-type-simple"},"acf":[],"_links":{"self":[{"href":"https:\/\/esquell.eu\/fr\/wp-json\/wp\/v2\/product\/15067","targetHints":{"allow":["GET"]}}],"collection":[{"href":"https:\/\/esquell.eu\/fr\/wp-json\/wp\/v2\/product"}],"about":[{"href":"https:\/\/esquell.eu\/fr\/wp-json\/wp\/v2\/types\/product"}],"replies":[{"embeddable":true,"href":"https:\/\/esquell.eu\/fr\/wp-json\/wp\/v2\/comments?post=15067"}],"wp:featuredmedia":[{"embeddable":true,"href":"https:\/\/esquell.eu\/fr\/wp-json\/wp\/v2\/media\/4415"}],"wp:attachment":[{"href":"https:\/\/esquell.eu\/fr\/wp-json\/wp\/v2\/media?parent=15067"}],"wp:term":[{"taxonomy":"more","embeddable":true,"href":"https:\/\/esquell.eu\/fr\/wp-json\/wp\/v2\/more?post=15067"},{"taxonomy":"product_brand","embeddable":true,"href":"https:\/\/esquell.eu\/fr\/wp-json\/wp\/v2\/product_brand?post=15067"},{"taxonomy":"product_cat","embeddable":true,"href":"https:\/\/esquell.eu\/fr\/wp-json\/wp\/v2\/product_cat?post=15067"},{"taxonomy":"product_tag","embeddable":true,"href":"https:\/\/esquell.eu\/fr\/wp-json\/wp\/v2\/product_tag?post=15067"}],"curies":[{"name":"wp","href":"https:\/\/api.w.org\/{rel}","templated":true}]}}