{"id":15048,"date":"2025-04-03T09:20:37","date_gmt":"2025-04-03T09:20:37","guid":{"rendered":"https:\/\/esquell.eu\/product\/poudre-pour-marinades-150-g\/"},"modified":"2026-01-10T17:02:42","modified_gmt":"2026-01-10T17:02:42","slug":"poudre-pour-marinades-150-g","status":"publish","type":"product","link":"https:\/\/esquell.eu\/fr\/produit\/poudre-pour-marinades-150-g\/","title":{"rendered":"Poudre pour marinades 150 g"},"content":{"rendered":"<p>La poudre de d\u00e9capage est un agent de d\u00e9coction 100 % naturel et non toxique qui permet d&rsquo;\u00e9liminer en toute s\u00e9curit\u00e9 l&rsquo;oxydation des m\u00e9taux tels que le cuivre, le bronze et l&rsquo;argent. Il convient \u00e9galement pour \u00e9liminer le flux de soudure et la d\u00e9coloration apr\u00e8s soudure. <\/p>\n<p><strong>Utilisation :<br \/>\n<\/strong>Ajoutez 1 cuill\u00e8re \u00e0 soupe de poudre de d\u00e9capage \u00e0 200 ml d&rsquo;eau bouillante.<strong><br \/>\n<\/strong>Mettez-y vos bijoux et laissez-les pendant 10 minutes ou plus. Retirez le bijou et rincez-le \u00e0 l&rsquo;eau claire. Picklean n&rsquo;est pas toxique pour l&rsquo;environnement et peut \u00eatre \u00e9limin\u00e9 par les \u00e9gouts.  <\/p>\n<p><strong>Important<br \/>\n<\/strong>Utilisez une pince \u00e0 \u00e9piler en laiton ou en plastique pour retirer vos bijoux du bain.<\/p>\n<p><strong>R\u00e9utilisable<br \/>\n<\/strong>La solution peut \u00eatre utilis\u00e9e plus souvent. R\u00e9chauffez la solution au micro-ondes, sur une bougie ou sur une plaque \u00e9lectrique. <strong><br \/>\n<\/strong>Les cristaux qui ont pu durcir se dissolvent simplement \u00e0 nouveau.<strong><br \/>\n<\/strong>Si la solution devient trouble ou bleue, changez de bain.<strong><br \/>\n<\/strong><\/p>\n<p><strong>Argile m\u00e9tallique<\/strong><\/p>\n<p>La poudre Picklean est utilis\u00e9e pour dissoudre les d\u00e9p\u00f4ts laiss\u00e9s apr\u00e8s la cuisson de l&rsquo;argile argent\u00e9e, de l&rsquo;argile bronze ou de l&rsquo;argile cuivre.<\/p>\n<p>Ce produit \u00e9limine l&rsquo;oxydation des bijoux qui viennent d&rsquo;\u00eatre soud\u00e9s et des pi\u00e8ces en SV 950 et SV 925 qui sont cuites en m\u00eame temps que des objets Art Clay.<\/p>\n","protected":false},"excerpt":{"rendered":"<p>La poudre de d\u00e9capage est un agent de d\u00e9coction 100 % naturel et non toxique qui permet d&rsquo;\u00e9liminer en toute s\u00e9curit\u00e9 l&rsquo;oxydation des m\u00e9taux tels que le cuivre, le bronze et l&rsquo;argent. Il convient \u00e9galement pour \u00e9liminer le flux de soudure et la d\u00e9coloration apr\u00e8s soudure. <\/p>\n<p>&nbsp;<\/p>\n<p><strong>Utilisation :<br \/>\n<\/strong>Ajoutez 1 cuill\u00e8re \u00e0 soupe de poudre de d\u00e9capage \u00e0 200 ml d&rsquo;eau bouillante.  <strong><br \/>\n<\/strong>Mettez-y vos bijoux et laissez-les pendant 10 minutes ou plus. Retirez le bijou et rincez-le \u00e0 l&rsquo;eau claire. Picklean n&rsquo;est pas toxique pour l&rsquo;environnement et peut \u00eatre \u00e9limin\u00e9 par les \u00e9gouts.  <\/p>\n<p><strong> <\/strong><\/p>\n<p><strong>Important<br \/>\n<\/strong>Utilisez une pince \u00e0 \u00e9piler en laiton ou en plastique pour retirer vos bijoux du bain.<\/p>\n<p>&nbsp;<\/p>\n<p><strong>R\u00e9utilisable<br \/>\n<\/strong>La solution peut \u00eatre utilis\u00e9e plus souvent. R\u00e9chauffez la solution au micro-ondes, sur une bougie ou sur une plaque \u00e9lectrique.   <strong><br \/>\n<\/strong>Les cristaux qui ont pu durcir se dissolvent simplement \u00e0 nouveau.  <strong><br \/>\n<\/strong>Si la solution devient trouble ou bleue, changez de bain.<strong><br \/>\n<\/strong><\/p>\n<p><strong> <\/strong><\/p>\n<p><strong>Argile m\u00e9tallique<\/strong><\/p>\n<p>La poudre Picklean est utilis\u00e9e pour dissoudre les d\u00e9p\u00f4ts laiss\u00e9s apr\u00e8s la cuisson de l&rsquo;argile argent\u00e9e, de l&rsquo;argile bronze ou de l&rsquo;argile cuivre.<\/p>\n<p>Ce produit \u00e9limine l&rsquo;oxydation des bijoux qui viennent d&rsquo;\u00eatre soud\u00e9s et des pi\u00e8ces en SV 950 et SV 925 qui sont cuites en m\u00eame temps que des objets Art Clay.<\/p>\n<p>&nbsp;<\/p>\n<p><strong> <\/strong><\/p>\n<p>&nbsp;<\/p>\n<p>&nbsp;<\/p>\n<p>&nbsp;<\/p>\n<p>&nbsp;<\/p>\n<p>&nbsp;<\/p>\n<p>&nbsp;<\/p>\n<p>&nbsp;<\/p>\n","protected":false},"featured_media":15051,"comment_status":"closed","ping_status":"closed","template":"","meta":{"_acf_changed":false,"_seopress_robots_primary_cat":"none","_seopress_titles_title":"","_seopress_titles_desc":"","_seopress_robots_index":""},"more":[],"product_brand":[6521],"product_cat":[10058],"product_tag":[6473,6404,6420,7028,6405,7567,6376,10136,6393,6396,6372,6412,13695,13489,6650,13691,13522,13693,11027,6401,7479,10658,13694,6634,6369,6472,9774,6400,6656,8701,6637,7313,10082,6652,7310,7353,10145,6654,6391,7224,9771,13689,10146,10090],"class_list":{"0":"post-15048","1":"product","2":"type-product","3":"status-publish","4":"has-post-thumbnail","6":"product_brand-promethee","7":"product_cat-soudure","8":"product_tag-argile-2","9":"product_tag-argile-argentee","10":"product_tag-argile-bronze","11":"product_tag-argile-cuivreuse","12":"product_tag-artclay","13":"product_tag-artclayacademy","14":"product_tag-artclaysilver","15":"product_tag-attaque","16":"product_tag-belgique","17":"product_tag-belgique-2","18":"product_tag-bijoux","19":"product_tag-bronze","20":"product_tag-choix","21":"product_tag-choux","22":"product_tag-cuivre","23":"product_tag-decapage","24":"product_tag-decoction","25":"product_tag-ebullition","26":"product_tag-forgeage","27":"product_tag-france","28":"product_tag-france-2","29":"product_tag-grains","30":"product_tag-gravure","31":"product_tag-largent-3","32":"product_tag-largent","33":"product_tag-lart","34":"product_tag-leau","35":"product_tag-luxembourg","36":"product_tag-luxembourg-2","37":"product_tag-metal-3","38":"product_tag-orfevre","39":"product_tag-orfevre-2","40":"product_tag-orfevre-3","41":"product_tag-orfevres","42":"product_tag-orfevres-2","43":"product_tag-orfevres-3","44":"product_tag-oxydation","45":"product_tag-oxyder","46":"product_tag-pays-bas","47":"product_tag-poudre","48":"product_tag-ressource","49":"product_tag-resultat","50":"product_tag-supprimer","51":"product_tag-tambour-de-polissage","52":"product_shipping_class-standard","54":"first","55":"instock","56":"taxable","57":"shipping-taxable","58":"purchasable","59":"product-type-simple"},"acf":[],"_links":{"self":[{"href":"https:\/\/esquell.eu\/fr\/wp-json\/wp\/v2\/product\/15048","targetHints":{"allow":["GET"]}}],"collection":[{"href":"https:\/\/esquell.eu\/fr\/wp-json\/wp\/v2\/product"}],"about":[{"href":"https:\/\/esquell.eu\/fr\/wp-json\/wp\/v2\/types\/product"}],"replies":[{"embeddable":true,"href":"https:\/\/esquell.eu\/fr\/wp-json\/wp\/v2\/comments?post=15048"}],"wp:featuredmedia":[{"embeddable":true,"href":"https:\/\/esquell.eu\/fr\/wp-json\/wp\/v2\/media\/15051"}],"wp:attachment":[{"href":"https:\/\/esquell.eu\/fr\/wp-json\/wp\/v2\/media?parent=15048"}],"wp:term":[{"taxonomy":"more","embeddable":true,"href":"https:\/\/esquell.eu\/fr\/wp-json\/wp\/v2\/more?post=15048"},{"taxonomy":"product_brand","embeddable":true,"href":"https:\/\/esquell.eu\/fr\/wp-json\/wp\/v2\/product_brand?post=15048"},{"taxonomy":"product_cat","embeddable":true,"href":"https:\/\/esquell.eu\/fr\/wp-json\/wp\/v2\/product_cat?post=15048"},{"taxonomy":"product_tag","embeddable":true,"href":"https:\/\/esquell.eu\/fr\/wp-json\/wp\/v2\/product_tag?post=15048"}],"curies":[{"name":"wp","href":"https:\/\/api.w.org\/{rel}","templated":true}]}}