{"id":15041,"date":"2025-04-03T09:20:37","date_gmt":"2025-04-03T09:20:37","guid":{"rendered":"https:\/\/esquell.eu\/product\/flux-bleu\/"},"modified":"2026-01-10T17:02:26","modified_gmt":"2026-01-10T17:02:26","slug":"flux-bleu","status":"publish","type":"product","link":"https:\/\/esquell.eu\/fr\/produit\/flux-bleu\/","title":{"rendered":"Flux bleu"},"content":{"rendered":"<p>Flux bleu pr\u00eat \u00e0 l&#8217;emploi pour le brasage sous forme de p\u00e2te.<br \/>\nEnlever le tartre avec la poudre de d\u00e9capage \u00e9cologique (PICKLEAN).<\/p>\n","protected":false},"excerpt":{"rendered":"<p>Flux bleu pr\u00eat \u00e0 l&#8217;emploi pour le brasage sous forme de p\u00e2te. Eliminez la calamine avec la poudre de d\u00e9capage \u00e9cologique (PICKLEAN). <\/p>\n","protected":false},"featured_media":15042,"comment_status":"closed","ping_status":"closed","template":"","meta":{"_acf_changed":false,"_seopress_robots_primary_cat":"none","_seopress_titles_title":"","_seopress_titles_desc":"","_seopress_robots_index":""},"more":[],"product_brand":[6382],"product_cat":[10058],"product_tag":[6386,6378,6405,6376,6372,7272,13574,6409,6412,6650,6374,11027,6381,6369,6403,8682,7313,6652,8165,13706,8078,13707],"class_list":{"0":"post-15041","1":"product","2":"type-product","3":"status-publish","4":"has-post-thumbnail","6":"product_brand-acs","7":"product_cat-soudure","8":"product_tag-aida","9":"product_tag-argile-metallique","10":"product_tag-artclay","11":"product_tag-artclaysilver","12":"product_tag-bijoux","13":"product_tag-bleu-2","14":"product_tag-blueflux","15":"product_tag-bricolage","16":"product_tag-bronze","17":"product_tag-cuivre","18":"product_tag-faire","19":"product_tag-forgeage","20":"product_tag-japon","21":"product_tag-largent","22":"product_tag-lor","23":"product_tag-laiton","24":"product_tag-orfevre-2","25":"product_tag-orfevres","26":"product_tag-pates","27":"product_tag-pret-a-lemploi","28":"product_tag-soudure","29":"product_tag-titane","30":"product_shipping_class-standard","32":"first","33":"instock","34":"taxable","35":"shipping-taxable","36":"purchasable","37":"product-type-simple"},"acf":[],"_links":{"self":[{"href":"https:\/\/esquell.eu\/fr\/wp-json\/wp\/v2\/product\/15041","targetHints":{"allow":["GET"]}}],"collection":[{"href":"https:\/\/esquell.eu\/fr\/wp-json\/wp\/v2\/product"}],"about":[{"href":"https:\/\/esquell.eu\/fr\/wp-json\/wp\/v2\/types\/product"}],"replies":[{"embeddable":true,"href":"https:\/\/esquell.eu\/fr\/wp-json\/wp\/v2\/comments?post=15041"}],"wp:featuredmedia":[{"embeddable":true,"href":"https:\/\/esquell.eu\/fr\/wp-json\/wp\/v2\/media\/15042"}],"wp:attachment":[{"href":"https:\/\/esquell.eu\/fr\/wp-json\/wp\/v2\/media?parent=15041"}],"wp:term":[{"taxonomy":"more","embeddable":true,"href":"https:\/\/esquell.eu\/fr\/wp-json\/wp\/v2\/more?post=15041"},{"taxonomy":"product_brand","embeddable":true,"href":"https:\/\/esquell.eu\/fr\/wp-json\/wp\/v2\/product_brand?post=15041"},{"taxonomy":"product_cat","embeddable":true,"href":"https:\/\/esquell.eu\/fr\/wp-json\/wp\/v2\/product_cat?post=15041"},{"taxonomy":"product_tag","embeddable":true,"href":"https:\/\/esquell.eu\/fr\/wp-json\/wp\/v2\/product_tag?post=15041"}],"curies":[{"name":"wp","href":"https:\/\/api.w.org\/{rel}","templated":true}]}}