{"id":15025,"date":"2025-04-03T09:20:37","date_gmt":"2025-04-03T09:20:37","guid":{"rendered":"https:\/\/esquell.eu\/product\/couverture-en-fibres-resistante-a-la-chaleur-1818-cm\/"},"modified":"2026-01-10T17:02:24","modified_gmt":"2026-01-10T17:02:24","slug":"couverture-en-fibres-resistante-a-la-chaleur-1818-cm","status":"publish","type":"product","link":"https:\/\/esquell.eu\/fr\/produit\/couverture-en-fibres-resistante-a-la-chaleur-1818-cm\/","title":{"rendered":"Couverture en fibres r\u00e9sistante \u00e0 la chaleur 18*18 cm"},"content":{"rendered":"<p>La couverture en fibres r\u00e9sistante \u00e0 la chaleur est utilis\u00e9e pour chauffer l&rsquo;argile m\u00e9tallique.<br \/>\nVous pouvez \u00e9galement utiliser la couverture en fibres pour prot\u00e9ger les bijoux tr\u00e8s fragiles, tels que l&rsquo;argile en spray ou l&rsquo;argile de li\u00e8ge. 18*18 cm <\/p>\n","protected":false},"excerpt":{"rendered":"<p>La couverture en fibres r\u00e9sistante \u00e0 la chaleur est utilis\u00e9e pour chauffer l&rsquo;argile m\u00e9tallique. Vous pouvez \u00e9galement l&rsquo;utiliser pour prot\u00e9ger des bijoux tr\u00e8s fragiles, comme la p\u00e2te \u00e0 modeler ou la p\u00e2te de li\u00e8ge. Vous pouvez \u00e9galement couper une bande de la couverture en fibres pour la prot\u00e9ger et l&rsquo;enrouler autour des bijoux avant de les placer dans le four. N&rsquo;utilisez pas la couverture de fibres sans la feuille de fibres.<br \/>\nUtilisez des gants lorsque vous travaillez avec la couverture de fibres. \u00c9vitez d&rsquo;inhaler la poussi\u00e8re et lavez-vous les mains apr\u00e8s utilisation.    <\/p>\n","protected":false},"featured_media":15028,"comment_status":"closed","ping_status":"closed","template":"","meta":{"_acf_changed":false,"_seopress_robots_primary_cat":"none","_seopress_titles_title":"","_seopress_titles_desc":"","_seopress_robots_index":""},"more":[],"product_brand":[6521],"product_cat":[9823],"product_tag":[6638,6404,6420,7141,6378,13680,6374,8644,11385,11411,13465,6418,13683,13122,13686],"class_list":{"0":"post-15025","1":"product","2":"type-product","3":"status-publish","4":"has-post-thumbnail","6":"product_brand-promethee","7":"product_cat-bake-off","8":"product_tag-anneaux","9":"product_tag-argile-argentee","10":"product_tag-argile-bronze","11":"product_tag-argile-cuivree","12":"product_tag-argile-metallique","13":"product_tag-couverture-en-fibres","14":"product_tag-faire","15":"product_tag-four","16":"product_tag-four-2","17":"product_tag-fours","18":"product_tag-panneau-de-fibres","19":"product_tag-promethee","20":"product_tag-renforcement-de-la-protection","21":"product_tag-resistant-a-la-chaleur","22":"product_tag-soutien-4","23":"product_shipping_class-standard","25":"first","26":"instock","27":"taxable","28":"shipping-taxable","29":"purchasable","30":"product-type-simple"},"acf":[],"_links":{"self":[{"href":"https:\/\/esquell.eu\/fr\/wp-json\/wp\/v2\/product\/15025","targetHints":{"allow":["GET"]}}],"collection":[{"href":"https:\/\/esquell.eu\/fr\/wp-json\/wp\/v2\/product"}],"about":[{"href":"https:\/\/esquell.eu\/fr\/wp-json\/wp\/v2\/types\/product"}],"replies":[{"embeddable":true,"href":"https:\/\/esquell.eu\/fr\/wp-json\/wp\/v2\/comments?post=15025"}],"wp:featuredmedia":[{"embeddable":true,"href":"https:\/\/esquell.eu\/fr\/wp-json\/wp\/v2\/media\/15028"}],"wp:attachment":[{"href":"https:\/\/esquell.eu\/fr\/wp-json\/wp\/v2\/media?parent=15025"}],"wp:term":[{"taxonomy":"more","embeddable":true,"href":"https:\/\/esquell.eu\/fr\/wp-json\/wp\/v2\/more?post=15025"},{"taxonomy":"product_brand","embeddable":true,"href":"https:\/\/esquell.eu\/fr\/wp-json\/wp\/v2\/product_brand?post=15025"},{"taxonomy":"product_cat","embeddable":true,"href":"https:\/\/esquell.eu\/fr\/wp-json\/wp\/v2\/product_cat?post=15025"},{"taxonomy":"product_tag","embeddable":true,"href":"https:\/\/esquell.eu\/fr\/wp-json\/wp\/v2\/product_tag?post=15025"}],"curies":[{"name":"wp","href":"https:\/\/api.w.org\/{rel}","templated":true}]}}