{"id":15023,"date":"2025-04-03T09:20:37","date_gmt":"2025-04-03T09:20:37","guid":{"rendered":"https:\/\/esquell.eu\/product\/pate-de-fixation-thermofix-pour-la-soudure\/"},"modified":"2026-01-10T17:01:58","modified_gmt":"2026-01-10T17:01:58","slug":"pate-de-fixation-thermofix-pour-la-soudure","status":"publish","type":"product","link":"https:\/\/esquell.eu\/fr\/produit\/pate-de-fixation-thermofix-pour-la-soudure\/","title":{"rendered":"P\u00e2te de fixation Thermofix pour la soudure"},"content":{"rendered":"<p>P\u00e2tes pour fixer de petits objets pendant la soudure pour faciliter la soudure<br \/>\nLes p\u00e2tes sont r\u00e9utilisables.<\/p>\n<p>Contenu 500 grammes<\/p>\n<p>THERMO-FIX p\u00e2te \u00e0 braser, p\u00e2te \u00e0 souder, p\u00e2te \u00e0 souder, p\u00e2te ignifuge (Made in Germany)<br \/>\nP\u00e2te \u00e0 braser pour fixer et maintenir les petites pi\u00e8ces \u00e0 souder ou \u00e0 braser. Prot\u00e8ge \u00e9galement les pi\u00e8ces sensibles \u00e0 la temp\u00e9rature de la chaleur directe de la flamme. Adh\u00e8re parfaitement \u00e0 la pi\u00e8ce lorsqu&rsquo;elle est l\u00e9g\u00e8rement press\u00e9e.  <\/p>\n<p>Sans amiante ni graphite, ne produit pas de fum\u00e9es<\/p>\n<p>Mode d&#8217;emploi :<br \/>\nPressez l\u00e9g\u00e8rement la p\u00e2te sur la pi\u00e8ce avec une couche d&rsquo;environ 5 &#8211; 10 mm.<br \/>\nLa p\u00e2te l\u00e9g\u00e8rement s\u00e9ch\u00e9e peut \u00eatre p\u00e9trie doucement avec de l&rsquo;eau.<\/p>\n","protected":false},"excerpt":{"rendered":"<p>P\u00e2tes pour fixer de petits objets pendant la soudure pour faciliter la soudure<br \/>\nLes p\u00e2tes sont r\u00e9utilisables.<\/p>\n<p>Contenu 500 grammes<\/p>\n<p>&nbsp;<\/p>\n<p>THERMO-FIX p\u00e2te \u00e0 braser, p\u00e2te \u00e0 souder, p\u00e2te \u00e0 souder, p\u00e2te ignifuge (Made in Germany)<br \/>\nP\u00e2te \u00e0 braser pour fixer et maintenir les petites pi\u00e8ces \u00e0 souder ou \u00e0 braser. Prot\u00e8ge \u00e9galement les pi\u00e8ces sensibles \u00e0 la temp\u00e9rature de la chaleur directe de la flamme. Adh\u00e8re parfaitement \u00e0 la pi\u00e8ce lorsqu&rsquo;elle est l\u00e9g\u00e8rement press\u00e9e.  <\/p>\n<p>Sans amiante ni graphite, ne produit pas de fum\u00e9es<\/p>\n<p>Mode d&#8217;emploi :<br \/>\nPressez l\u00e9g\u00e8rement la p\u00e2te sur la pi\u00e8ce avec une couche d&rsquo;environ 5 &#8211; 10 mm.<br \/>\nLa p\u00e2te l\u00e9g\u00e8rement s\u00e9ch\u00e9e peut \u00eatre p\u00e9trie doucement avec de l&rsquo;eau.<\/p>\n<p>&nbsp;<\/p>\n","protected":false},"featured_media":27269,"comment_status":"closed","ping_status":"closed","template":"","meta":{"_acf_changed":false,"_seopress_robots_primary_cat":"none","_seopress_titles_title":"","_seopress_titles_desc":"","_seopress_robots_index":""},"more":[],"product_brand":[6363],"product_cat":[10058],"product_tag":[6372,21547,11232,13676,21546,21910,13678,13677,7933,6644,13122,8078,13474,13675],"class_list":{"0":"post-15023","1":"product","2":"type-product","3":"status-publish","4":"has-post-thumbnail","6":"product_brand-bm","7":"product_cat-soudure","8":"product_tag-bijoux","9":"product_tag-fikseer","10":"product_tag-fixer-2","11":"product_tag-fixer-3","12":"product_tag-fixer-4","13":"product_tag-fixer-5","14":"product_tag-objets","15":"product_tag-pate-a-modeler-2","16":"product_tag-petit-2","17":"product_tag-pieces","18":"product_tag-resistant-a-la-chaleur","19":"product_tag-soudure","20":"product_tag-soudure-3","21":"product_tag-thermo","22":"product_shipping_class-standard","24":"first","25":"instock","26":"taxable","27":"shipping-taxable","28":"purchasable","29":"product-type-simple"},"acf":[],"_links":{"self":[{"href":"https:\/\/esquell.eu\/fr\/wp-json\/wp\/v2\/product\/15023","targetHints":{"allow":["GET"]}}],"collection":[{"href":"https:\/\/esquell.eu\/fr\/wp-json\/wp\/v2\/product"}],"about":[{"href":"https:\/\/esquell.eu\/fr\/wp-json\/wp\/v2\/types\/product"}],"replies":[{"embeddable":true,"href":"https:\/\/esquell.eu\/fr\/wp-json\/wp\/v2\/comments?post=15023"}],"wp:featuredmedia":[{"embeddable":true,"href":"https:\/\/esquell.eu\/fr\/wp-json\/wp\/v2\/media\/27269"}],"wp:attachment":[{"href":"https:\/\/esquell.eu\/fr\/wp-json\/wp\/v2\/media?parent=15023"}],"wp:term":[{"taxonomy":"more","embeddable":true,"href":"https:\/\/esquell.eu\/fr\/wp-json\/wp\/v2\/more?post=15023"},{"taxonomy":"product_brand","embeddable":true,"href":"https:\/\/esquell.eu\/fr\/wp-json\/wp\/v2\/product_brand?post=15023"},{"taxonomy":"product_cat","embeddable":true,"href":"https:\/\/esquell.eu\/fr\/wp-json\/wp\/v2\/product_cat?post=15023"},{"taxonomy":"product_tag","embeddable":true,"href":"https:\/\/esquell.eu\/fr\/wp-json\/wp\/v2\/product_tag?post=15023"}],"curies":[{"name":"wp","href":"https:\/\/api.w.org\/{rel}","templated":true}]}}