{"id":15005,"date":"2025-04-03T09:20:37","date_gmt":"2025-04-03T09:20:37","guid":{"rendered":"https:\/\/esquell.eu\/product\/supports-de-four-en-ceramique-supports-de-four-set-de-4\/"},"modified":"2026-03-23T20:22:29","modified_gmt":"2026-03-23T20:22:29","slug":"supports-de-four-en-ceramique-supports-de-four-set-de-4","status":"publish","type":"product","link":"https:\/\/esquell.eu\/fr\/produit\/supports-de-four-en-ceramique-supports-de-four-set-de-4\/","title":{"rendered":"Supports de four en c\u00e9ramique. Supports de four Set de 4"},"content":{"rendered":"<p>Ces supports de four en c\u00e9ramique soul\u00e8vent la plaque de four en carton ou autre. Cela cr\u00e9e une ouverture sous la plaque du four et facilite grandement le retrait de la plaque du four \u00e0 l&rsquo;aide d&rsquo;une pince. Cela \u00e9vite l&rsquo;usure et prolonge la dur\u00e9e de vie de la plaque de four. Les supports peuvent \u00e9galement \u00eatre utilis\u00e9s pour empiler plusieurs plaques de four les unes sur les autres afin de pouvoir cuire plusieurs pi\u00e8ces en m\u00eame temps.   <\/p>\n<p>Dimensions<\/p>\n<p>Diam\u00e8tre 20,5 mm<\/p>\n<p>Hauteur 21 mm<\/p>\n","protected":false},"excerpt":{"rendered":"<p>Ces supports de four en c\u00e9ramique soul\u00e8vent la plaque de four en carton ou autre. Cela cr\u00e9e une ouverture sous la plaque du four et facilite grandement le retrait de la plaque du four \u00e0 l&rsquo;aide d&rsquo;une pince. Cela \u00e9vite l&rsquo;usure et prolonge la dur\u00e9e de vie de la plaque de four. Les supports peuvent \u00e9galement \u00eatre utilis\u00e9s pour empiler plusieurs plaques de four les unes sur les autres afin de pouvoir cuire plusieurs pi\u00e8ces en m\u00eame temps.   <\/p>\n<p>&nbsp;<\/p>\n<p>Dimensions<\/p>\n<p>Diam\u00e8tre 20,5 mm<\/p>\n<p>Hauteur 21 mm<\/p>\n","protected":false},"featured_media":15008,"comment_status":"closed","ping_status":"closed","template":"","meta":{"_acf_changed":false,"_seopress_robots_primary_cat":"none","_seopress_titles_title":"","_seopress_titles_desc":"","_seopress_robots_index":""},"more":[],"product_brand":[6521],"product_cat":[9823,11384,6705,7468],"product_tag":[11988,9303,6791,7339,6404,6420,7028,6378,6390,6405,13610,6372,6412,7490,10875,11386,8641,6650,13619,6374,6855,8644,11385,13617,13379,13621,6369,6403,13465,9101,13608,7486,13614,13612,7506,13618,6418,13616,13620,11410,10911],"class_list":{"0":"post-15005","1":"product","2":"type-product","3":"status-publish","4":"has-post-thumbnail","6":"product_brand-promethee","7":"product_cat-bake-off","8":"product_cat-fours","9":"product_cat-outils-et-fournitures-pour-lemaillage","10":"product_cat-outils-et-fournitures-pour-le-verre","11":"product_tag-11988","12":"product_tag-9303","13":"product_tag-6791","14":"product_tag-argent-malleable","15":"product_tag-argile-argentee","16":"product_tag-argile-bronze","17":"product_tag-argile-cuivreuse","18":"product_tag-argile-metallique","19":"product_tag-argile-metallique-2","20":"product_tag-artclay","21":"product_tag-asseccoires","22":"product_tag-bijoux","23":"product_tag-bronze","24":"product_tag-ceramique","25":"product_tag-ceramique-3","26":"product_tag-ceramique-4","27":"product_tag-cuisson","28":"product_tag-cuivre","29":"product_tag-eleve","30":"product_tag-faire","31":"product_tag-fixer","32":"product_tag-four","33":"product_tag-four-2","34":"product_tag-four-a-ceramique","35":"product_tag-four-a-verre","36":"product_tag-fours-2","37":"product_tag-largent","38":"product_tag-lor","39":"product_tag-panneau-de-fibres","40":"product_tag-partie","41":"product_tag-partie-3","42":"product_tag-porcelaine","43":"product_tag-poste","44":"product_tag-poteau-de-cuisson","45":"product_tag-pour","46":"product_tag-pro","47":"product_tag-promethee","48":"product_tag-soutiens","49":"product_tag-temperatures","50":"product_tag-thermostat","51":"product_tag-unites","52":"product_shipping_class-standard","54":"first","55":"instock","56":"taxable","57":"shipping-taxable","58":"purchasable","59":"product-type-simple"},"acf":[],"_links":{"self":[{"href":"https:\/\/esquell.eu\/fr\/wp-json\/wp\/v2\/product\/15005","targetHints":{"allow":["GET"]}}],"collection":[{"href":"https:\/\/esquell.eu\/fr\/wp-json\/wp\/v2\/product"}],"about":[{"href":"https:\/\/esquell.eu\/fr\/wp-json\/wp\/v2\/types\/product"}],"replies":[{"embeddable":true,"href":"https:\/\/esquell.eu\/fr\/wp-json\/wp\/v2\/comments?post=15005"}],"wp:featuredmedia":[{"embeddable":true,"href":"https:\/\/esquell.eu\/fr\/wp-json\/wp\/v2\/media\/15008"}],"wp:attachment":[{"href":"https:\/\/esquell.eu\/fr\/wp-json\/wp\/v2\/media?parent=15005"}],"wp:term":[{"taxonomy":"more","embeddable":true,"href":"https:\/\/esquell.eu\/fr\/wp-json\/wp\/v2\/more?post=15005"},{"taxonomy":"product_brand","embeddable":true,"href":"https:\/\/esquell.eu\/fr\/wp-json\/wp\/v2\/product_brand?post=15005"},{"taxonomy":"product_cat","embeddable":true,"href":"https:\/\/esquell.eu\/fr\/wp-json\/wp\/v2\/product_cat?post=15005"},{"taxonomy":"product_tag","embeddable":true,"href":"https:\/\/esquell.eu\/fr\/wp-json\/wp\/v2\/product_tag?post=15005"}],"curies":[{"name":"wp","href":"https:\/\/api.w.org\/{rel}","templated":true}]}}