{"id":14992,"date":"2025-04-03T09:20:37","date_gmt":"2025-04-03T09:20:37","guid":{"rendered":"https:\/\/esquell.eu\/product\/flux-universel-fluoron-pour-lor-et-largent-100ml\/"},"modified":"2026-01-10T17:01:41","modified_gmt":"2026-01-10T17:01:41","slug":"flux-universel-fluoron-pour-lor-et-largent-100ml","status":"publish","type":"product","link":"https:\/\/esquell.eu\/fr\/produit\/flux-universel-fluoron-pour-lor-et-largent-100ml\/","title":{"rendered":"Flux universel Fluoron pour l&rsquo;or et l&rsquo;argent &#8211; 100ml"},"content":{"rendered":"<p>Flux universel Fluoron pour l&rsquo;or et l&rsquo;argent &#8211; 100ml<br \/>\nUtilisable instantan\u00e9ment &#8211; convient aux temp\u00e9ratures de 500\u00b0C &#8211; 800\u00b0C<\/p>\n<p>Le flux facilite le brasage et garantit un r\u00e9sultat solide et durable.<br \/>\nParfait pour les bijoutiers professionnels et les amateurs qui recherchent une qualit\u00e9 sup\u00e9rieure dans leur travail !<\/p>\n<p>Convient \u00e9galement \u00e0 l&rsquo;argile argent\u00e9e<\/p>\n<p>Voir la fiche technique du produit pour l&rsquo;avertissement de s\u00e9curit\u00e9.<\/p>\n<p>&nbsp;<\/p>\n<p>&nbsp;<\/p>\n","protected":false},"excerpt":{"rendered":"<p>Fluoron flux universel pour l&rsquo;or et l&rsquo;argent &#8211; 100ml<br \/>\nUtilisable instantan\u00e9ment &#8211; convient pour des temp\u00e9ratures de 500\u00b0C &#8211; 800\u00b0C<\/p>\n<p>&nbsp;<\/p>\n<p>Voir la fiche technique du produit pour les avertissements de s\u00e9curit\u00e9.<\/p>\n<p>&nbsp;<\/p>\n<p>&nbsp;<\/p>\n<p><strong>Composants d\u00e9terminant le danger<\/strong><\/p>\n<p>Acide borique, borax d\u00e9cahydrat\u00e9<\/p>\n<p>&nbsp;<\/p>\n<p><strong>Avertissements de danger<\/strong><\/p>\n<p><strong>H332<\/strong><\/p>\n<p>Nocif par inhalation.<\/p>\n<p>&nbsp;<\/p>\n<p><strong>H360FD<\/strong><\/p>\n<p>Peut nuire \u00e0 la fertilit\u00e9. Peut nuire \u00e0 l&rsquo;enfant \u00e0 na\u00eetre. <\/p>\n<p>&nbsp;<\/p>\n<p><strong>Recommandations de s\u00e9curit\u00e9<\/strong><\/p>\n<p><strong>P280<\/strong><\/p>\n<p>Porter des gants de protection\/des v\u00eatements de protection\/un \u00e9quipement de protection des yeux\/du visage\/de l&rsquo;ou\u00efe.<\/p>\n<p>&nbsp;<\/p>\n<p><strong>P261<\/strong><\/p>\n<p>\u00c9vitez d&rsquo;inhaler les poussi\u00e8res\/fum\u00e9es\/gaz\/brouillards\/vapeurs\/a\u00e9rosols.<\/p>\n<p>&nbsp;<\/p>\n<p><strong>P304 + P340<\/strong><\/p>\n<p>APR\u00c8S INHALATION : D\u00e9placez la personne \u00e0 l&rsquo;air frais et veillez \u00e0 ce qu&rsquo;elle puisse respirer facilement.<\/p>\n<p>&nbsp;<\/p>\n<p><strong>P312<\/strong><\/p>\n<p>En cas de malaise, consultez un ANTIGIFCENTRUM\/m\u00e9decin.<\/p>\n<p>&nbsp;<\/p>\n<p><strong>P405<\/strong><\/p>\n<p>Garder derri\u00e8re le cadenas.<\/p>\n<p>&nbsp;<\/p>\n<p><strong>P501<\/strong><\/p>\n<p>\u00c9liminer le contenu et l&#8217;emballage conform\u00e9ment aux r\u00e9glementations locales\/r\u00e9gionales\/nationales\/internationales.<\/p>\n<p>&nbsp;<\/p>\n<p><strong>Num\u00e9ro CAS<\/strong><\/p>\n<p>1303-96-4, borax d\u00e9cahydrat\u00e9<\/p>\n<p>&nbsp;<\/p>\n<p><strong>Num\u00e9ro CAS<\/strong><\/p>\n<p>10043-35-3, acide borique<\/p>\n<p>&nbsp;<\/p>\n","protected":false},"featured_media":14993,"comment_status":"closed","ping_status":"closed","template":"","meta":{"_acf_changed":false,"_seopress_robots_primary_cat":"none","_seopress_titles_title":"","_seopress_titles_desc":"","_seopress_robots_index":""},"more":[],"product_brand":[],"product_cat":[10058],"product_tag":[6470,6476,13578,7024,6923,6931,6388,6473,6571,6378,6390,6405,6565,7867,6575,11631,11755,6393,6372,13574,11814,6409,13543,6935,7770,11757,13576,11505,6374,6798,11817,6653,6933,13572,6651,6659,6801,6369,6634,6472,9643,6789,11509,6426,7851,6708,6759,7031,8701,10137,6661,6657,11756,6391,6665,11634,7094,6922,6925,6805,6964,8078,11637,6663,8647,6787,6803,6408,6776,6667,7032],"class_list":{"0":"post-14992","1":"product","2":"type-product","3":"status-publish","4":"has-post-thumbnail","6":"product_cat-soudure","7":"product_tag-6470","8":"product_tag-6476","9":"product_tag-agent-fondant","10":"product_tag-almere","11":"product_tag-amsterdam","12":"product_tag-anvers","13":"product_tag-argile","14":"product_tag-argile-2","15":"product_tag-argile-argentee-2","16":"product_tag-argile-metallique","17":"product_tag-argile-metallique-2","18":"product_tag-artclay","19":"product_tag-atelier","20":"product_tag-atelier-de-bijouterie","21":"product_tag-ateliers","22":"product_tag-base","23":"product_tag-base-2","24":"product_tag-belgique","25":"product_tag-bijoux","26":"product_tag-blueflux","27":"product_tag-boraxine","28":"product_tag-bricolage","29":"product_tag-bruleur","30":"product_tag-bruxelles","31":"product_tag-camps","32":"product_tag-doux","33":"product_tag-drente","34":"product_tag-dur","35":"product_tag-faire","36":"product_tag-faire-2","37":"product_tag-flux","38":"product_tag-frise","39":"product_tag-gentilhomme","40":"product_tag-grille-de-cuisson","41":"product_tag-groningue","42":"product_tag-gueldre","43":"product_tag-il","44":"product_tag-largent","45":"product_tag-largent-3","46":"product_tag-lart","47":"product_tag-leleystad","48":"product_tag-limbourg","49":"product_tag-liquide-2","50":"product_tag-malleable","51":"product_tag-manuel","52":"product_tag-mercerie","53":"product_tag-metal","54":"product_tag-metal-2","55":"product_tag-metal-3","56":"product_tag-metal-precieux","57":"product_tag-nord","58":"product_tag-overijssel","59":"product_tag-pate-a-souder","60":"product_tag-pays-bas","61":"product_tag-pays-bas-2","62":"product_tag-plaque-de-soudure","63":"product_tag-pont","64":"product_tag-pur","65":"product_tag-rotterdam","66":"product_tag-soi","67":"product_tag-sollid","68":"product_tag-soudure","69":"product_tag-soudure-a-largent","70":"product_tag-sud","71":"product_tag-torche","72":"product_tag-utrecht","73":"product_tag-votre","74":"product_tag-vous","75":"product_tag-vraiment","76":"product_tag-zelande","77":"product_tag-zwolle","78":"product_shipping_class-standard","80":"first","81":"instock","82":"taxable","83":"shipping-taxable","84":"purchasable","85":"product-type-simple"},"acf":[],"_links":{"self":[{"href":"https:\/\/esquell.eu\/fr\/wp-json\/wp\/v2\/product\/14992","targetHints":{"allow":["GET"]}}],"collection":[{"href":"https:\/\/esquell.eu\/fr\/wp-json\/wp\/v2\/product"}],"about":[{"href":"https:\/\/esquell.eu\/fr\/wp-json\/wp\/v2\/types\/product"}],"replies":[{"embeddable":true,"href":"https:\/\/esquell.eu\/fr\/wp-json\/wp\/v2\/comments?post=14992"}],"wp:featuredmedia":[{"embeddable":true,"href":"https:\/\/esquell.eu\/fr\/wp-json\/wp\/v2\/media\/14993"}],"wp:attachment":[{"href":"https:\/\/esquell.eu\/fr\/wp-json\/wp\/v2\/media?parent=14992"}],"wp:term":[{"taxonomy":"more","embeddable":true,"href":"https:\/\/esquell.eu\/fr\/wp-json\/wp\/v2\/more?post=14992"},{"taxonomy":"product_brand","embeddable":true,"href":"https:\/\/esquell.eu\/fr\/wp-json\/wp\/v2\/product_brand?post=14992"},{"taxonomy":"product_cat","embeddable":true,"href":"https:\/\/esquell.eu\/fr\/wp-json\/wp\/v2\/product_cat?post=14992"},{"taxonomy":"product_tag","embeddable":true,"href":"https:\/\/esquell.eu\/fr\/wp-json\/wp\/v2\/product_tag?post=14992"}],"curies":[{"name":"wp","href":"https:\/\/api.w.org\/{rel}","templated":true}]}}