{"id":14990,"date":"2025-04-03T09:20:45","date_gmt":"2025-04-03T09:20:45","guid":{"rendered":"https:\/\/esquell.eu\/product\/petite-boite-en-acier-avec-couvercle-pour-four-a-argile-9cm-6cm-d-0033\/"},"modified":"2026-03-30T14:41:25","modified_gmt":"2026-03-30T14:41:25","slug":"petite-boite-en-acier-avec-couvercle-pour-four-a-argile-9cm-6cm-d-0033","status":"publish","type":"product","link":"https:\/\/esquell.eu\/fr\/produit\/petite-boite-en-acier-avec-couvercle-pour-four-a-argile-9cm-6cm-d-0033\/","title":{"rendered":"Petite bo\u00eete en acier avec couvercle pour four \u00e0 argile. 9cm,* 6cm. (D-0033)"},"content":{"rendered":"<div class=\"product-addition-content\">\n<p>Petit plateau en acier inoxydable avec couvercle pour la cuisson de l&rsquo;argent, du bronze et du cuivre dans les fours \u00e0 charbon actif<br \/>\nPetit plateau, adapt\u00e9 aux petits fours \u00e0 argile et \u00e0 \u00e9mail, entre autres.<\/p>\n<p>Diam\u00e8tre : 9 cm, hauteur : 6 cm. Capacit\u00e9 en charbon actif : 150 grammes \/ 0,3 litre. <\/p>\n<p>Dans la base de connaissances, vous trouverez des informations d\u00e9taill\u00e9es sur les diff\u00e9rentes m\u00e9thodes de cuisson de la p\u00e2te d&rsquo;argent, de la p\u00e2te de bronze et de la p\u00e2te de cuivre.<\/p>\n<\/div>\n","protected":false},"excerpt":{"rendered":"<p>Petit plateau en acier inoxydable avec couvercle pour la cuisson de l&rsquo;argent, du bronze et du cuivre dans les fours \u00e0 charbon actif<br \/>\nPetit plateau, adapt\u00e9 aux petits fours \u00e0 argile et \u00e0 \u00e9mail, entre autres.<\/p>\n<p>Diam\u00e8tre : 9 cm, hauteur : 6 cm. Capacit\u00e9 en charbon actif : 150 grammes \/ 0,3 litre. <\/p>\n<p>Dans la base de connaissances, vous trouverez des informations d\u00e9taill\u00e9es sur les diff\u00e9rentes m\u00e9thodes de cuisson de la p\u00e2te d&rsquo;argent, de la p\u00e2te de bronze et de la p\u00e2te de cuivre.<\/p>\n","protected":false},"featured_media":14999,"comment_status":"closed","ping_status":"closed","template":"","meta":{"_acf_changed":false,"_seopress_robots_primary_cat":"none","_seopress_titles_title":"","_seopress_titles_desc":"","_seopress_robots_index":""},"more":[],"product_brand":[6521],"product_cat":[9823,11384],"product_tag":[6645,7760,6646,6939,6847,12841,13495,7045,13513,7096,7339,13501,9805,6388,6404,13503,6420,6530,7141,7028,6949,13569,6393,6372,6642,6402,13580,6389,6796,6412,6528,7544,13517,7770,12845,13494,13497,13489,7762,6649,13577,20994,12852,11645,6650,7104,7114,12850,13507,9652,8503,13592,8509,8492,6647,7043,6724,12866,13493,7766,6374,8644,7986,11411,13579,13590,13582,13570,6712,13571,9304,11167,13588,13487,7120,13516,13573,13505,6930,8501,6640,13575,13518,6643,6391,13491,13509,10142,8799,8511,6722,13584,13581,13515,13511,6408,13586,13499,6720,7032],"class_list":{"0":"post-14990","1":"product","2":"type-product","3":"status-publish","4":"has-post-thumbnail","6":"product_brand-promethee","7":"product_cat-bake-off","8":"product_cat-fours","9":"product_tag-a","10":"product_tag-achats-2","11":"product_tag-acheter","12":"product_tag-acheter-2","13":"product_tag-acier-inoxydable","14":"product_tag-actif","15":"product_tag-active","16":"product_tag-almelo","17":"product_tag-anna-paulowna","18":"product_tag-apeldoorn","19":"product_tag-argent-malleable","20":"product_tag-argent-petit","21":"product_tag-argenterie-3","22":"product_tag-argile","23":"product_tag-argile-argentee","24":"product_tag-argile-argentee-4","25":"product_tag-argile-bronze","26":"product_tag-argile-bronzee","27":"product_tag-argile-cuivree","28":"product_tag-argile-cuivreuse","29":"product_tag-assen","30":"product_tag-avant-poste","31":"product_tag-belgique","32":"product_tag-bijoux","33":"product_tag-bijoux-2","34":"product_tag-bon-marche","35":"product_tag-borger","36":"product_tag-boutique-en-ligne","37":"product_tag-boutique-en-ligne-2","38":"product_tag-bronze","39":"product_tag-bronze-2","40":"product_tag-bronze-malleable","41":"product_tag-camp-de-sel","42":"product_tag-camps","43":"product_tag-carbone","44":"product_tag-charbon-actif","45":"product_tag-chorale","46":"product_tag-choux","47":"product_tag-coevorden","48":"product_tag-commande","49":"product_tag-coulee","50":"product_tag-coulee-2","51":"product_tag-couvercle","52":"product_tag-couvrir","53":"product_tag-cuivre","54":"product_tag-cuivre-2","55":"product_tag-cuivre-malleable","56":"product_tag-cuvette","57":"product_tag-den-burg","58":"product_tag-den-helder","59":"product_tag-dronten","60":"product_tag-eibergen","61":"product_tag-emmeloord","62":"product_tag-emmen","63":"product_tag-en-ligne","64":"product_tag-enschede","65":"product_tag-envoyer","66":"product_tag-epe","67":"product_tag-etain","68":"product_tag-etreilen","69":"product_tag-faire","70":"product_tag-four","71":"product_tag-four-a-argent","72":"product_tag-fours","73":"product_tag-gasselte","74":"product_tag-goor","75":"product_tag-gramsbergen","76":"product_tag-gratte-papier","77":"product_tag-gratuit","78":"product_tag-gros-gaz","79":"product_tag-hardenberg","80":"product_tag-harlingen","81":"product_tag-hellendoorn","82":"product_tag-herenveen","83":"product_tag-hoogeveen","84":"product_tag-ijlst","85":"product_tag-koudum","86":"product_tag-larche","87":"product_tag-leeuwarden","88":"product_tag-lemmer","89":"product_tag-maison","90":"product_tag-marum","91":"product_tag-oeil-de-laurier","92":"product_tag-ou","93":"product_tag-pays-bas","94":"product_tag-peut-2","95":"product_tag-pin","96":"product_tag-poubelle","97":"product_tag-rijssen","98":"product_tag-se-faufiler","99":"product_tag-silveribelgie","100":"product_tag-slagharen","101":"product_tag-sleen","102":"product_tag-stiens","103":"product_tag-village-de-renards","104":"product_tag-vous","105":"product_tag-vriezenveen","106":"product_tag-zilverklei-co-uk-metalclaydays","107":"product_tag-zilverkleinederland","108":"product_tag-zwolle","109":"product_shipping_class-standard","111":"first","112":"instock","113":"taxable","114":"shipping-taxable","115":"purchasable","116":"product-type-simple"},"acf":[],"_links":{"self":[{"href":"https:\/\/esquell.eu\/fr\/wp-json\/wp\/v2\/product\/14990","targetHints":{"allow":["GET"]}}],"collection":[{"href":"https:\/\/esquell.eu\/fr\/wp-json\/wp\/v2\/product"}],"about":[{"href":"https:\/\/esquell.eu\/fr\/wp-json\/wp\/v2\/types\/product"}],"replies":[{"embeddable":true,"href":"https:\/\/esquell.eu\/fr\/wp-json\/wp\/v2\/comments?post=14990"}],"wp:featuredmedia":[{"embeddable":true,"href":"https:\/\/esquell.eu\/fr\/wp-json\/wp\/v2\/media\/14999"}],"wp:attachment":[{"href":"https:\/\/esquell.eu\/fr\/wp-json\/wp\/v2\/media?parent=14990"}],"wp:term":[{"taxonomy":"more","embeddable":true,"href":"https:\/\/esquell.eu\/fr\/wp-json\/wp\/v2\/more?post=14990"},{"taxonomy":"product_brand","embeddable":true,"href":"https:\/\/esquell.eu\/fr\/wp-json\/wp\/v2\/product_brand?post=14990"},{"taxonomy":"product_cat","embeddable":true,"href":"https:\/\/esquell.eu\/fr\/wp-json\/wp\/v2\/product_cat?post=14990"},{"taxonomy":"product_tag","embeddable":true,"href":"https:\/\/esquell.eu\/fr\/wp-json\/wp\/v2\/product_tag?post=14990"}],"curies":[{"name":"wp","href":"https:\/\/api.w.org\/{rel}","templated":true}]}}