{"id":14987,"date":"2025-04-03T09:20:45","date_gmt":"2025-04-03T09:20:45","guid":{"rendered":"https:\/\/esquell.eu\/product\/poudre-a-souder-argentee-pour-filigrane-filigrane-10-grammes-f-2029\/"},"modified":"2026-01-10T17:02:58","modified_gmt":"2026-01-10T17:02:58","slug":"poudre-a-souder-argentee-pour-filigrane-filigrane-10-grammes-f-2029","status":"publish","type":"product","link":"https:\/\/esquell.eu\/fr\/produit\/poudre-a-souder-argentee-pour-filigrane-filigrane-10-grammes-f-2029\/","title":{"rendered":"Poudre \u00e0 souder argent\u00e9e pour filigrane \/ filigrane , 10 grammes F-2029"},"content":{"rendered":"<p>Poudre de soudure \u00e0 l&rsquo;argent fin<\/p>\n<p>Filigree \/ poudre \u00e0 souder filigree<\/p>\n<p>10 grammes de soudure tendre.<\/p>\n<p>Id\u00e9al pour souder l&rsquo;argent fin et \u00e0 parois minces, par exemple pour les travaux de filigrane.<\/p>\n<p>M\u00e9thode de travail : M\u00e9langez la poudre avec un peu de flux pour obtenir une p\u00e2te que vous appliquerez sur la face inf\u00e9rieure\/arri\u00e8re de la pi\u00e8ce. Soudez ensuite le filigrane \u00e0 l&rsquo;aide d&rsquo;un chalumeau. <\/p>\n","protected":false},"excerpt":{"rendered":"<p>Poudre de soudure \u00e0 l&rsquo;argent fin<\/p>\n<p>Filigree \/ poudre \u00e0 souder filigree<\/p>\n<p>&nbsp;<\/p>\n<p>10 grammes de soudure tendre, id\u00e9ale pour souder l&rsquo;argent fin et \u00e0 parois minces, comme pour les travaux en filigrane<\/p>\n<p>&nbsp;<\/p>\n<p>M\u00e9thode de travail : M\u00e9langez la poudre avec un peu de flux pour obtenir une p\u00e2te que vous appliquerez sur la face inf\u00e9rieure\/arri\u00e8re de la pi\u00e8ce. Soudez ensuite le filigrane \u00e0 l&rsquo;aide d&rsquo;un chalumeau. <\/p>\n<p>&nbsp;<\/p>\n<p>&nbsp;<\/p>\n","protected":false},"featured_media":14988,"comment_status":"closed","ping_status":"closed","template":"","meta":{"_acf_changed":false,"_seopress_robots_primary_cat":"none","_seopress_titles_title":"","_seopress_titles_desc":"","_seopress_robots_index":""},"more":[],"product_brand":[6382],"product_cat":[10058],"product_tag":[6645,7760,6646,6386,13537,6473,6378,6390,6372,6649,6706,6743,13541,21913,6647,6374,7594,13535,6635,6381,6550,6634,11024,10082,6652,6643,6636,9939,6644,7224,13539,21912,7506,8078,13474,11637],"class_list":{"0":"post-14987","1":"product","2":"type-product","3":"status-publish","4":"has-post-thumbnail","6":"product_brand-acs","7":"product_cat-soudure","8":"product_tag-a","9":"product_tag-achats-2","10":"product_tag-acheter","11":"product_tag-aida","12":"product_tag-argenterie-4","13":"product_tag-argile-2","14":"product_tag-argile-metallique","15":"product_tag-argile-metallique-2","16":"product_tag-bijoux","17":"product_tag-commande","18":"product_tag-commerce-de-gros","19":"product_tag-distributeur","20":"product_tag-elephants-de-mer","21":"product_tag-elephants-de-mer-2","22":"product_tag-en-ligne","23":"product_tag-faire","24":"product_tag-filigrane","25":"product_tag-filigrane-2","26":"product_tag-fournitures","27":"product_tag-japon","28":"product_tag-largent-2","29":"product_tag-largent-3","30":"product_tag-materiaux","31":"product_tag-orfevre-3","32":"product_tag-orfevres","33":"product_tag-ou","34":"product_tag-outils","35":"product_tag-ouvert","36":"product_tag-pieces","37":"product_tag-poudre","38":"product_tag-poudre-a-souder","39":"product_tag-poudre-a-souder-2","40":"product_tag-pour","41":"product_tag-soudure","42":"product_tag-soudure-3","43":"product_tag-soudure-a-largent","44":"product_shipping_class-standard","46":"first","47":"instock","48":"taxable","49":"shipping-taxable","50":"purchasable","51":"product-type-simple"},"acf":[],"_links":{"self":[{"href":"https:\/\/esquell.eu\/fr\/wp-json\/wp\/v2\/product\/14987","targetHints":{"allow":["GET"]}}],"collection":[{"href":"https:\/\/esquell.eu\/fr\/wp-json\/wp\/v2\/product"}],"about":[{"href":"https:\/\/esquell.eu\/fr\/wp-json\/wp\/v2\/types\/product"}],"replies":[{"embeddable":true,"href":"https:\/\/esquell.eu\/fr\/wp-json\/wp\/v2\/comments?post=14987"}],"wp:featuredmedia":[{"embeddable":true,"href":"https:\/\/esquell.eu\/fr\/wp-json\/wp\/v2\/media\/14988"}],"wp:attachment":[{"href":"https:\/\/esquell.eu\/fr\/wp-json\/wp\/v2\/media?parent=14987"}],"wp:term":[{"taxonomy":"more","embeddable":true,"href":"https:\/\/esquell.eu\/fr\/wp-json\/wp\/v2\/more?post=14987"},{"taxonomy":"product_brand","embeddable":true,"href":"https:\/\/esquell.eu\/fr\/wp-json\/wp\/v2\/product_brand?post=14987"},{"taxonomy":"product_cat","embeddable":true,"href":"https:\/\/esquell.eu\/fr\/wp-json\/wp\/v2\/product_cat?post=14987"},{"taxonomy":"product_tag","embeddable":true,"href":"https:\/\/esquell.eu\/fr\/wp-json\/wp\/v2\/product_tag?post=14987"}],"curies":[{"name":"wp","href":"https:\/\/api.w.org\/{rel}","templated":true}]}}