{"id":14983,"date":"2025-04-03T09:20:45","date_gmt":"2025-04-03T09:20:45","guid":{"rendered":"https:\/\/esquell.eu\/product\/kit-de-soudure-extension-au-kit-de-demarrage-argile-argentee-xxl-4-clous-doreilles-argentes-gratuits\/"},"modified":"2026-02-14T10:27:51","modified_gmt":"2026-02-14T10:27:51","slug":"kit-de-soudure-extension-au-kit-de-demarrage-argile-dargent-xxl-4-clous-doreilles-argentes-gratuits","status":"publish","type":"product","link":"https:\/\/esquell.eu\/fr\/produit\/kit-de-soudure-extension-au-kit-de-demarrage-argile-dargent-xxl-4-clous-doreilles-argentes-gratuits\/","title":{"rendered":"Kit de soudure &#8211; Extension au kit de d\u00e9marrage argile argent\u00e9e xxl + 4 clous d&rsquo;oreilles argent\u00e9s GRATUITS"},"content":{"rendered":"<p>Kit d&rsquo;extension de soudure. Compl\u00e9ment au kit de d\u00e9marrage Silver Clay XXL <\/p>\n<p>Vous voulez commencer ou vous avez commenc\u00e9 \u00e0 travailler avec la p\u00e2te d&rsquo;argent et vous voulez aussi commencer \u00e0 souder ? Avez-vous d\u00e9j\u00e0 un chalumeau (br\u00fbleur \u00e0 gaz\/torche \u00e0 souder) et une brique r\u00e9fractaire ?<\/p>\n<p>Voici donc l&rsquo;ajout appropri\u00e9<\/p>\n<ul>\n<li>Bloc de charbon de bois<\/li>\n<li>Pince \u00e0 \u00e9piler ignifug\u00e9e<\/li>\n<li>P\u00e2te \u00e0 braser \u00e0 l&rsquo;argent tout en un. (plus besoin de plaque de soudure, de fil, de flux, etc.) <\/li>\n<li>4 paires de clous d&rsquo;oreilles et de bouchons en argent gratuits.<\/li>\n<\/ul>\n<p>Vous trouverez ici une offre encore plus compl\u00e8te, comprenant des briques r\u00e9fractaires et des grilles de cuisson.<\/p>\n","protected":false},"excerpt":{"rendered":"<p>Kit d&rsquo;extension de soudure. Compl\u00e9ment au kit de d\u00e9marrage Silver Clay XXL <\/p>\n<p>Vous voulez commencer ou vous avez commenc\u00e9 \u00e0 travailler avec la p\u00e2te d&rsquo;argent et vous voulez aussi commencer \u00e0 souder ? Avez-vous d\u00e9j\u00e0 un chalumeau (br\u00fbleur \u00e0 gaz\/torche \u00e0 souder) et une brique r\u00e9fractaire ?<\/p>\n<p>Voici donc l&rsquo;ajout appropri\u00e9<\/p>\n<ul>\n<li>Bloc de charbon de bois<\/li>\n<li>Pince \u00e0 \u00e9piler ignifug\u00e9e<\/li>\n<li>P\u00e2te \u00e0 braser \u00e0 l&rsquo;argent tout en un. (plus besoin de plaque de soudure, de fil, de flux, etc.) <\/li>\n<li>4 paires de clous d&rsquo;oreilles et de bouchons en argent gratuits.<\/li>\n<\/ul>\n<p><a href=\"?ObjectPath=\/Shops\/83636376\/Products\/TO0701\">Vous trouverez ici une offre encore plus compl\u00e8te, comprenant des briques r\u00e9fractaires et des grilles de cuisson.  <\/a><\/p>\n<p>&nbsp;<\/p>\n","protected":false},"featured_media":26781,"comment_status":"closed","ping_status":"closed","template":"","meta":{"_acf_changed":false,"_seopress_robots_primary_cat":"none","_seopress_titles_title":"","_seopress_titles_desc":"","_seopress_robots_index":""},"more":[],"product_brand":[6363,9626],"product_cat":[10058,6809],"product_tag":[11988,6645,8192,13529,8048,6646,6939,6847,7024,13564,6923,6931,6404,6378,6390,12479,6393,11643,13544,6641,6389,6796,6941,13562,6412,13543,11406,6935,11640,7817,13547,13568,6650,6655,13566,14494,6647,13558,13534,13533,13560,13554,8507,13545,6785,6635,13480,6653,6933,13531,6651,6659,8428,20926,6369,7121,6930,6789,8701,6661,6643,7405,6726,6636,13478,20929,6657,6714,13540,11756,8165,6665,6391,13536,11634,13556,13538,6925,8078,13474,11637,6663,8647,13542,13552,13549,6787,6667,20932,7032],"class_list":{"0":"post-14983","1":"product","2":"type-product","3":"status-publish","4":"has-post-thumbnail","6":"product_brand-bm","7":"product_brand-hh","8":"product_cat-soudure","9":"product_cat-vente","10":"product_tag-11988","11":"product_tag-a","12":"product_tag-a-4","13":"product_tag-a-8","14":"product_tag-a-vendre","15":"product_tag-acheter","16":"product_tag-acheter-2","17":"product_tag-acier-inoxydable","18":"product_tag-almere","19":"product_tag-aluminium","20":"product_tag-amsterdam","21":"product_tag-anvers","22":"product_tag-argile-argentee","23":"product_tag-argile-metallique","24":"product_tag-argile-metallique-2","25":"product_tag-assiette","26":"product_tag-belgique","27":"product_tag-bloc-de-charbon-de-bois","28":"product_tag-borax","29":"product_tag-boucles-doreilles","30":"product_tag-boutique-en-ligne","31":"product_tag-boutique-en-ligne-2","32":"product_tag-brabant","33":"product_tag-brique-refractaire","34":"product_tag-bronze","35":"product_tag-bruleur","36":"product_tag-bruleur-a-gaz","37":"product_tag-bruxelles","38":"product_tag-charbon-de-bois","39":"product_tag-clous-doreilles","40":"product_tag-combustion-du-bois","41":"product_tag-commander-faire-des-achats-2","42":"product_tag-cuivre","43":"product_tag-drenthe","44":"product_tag-drillax","45":"product_tag-eld-forge","46":"product_tag-en-ligne","47":"product_tag-epingle-en-argent","48":"product_tag-epingles-2","49":"product_tag-epingles-a-oreille","50":"product_tag-epingles-a-oreilles-argentees","51":"product_tag-fil-a-souder-en-argent","52":"product_tag-fil-de-fer","53":"product_tag-fil-de-soudure","54":"product_tag-flevoland","55":"product_tag-fournitures","56":"product_tag-fournitures-de-soudage","57":"product_tag-frise","58":"product_tag-gentilhomme","59":"product_tag-grille","60":"product_tag-groningue","61":"product_tag-gueldre","62":"product_tag-kit-de-demarrage","63":"product_tag-kit-de-soudure","64":"product_tag-largent","65":"product_tag-la-haye","66":"product_tag-leeuwarden","67":"product_tag-limbourg","68":"product_tag-metal-3","69":"product_tag-nord","70":"product_tag-ou","71":"product_tag-outil-2","72":"product_tag-outils-2","73":"product_tag-outils","74":"product_tag-outils-de-soudure","75":"product_tag-outils-de-soudure-2","76":"product_tag-overijssel","77":"product_tag-pack-de-demarrage","78":"product_tag-pate-a-braser-argentee","79":"product_tag-pate-a-souder","80":"product_tag-pates","81":"product_tag-pays-bas-2","82":"product_tag-pays-bas","83":"product_tag-pincettes","84":"product_tag-plaque-de-soudure","85":"product_tag-plaque-de-soudure-argentee","86":"product_tag-refractaire","87":"product_tag-rotterdam","88":"product_tag-soudure","89":"product_tag-soudure-3","90":"product_tag-soudure-a-largent","91":"product_tag-sud","92":"product_tag-torche","93":"product_tag-torche-a-souder","94":"product_tag-tout","95":"product_tag-tout-en-un","96":"product_tag-utrecht","97":"product_tag-zelande","98":"product_tag-zilverklei-co-uk-cooltools","99":"product_tag-zwolle","100":"product_shipping_class-standard","102":"first","103":"instock","104":"sale","105":"taxable","106":"shipping-taxable","107":"purchasable","108":"product-type-simple"},"acf":[],"_links":{"self":[{"href":"https:\/\/esquell.eu\/fr\/wp-json\/wp\/v2\/product\/14983","targetHints":{"allow":["GET"]}}],"collection":[{"href":"https:\/\/esquell.eu\/fr\/wp-json\/wp\/v2\/product"}],"about":[{"href":"https:\/\/esquell.eu\/fr\/wp-json\/wp\/v2\/types\/product"}],"replies":[{"embeddable":true,"href":"https:\/\/esquell.eu\/fr\/wp-json\/wp\/v2\/comments?post=14983"}],"wp:featuredmedia":[{"embeddable":true,"href":"https:\/\/esquell.eu\/fr\/wp-json\/wp\/v2\/media\/26781"}],"wp:attachment":[{"href":"https:\/\/esquell.eu\/fr\/wp-json\/wp\/v2\/media?parent=14983"}],"wp:term":[{"taxonomy":"more","embeddable":true,"href":"https:\/\/esquell.eu\/fr\/wp-json\/wp\/v2\/more?post=14983"},{"taxonomy":"product_brand","embeddable":true,"href":"https:\/\/esquell.eu\/fr\/wp-json\/wp\/v2\/product_brand?post=14983"},{"taxonomy":"product_cat","embeddable":true,"href":"https:\/\/esquell.eu\/fr\/wp-json\/wp\/v2\/product_cat?post=14983"},{"taxonomy":"product_tag","embeddable":true,"href":"https:\/\/esquell.eu\/fr\/wp-json\/wp\/v2\/product_tag?post=14983"}],"curies":[{"name":"wp","href":"https:\/\/api.w.org\/{rel}","templated":true}]}}