{"id":14973,"date":"2025-04-03T09:20:45","date_gmt":"2025-04-03T09:20:45","guid":{"rendered":"https:\/\/esquell.eu\/product\/poudre-de-vitrex\/"},"modified":"2025-11-20T23:49:18","modified_gmt":"2025-11-20T23:49:18","slug":"poudre-de-vitrex","status":"publish","type":"product","link":"https:\/\/esquell.eu\/fr\/produit\/poudre-de-vitrex\/","title":{"rendered":"Poudre de Vitrex"},"content":{"rendered":"<p>Vitrex 500 grammes<\/p>\n<p>D\u00e9tergent pour m\u00e9taux pr\u00e9cieux.<br \/>\nMax. 70\u00b0C.<br \/>\n125 gr\/litre<\/p>\n<p><strong>Composants d\u00e9terminant le danger<\/strong><\/p>\n<p>Sulfate de sodium<\/p>\n<p><strong>Mentions de danger<\/strong><\/p>\n<p><strong>H318<\/strong><\/p>\n<p>Provoque de graves l\u00e9sions oculaires.<\/p>\n<p><strong>Recommandations de s\u00e9curit\u00e9<\/strong><\/p>\n<p><strong>P280<\/strong><\/p>\n<p>Porter un appareil de protection des yeux\/du visage.<\/p>\n<p><strong>P305 + P351 + P338<\/strong><\/p>\n<p>En cas de contact avec les yeux<\/p>\n<p>Rincez soigneusement \u00e0 l&rsquo;eau pendant plusieurs minutes ; retirez les lentilles de contact, si possible ; continuez \u00e0 rincer.<\/p>\n<p><strong>P310<\/strong><\/p>\n<p>Consultez imm\u00e9diatement un ANTIGIFCENTRUM\/m\u00e9decin.<\/p>\n<p><strong>Num\u00e9ro CAS<\/strong><\/p>\n<p>7681-38-1<\/p>\n","protected":false},"excerpt":{"rendered":"<p>Vitrex 500 grammes<\/p>\n<p>D\u00e9tergent pour m\u00e9taux pr\u00e9cieux.<br \/>\nMax. 70\u00b0C.<br \/>\n125 gr\/litre<\/p>\n<p>&nbsp;<\/p>\n<p><strong>Composants d\u00e9terminant le danger<\/strong><\/p>\n<p>Sulfate de sodium<\/p>\n<p>&nbsp;<\/p>\n<p><strong>Mentions de danger<\/strong><\/p>\n<p><strong>H318<\/strong><\/p>\n<p>Provoque de graves l\u00e9sions oculaires.<\/p>\n<p>&nbsp;<\/p>\n<p><strong>Recommandations de s\u00e9curit\u00e9<\/strong><\/p>\n<p><strong>P280<\/strong><\/p>\n<p>Porter un appareil de protection des yeux\/du visage.<\/p>\n<p>&nbsp;<\/p>\n<p><strong>P305 + P351 + P338<\/strong><\/p>\n<p>En cas de contact avec les yeux<\/p>\n<p>Rincez soigneusement \u00e0 l&rsquo;eau pendant plusieurs minutes ; retirez les lentilles de contact, si possible ; continuez \u00e0 rincer.<\/p>\n<p>&nbsp;<\/p>\n<p><strong>P310<\/strong><\/p>\n<p>Consultez imm\u00e9diatement un ANTIGIFCENTRUM\/m\u00e9decin.<\/p>\n<p>&nbsp;<\/p>\n<p><strong>Num\u00e9ro CAS<\/strong><\/p>\n<p>7681-38-1<\/p>\n<p>&nbsp;<\/p>\n","protected":false},"featured_media":14978,"comment_status":"closed","ping_status":"closed","template":"","meta":{"_acf_changed":false,"_seopress_robots_primary_cat":"none","_seopress_titles_title":"","_seopress_titles_desc":"","_seopress_robots_index":""},"more":[],"product_brand":[6363],"product_cat":[10058],"product_tag":[13522,10137,9333,13523],"class_list":{"0":"post-14973","1":"product","2":"type-product","3":"status-publish","4":"has-post-thumbnail","6":"product_brand-bm","7":"product_cat-soudure","8":"product_tag-decoction","9":"product_tag-metal-precieux","10":"product_tag-metaux-precieux","11":"product_tag-vitrex","12":"product_shipping_class-standard","14":"first","15":"instock","16":"taxable","17":"shipping-taxable","18":"purchasable","19":"product-type-simple"},"acf":[],"_links":{"self":[{"href":"https:\/\/esquell.eu\/fr\/wp-json\/wp\/v2\/product\/14973","targetHints":{"allow":["GET"]}}],"collection":[{"href":"https:\/\/esquell.eu\/fr\/wp-json\/wp\/v2\/product"}],"about":[{"href":"https:\/\/esquell.eu\/fr\/wp-json\/wp\/v2\/types\/product"}],"replies":[{"embeddable":true,"href":"https:\/\/esquell.eu\/fr\/wp-json\/wp\/v2\/comments?post=14973"}],"wp:featuredmedia":[{"embeddable":true,"href":"https:\/\/esquell.eu\/fr\/wp-json\/wp\/v2\/media\/14978"}],"wp:attachment":[{"href":"https:\/\/esquell.eu\/fr\/wp-json\/wp\/v2\/media?parent=14973"}],"wp:term":[{"taxonomy":"more","embeddable":true,"href":"https:\/\/esquell.eu\/fr\/wp-json\/wp\/v2\/more?post=14973"},{"taxonomy":"product_brand","embeddable":true,"href":"https:\/\/esquell.eu\/fr\/wp-json\/wp\/v2\/product_brand?post=14973"},{"taxonomy":"product_cat","embeddable":true,"href":"https:\/\/esquell.eu\/fr\/wp-json\/wp\/v2\/product_cat?post=14973"},{"taxonomy":"product_tag","embeddable":true,"href":"https:\/\/esquell.eu\/fr\/wp-json\/wp\/v2\/product_tag?post=14973"}],"curies":[{"name":"wp","href":"https:\/\/api.w.org\/{rel}","templated":true}]}}