{"id":14968,"date":"2025-04-03T09:20:55","date_gmt":"2025-04-03T09:20:55","guid":{"rendered":"https:\/\/esquell.eu\/product\/boite-en-acier-rectangle-convient-au-four-prometheus-pro-1-8645-cm-d-0032\/"},"modified":"2026-01-10T14:31:05","modified_gmt":"2026-01-10T14:31:05","slug":"boite-en-acier-rectangle-convient-au-four-prometheus-pro-1-8645-cm-d-0032","status":"publish","type":"product","link":"https:\/\/esquell.eu\/fr\/produit\/boite-en-acier-rectangle-convient-au-four-prometheus-pro-1-8645-cm-d-0032\/","title":{"rendered":"Bo\u00eete en acier rectangle Convient au four Prometheus Pro 1. 8*6*4,5 cm (D-0032)"},"content":{"rendered":"<div class=\"product-addition-content\">\n<p>Plateau rectangulaire en acier inoxydable avec couvercle pour la cuisson de l&rsquo;argent, du bronze et du cuivre dans les fours \u00e0 charbon actif<br \/>\nPetit plateau, adapt\u00e9 aux petits fours \u00e0 argile et aux fours d&rsquo;\u00e9maillage, entre autres.<\/p>\n<p>Taille 8*6 cm et 4,5 cm de hauteur. Convient \u00e0 un four Prometheus Pro 1. <\/p>\n<p>Ce plateau rectangulaire peut parfois accueillir des pi\u00e8ces qui ne rentrent pas dans le plateau rond. Pensez aux pi\u00e8ces allong\u00e9es. <\/p>\n<p>Dans la base de connaissances, vous trouverez des informations d\u00e9taill\u00e9es sur les diff\u00e9rentes m\u00e9thodes de cuisson de la p\u00e2te d&rsquo;argent, de la p\u00e2te de bronze et de la p\u00e2te de cuivre.<\/p>\n<\/div>\n","protected":false},"excerpt":{"rendered":"<p>Plateau rectangulaire en acier inoxydable avec couvercle pour la cuisson de l&rsquo;argent, du bronze et du cuivre dans les fours \u00e0 charbon actif<br \/>\nPetit plateau, adapt\u00e9 aux petits fours \u00e0 argile et aux fours d&rsquo;\u00e9maillage, entre autres.<\/p>\n<p>Taille 8*6 cm et 4,5 cm de hauteur. Convient \u00e0 un four Prometheus Pro 1. <\/p>\n<p>&nbsp;<\/p>\n<p>Ce plateau rectangulaire peut parfois accueillir des pi\u00e8ces qui ne rentrent pas dans le plateau rond. Pensez aux pi\u00e8ces allong\u00e9es. <\/p>\n<p>&nbsp;<\/p>\n<p>Dans la base de connaissances, vous trouverez des informations d\u00e9taill\u00e9es sur les diff\u00e9rentes m\u00e9thodes de cuisson de la p\u00e2te d&rsquo;argent, de la p\u00e2te de bronze et de la p\u00e2te de cuivre.<\/p>\n","protected":false},"featured_media":26808,"comment_status":"closed","ping_status":"closed","template":"","meta":{"_acf_changed":false,"_seopress_robots_primary_cat":"none","_seopress_titles_title":"","_seopress_titles_desc":"","_seopress_robots_index":""},"more":[],"product_brand":[6382],"product_cat":[9823],"product_tag":[6645,7760,6646,6939,6847,12841,13495,7045,13513,7096,7339,13501,9805,6388,6404,13503,6420,6530,7141,7028,6949,13569,6393,6372,6642,6402,13580,6389,6796,6412,6528,7544,13517,7770,12845,13494,13497,13489,7762,6649,13577,20994,12852,11645,6650,7104,7114,12850,13507,9652,8503,13592,8509,8492,6647,7043,6724,12866,13493,7766,6374,8644,7986,11411,13579,13590,13582,13570,6712,13571,9304,11167,13588,13487,7120,13516,13573,13505,6930,8501,6640,13575,13518,6643,6391,13491,13509,10142,8799,8511,6722,13584,13581,13515,13511,6408,13586,13499,6720,7032],"class_list":{"0":"post-14968","1":"product","2":"type-product","3":"status-publish","4":"has-post-thumbnail","6":"product_brand-acs","7":"product_cat-bake-off","8":"product_tag-a","9":"product_tag-achats-2","10":"product_tag-acheter","11":"product_tag-acheter-2","12":"product_tag-acier-inoxydable","13":"product_tag-actif","14":"product_tag-active","15":"product_tag-almelo","16":"product_tag-anna-paulowna","17":"product_tag-apeldoorn","18":"product_tag-argent-malleable","19":"product_tag-argent-petit","20":"product_tag-argenterie-3","21":"product_tag-argile","22":"product_tag-argile-argentee","23":"product_tag-argile-argentee-4","24":"product_tag-argile-bronze","25":"product_tag-argile-bronzee","26":"product_tag-argile-cuivree","27":"product_tag-argile-cuivreuse","28":"product_tag-assen","29":"product_tag-avant-poste","30":"product_tag-belgique","31":"product_tag-bijoux","32":"product_tag-bijoux-2","33":"product_tag-bon-marche","34":"product_tag-borger","35":"product_tag-boutique-en-ligne","36":"product_tag-boutique-en-ligne-2","37":"product_tag-bronze","38":"product_tag-bronze-2","39":"product_tag-bronze-malleable","40":"product_tag-camp-de-sel","41":"product_tag-camps","42":"product_tag-carbone","43":"product_tag-charbon-actif","44":"product_tag-chorale","45":"product_tag-choux","46":"product_tag-coevorden","47":"product_tag-commande","48":"product_tag-coulee","49":"product_tag-coulee-2","50":"product_tag-couvercle","51":"product_tag-couvrir","52":"product_tag-cuivre","53":"product_tag-cuivre-2","54":"product_tag-cuivre-malleable","55":"product_tag-cuvette","56":"product_tag-den-burg","57":"product_tag-den-helder","58":"product_tag-dronten","59":"product_tag-eibergen","60":"product_tag-emmeloord","61":"product_tag-emmen","62":"product_tag-en-ligne","63":"product_tag-enschede","64":"product_tag-envoyer","65":"product_tag-epe","66":"product_tag-etain","67":"product_tag-etreilen","68":"product_tag-faire","69":"product_tag-four","70":"product_tag-four-a-argent","71":"product_tag-fours","72":"product_tag-gasselte","73":"product_tag-goor","74":"product_tag-gramsbergen","75":"product_tag-gratte-papier","76":"product_tag-gratuit","77":"product_tag-gros-gaz","78":"product_tag-hardenberg","79":"product_tag-harlingen","80":"product_tag-hellendoorn","81":"product_tag-herenveen","82":"product_tag-hoogeveen","83":"product_tag-ijlst","84":"product_tag-koudum","85":"product_tag-larche","86":"product_tag-leeuwarden","87":"product_tag-lemmer","88":"product_tag-maison","89":"product_tag-marum","90":"product_tag-oeil-de-laurier","91":"product_tag-ou","92":"product_tag-pays-bas","93":"product_tag-peut-2","94":"product_tag-pin","95":"product_tag-poubelle","96":"product_tag-rijssen","97":"product_tag-se-faufiler","98":"product_tag-silveribelgie","99":"product_tag-slagharen","100":"product_tag-sleen","101":"product_tag-stiens","102":"product_tag-village-de-renards","103":"product_tag-vous","104":"product_tag-vriezenveen","105":"product_tag-zilverklei-co-uk-metalclaydays","106":"product_tag-zilverkleinederland","107":"product_tag-zwolle","108":"product_shipping_class-standard","110":"first","111":"instock","112":"taxable","113":"shipping-taxable","114":"purchasable","115":"product-type-simple"},"acf":[],"_links":{"self":[{"href":"https:\/\/esquell.eu\/fr\/wp-json\/wp\/v2\/product\/14968","targetHints":{"allow":["GET"]}}],"collection":[{"href":"https:\/\/esquell.eu\/fr\/wp-json\/wp\/v2\/product"}],"about":[{"href":"https:\/\/esquell.eu\/fr\/wp-json\/wp\/v2\/types\/product"}],"replies":[{"embeddable":true,"href":"https:\/\/esquell.eu\/fr\/wp-json\/wp\/v2\/comments?post=14968"}],"wp:featuredmedia":[{"embeddable":true,"href":"https:\/\/esquell.eu\/fr\/wp-json\/wp\/v2\/media\/26808"}],"wp:attachment":[{"href":"https:\/\/esquell.eu\/fr\/wp-json\/wp\/v2\/media?parent=14968"}],"wp:term":[{"taxonomy":"more","embeddable":true,"href":"https:\/\/esquell.eu\/fr\/wp-json\/wp\/v2\/more?post=14968"},{"taxonomy":"product_brand","embeddable":true,"href":"https:\/\/esquell.eu\/fr\/wp-json\/wp\/v2\/product_brand?post=14968"},{"taxonomy":"product_cat","embeddable":true,"href":"https:\/\/esquell.eu\/fr\/wp-json\/wp\/v2\/product_cat?post=14968"},{"taxonomy":"product_tag","embeddable":true,"href":"https:\/\/esquell.eu\/fr\/wp-json\/wp\/v2\/product_tag?post=14968"}],"curies":[{"name":"wp","href":"https:\/\/api.w.org\/{rel}","templated":true}]}}