{"id":14966,"date":"2025-04-03T09:20:55","date_gmt":"2025-04-03T09:20:55","guid":{"rendered":"https:\/\/esquell.eu\/product\/broche-a-souder-titane\/"},"modified":"2026-01-19T08:00:43","modified_gmt":"2026-01-19T08:00:43","slug":"broche-a-souder-titane","status":"publish","type":"product","link":"https:\/\/esquell.eu\/fr\/produit\/broche-a-souder-titane\/","title":{"rendered":"Broche \u00e0 souder. Titane"},"content":{"rendered":"<p>Stylo \u00e0 souder en titane, aiguille \u00e0 souder.<br \/>\nMet et maintient facilement la soudure en place.<\/p>\n<p>* la couleur de la poign\u00e9e peut varier.<\/p>\n","protected":false},"excerpt":{"rendered":"<p>Stylo \u00e0 souder en titane, pic \u00e0 souder. Met et maintient facilement la soudure en place. <\/p>\n<p>&nbsp;<\/p>\n<p>* La couleur de la poign\u00e9e peut varier.<\/p>\n","protected":false},"featured_media":14969,"comment_status":"closed","ping_status":"closed","template":"","meta":{"_acf_changed":false,"_seopress_robots_primary_cat":"none","_seopress_titles_title":"","_seopress_titles_desc":"","_seopress_robots_index":""},"more":[],"product_brand":[6363],"product_cat":[9823,10058],"product_tag":[6645,7295,7760,6646,6939,9009,6372,6642,6409,10002,6649,6706,6743,6647,6374,6635,13480,11840,13488,6640,13485,13484,6643,13492,7422,13490,13478,8165,8328,13486,8078,11825,13474,13476,13482,11688],"class_list":{"0":"post-14966","1":"product","2":"type-product","3":"status-publish","4":"has-post-thumbnail","6":"product_brand-bm","7":"product_cat-bake-off","8":"product_cat-soudure","9":"product_tag-a","10":"product_tag-a-2","11":"product_tag-achats-2","12":"product_tag-acheter","13":"product_tag-acheter-2","14":"product_tag-avec-lequel","15":"product_tag-bijoux","16":"product_tag-bijoux-2","17":"product_tag-bricolage","18":"product_tag-choisir","19":"product_tag-commande","20":"product_tag-commerce-de-gros","21":"product_tag-distributeur","22":"product_tag-en-ligne","23":"product_tag-faire","24":"product_tag-fournitures","25":"product_tag-fournitures-de-soudage","26":"product_tag-fournitures-pour-bijoux-4","27":"product_tag-laique","28":"product_tag-maison","29":"product_tag-materiel-de-soudure","30":"product_tag-oeuf-de-soudure","31":"product_tag-ou","32":"product_tag-outils-dorfevre","33":"product_tag-outils-de-bijouterie","34":"product_tag-outils-de-bijouterie-4","35":"product_tag-outils-de-soudure","36":"product_tag-pates","37":"product_tag-point","38":"product_tag-son","39":"product_tag-soudure","40":"product_tag-soudure-2","41":"product_tag-soudure-3","42":"product_tag-stylo","43":"product_tag-stylo-a-souder","44":"product_tag-tenir","45":"product_shipping_class-standard","47":"first","48":"instock","49":"taxable","50":"shipping-taxable","51":"purchasable","52":"product-type-simple"},"acf":[],"_links":{"self":[{"href":"https:\/\/esquell.eu\/fr\/wp-json\/wp\/v2\/product\/14966","targetHints":{"allow":["GET"]}}],"collection":[{"href":"https:\/\/esquell.eu\/fr\/wp-json\/wp\/v2\/product"}],"about":[{"href":"https:\/\/esquell.eu\/fr\/wp-json\/wp\/v2\/types\/product"}],"replies":[{"embeddable":true,"href":"https:\/\/esquell.eu\/fr\/wp-json\/wp\/v2\/comments?post=14966"}],"wp:featuredmedia":[{"embeddable":true,"href":"https:\/\/esquell.eu\/fr\/wp-json\/wp\/v2\/media\/14969"}],"wp:attachment":[{"href":"https:\/\/esquell.eu\/fr\/wp-json\/wp\/v2\/media?parent=14966"}],"wp:term":[{"taxonomy":"more","embeddable":true,"href":"https:\/\/esquell.eu\/fr\/wp-json\/wp\/v2\/more?post=14966"},{"taxonomy":"product_brand","embeddable":true,"href":"https:\/\/esquell.eu\/fr\/wp-json\/wp\/v2\/product_brand?post=14966"},{"taxonomy":"product_cat","embeddable":true,"href":"https:\/\/esquell.eu\/fr\/wp-json\/wp\/v2\/product_cat?post=14966"},{"taxonomy":"product_tag","embeddable":true,"href":"https:\/\/esquell.eu\/fr\/wp-json\/wp\/v2\/product_tag?post=14966"}],"curies":[{"name":"wp","href":"https:\/\/api.w.org\/{rel}","templated":true}]}}