{"id":14942,"date":"2025-04-03T09:20:55","date_gmt":"2025-04-03T09:20:55","guid":{"rendered":"https:\/\/esquell.eu\/product\/plaque-a-souder-en-ceramique-135-95-cm-d-0023\/"},"modified":"2025-04-03T09:20:55","modified_gmt":"2025-04-03T09:20:55","slug":"plaque-a-souder-en-ceramique-135-95-cm-d-0023","status":"publish","type":"product","link":"https:\/\/esquell.eu\/fr\/produit\/plaque-a-souder-en-ceramique-135-95-cm-d-0023\/","title":{"rendered":"Plaque \u00e0 souder en c\u00e9ramique 13,5 * 9,5 cm (D-0023)"},"content":{"rendered":"<p>Plaque \u00e0 souder en c\u00e9ramique. Surface de travail id\u00e9ale pour vos travaux de soudure. <\/p>\n","protected":false},"excerpt":{"rendered":"<p>Plaque \u00e0 souder en c\u00e9ramique. Surface de travail id\u00e9ale pour vos travaux de soudure. <\/p>\n","protected":false},"featured_media":7609,"comment_status":"closed","ping_status":"closed","template":"","meta":{"_acf_changed":false,"_seopress_robots_primary_cat":"none","_seopress_titles_title":"","_seopress_titles_desc":"","_seopress_robots_index":""},"more":[],"product_brand":[6398],"product_cat":[10058],"product_tag":[6645,8284,6646,6404,6402,6958,10875,11386,6647,6369,13456,6567,6643,13235,11634,6751,8078],"class_list":{"0":"post-14942","1":"product","2":"type-product","3":"status-publish","4":"has-post-thumbnail","6":"product_brand-l1","7":"product_cat-soudure","8":"product_tag-a","9":"product_tag-achats-3","10":"product_tag-acheter","11":"product_tag-argile-argentee","12":"product_tag-bon-marche","13":"product_tag-boutique","14":"product_tag-ceramique-3","15":"product_tag-ceramique-4","16":"product_tag-en-ligne","17":"product_tag-largent","18":"product_tag-lieu-de-travail","19":"product_tag-offrir","20":"product_tag-ou","21":"product_tag-plan-de-travail","22":"product_tag-plaque-de-soudure","23":"product_tag-reduction","24":"product_tag-soudure","25":"product_shipping_class-standard","27":"first","28":"instock","29":"taxable","30":"shipping-taxable","31":"purchasable","32":"product-type-simple"},"acf":[],"_links":{"self":[{"href":"https:\/\/esquell.eu\/fr\/wp-json\/wp\/v2\/product\/14942","targetHints":{"allow":["GET"]}}],"collection":[{"href":"https:\/\/esquell.eu\/fr\/wp-json\/wp\/v2\/product"}],"about":[{"href":"https:\/\/esquell.eu\/fr\/wp-json\/wp\/v2\/types\/product"}],"replies":[{"embeddable":true,"href":"https:\/\/esquell.eu\/fr\/wp-json\/wp\/v2\/comments?post=14942"}],"wp:featuredmedia":[{"embeddable":true,"href":"https:\/\/esquell.eu\/fr\/wp-json\/wp\/v2\/media\/7609"}],"wp:attachment":[{"href":"https:\/\/esquell.eu\/fr\/wp-json\/wp\/v2\/media?parent=14942"}],"wp:term":[{"taxonomy":"more","embeddable":true,"href":"https:\/\/esquell.eu\/fr\/wp-json\/wp\/v2\/more?post=14942"},{"taxonomy":"product_brand","embeddable":true,"href":"https:\/\/esquell.eu\/fr\/wp-json\/wp\/v2\/product_brand?post=14942"},{"taxonomy":"product_cat","embeddable":true,"href":"https:\/\/esquell.eu\/fr\/wp-json\/wp\/v2\/product_cat?post=14942"},{"taxonomy":"product_tag","embeddable":true,"href":"https:\/\/esquell.eu\/fr\/wp-json\/wp\/v2\/product_tag?post=14942"}],"curies":[{"name":"wp","href":"https:\/\/api.w.org\/{rel}","templated":true}]}}