{"id":14910,"date":"2025-04-03T09:20:55","date_gmt":"2025-04-03T09:20:55","guid":{"rendered":"https:\/\/esquell.eu\/product\/fenetre-en-mica-pour-le-four-prometheus-33-cm\/"},"modified":"2025-11-08T19:51:22","modified_gmt":"2025-11-08T19:51:22","slug":"fenetre-en-mica-pour-le-four-prometheus-33-cm","status":"publish","type":"product","link":"https:\/\/esquell.eu\/fr\/produit\/fenetre-en-mica-pour-le-four-prometheus-33-cm\/","title":{"rendered":"Fen\u00eatre en mica pour le four Prometheus 3*3 cm"},"content":{"rendered":"<p>Ce verre de mika peut \u00eatre utilis\u00e9 pour fermer le trou dans la porte du four prometheus.<\/p>\n<p>3 x 3cm<\/p>\n<p>Pour installer la fen\u00eatre mika, vous aurez besoin d&rsquo;un tournevis Phillips.<\/p>\n<p>Desserrez l\u00e9g\u00e8rement les vis afin de pouvoir abaisser le mica qui se trouve derri\u00e8re.<\/p>\n<p>Lorsque la fen\u00eatre est bien positionn\u00e9e, serrez soigneusement les vis.<\/p>\n<p>* Les fours Prometheus sont livr\u00e9s sans mica en standard. Il est conseill\u00e9 d&rsquo;installer un verre \u00e0 mica, en particulier lorsque le four est utilis\u00e9 pour la fusion du verre. <\/p>\n<p><strong>ATTENTION :<\/strong> Ne serrez pas trop les vis. Si les vis sont trop serr\u00e9es, la porte risque de se briser <\/p>\n","protected":false},"excerpt":{"rendered":"<p>&nbsp;<\/p>\n<p>Ce verre de mika peut \u00eatre utilis\u00e9 pour fermer le trou dans la porte du four prometheus.<\/p>\n<p>3 x 3cm<\/p>\n<p>Pour installer la fen\u00eatre mika, vous aurez besoin d&rsquo;un tournevis Phillips.<\/p>\n<p>Desserrez l\u00e9g\u00e8rement les vis afin de pouvoir abaisser le mica qui se trouve derri\u00e8re.<\/p>\n<p>Lorsque la fen\u00eatre est bien positionn\u00e9e, serrez soigneusement les vis.<\/p>\n<p>&nbsp;<\/p>\n<p>* Les fours Prometheus sont livr\u00e9s sans mica en standard. Il est conseill\u00e9 d&rsquo;installer un verre \u00e0 mica, en particulier lorsque le four est utilis\u00e9 pour la fusion du verre. <\/p>\n<p>&nbsp;<\/p>\n<p><strong>ATTENTION :<\/strong> Ne serrez pas trop les vis. Si les vis sont trop serr\u00e9es, la porte risque de se briser <\/p>\n","protected":false},"featured_media":7616,"comment_status":"closed","ping_status":"closed","template":"","meta":{"_acf_changed":false,"_seopress_robots_primary_cat":"none","_seopress_titles_title":"","_seopress_titles_desc":"","_seopress_robots_index":""},"more":[],"product_brand":[10819,6521],"product_cat":[11384,6705,7468],"product_tag":[6404,6420,7028,6378,6390,6405,6376,10920,8641,8644,11385,10607,13379,10605,13377,13378,10801,7506,6418,7055,10909],"class_list":{"0":"post-14910","1":"product","2":"type-product","3":"status-publish","4":"has-post-thumbnail","6":"product_brand-div","7":"product_brand-promethee","8":"product_cat-fours","9":"product_cat-outils-et-fournitures-pour-lemaillage","10":"product_cat-outils-et-fournitures-pour-le-verre","11":"product_tag-argile-argentee","12":"product_tag-argile-bronze","13":"product_tag-argile-cuivreuse","14":"product_tag-argile-metallique","15":"product_tag-argile-metallique-2","16":"product_tag-artclay","17":"product_tag-artclaysilver","18":"product_tag-brosse-a-reluire","19":"product_tag-cuisson","20":"product_tag-four","21":"product_tag-four-2","22":"product_tag-four-a-email","23":"product_tag-four-a-verre","24":"product_tag-four-demaillage","25":"product_tag-mica","26":"product_tag-mika","27":"product_tag-pot-au-feu","28":"product_tag-pour","29":"product_tag-promethee","30":"product_tag-verre","31":"product_tag-verrefushing","32":"product_shipping_class-standard","34":"first","35":"instock","36":"taxable","37":"shipping-taxable","38":"purchasable","39":"product-type-simple"},"acf":[],"_links":{"self":[{"href":"https:\/\/esquell.eu\/fr\/wp-json\/wp\/v2\/product\/14910","targetHints":{"allow":["GET"]}}],"collection":[{"href":"https:\/\/esquell.eu\/fr\/wp-json\/wp\/v2\/product"}],"about":[{"href":"https:\/\/esquell.eu\/fr\/wp-json\/wp\/v2\/types\/product"}],"replies":[{"embeddable":true,"href":"https:\/\/esquell.eu\/fr\/wp-json\/wp\/v2\/comments?post=14910"}],"wp:featuredmedia":[{"embeddable":true,"href":"https:\/\/esquell.eu\/fr\/wp-json\/wp\/v2\/media\/7616"}],"wp:attachment":[{"href":"https:\/\/esquell.eu\/fr\/wp-json\/wp\/v2\/media?parent=14910"}],"wp:term":[{"taxonomy":"more","embeddable":true,"href":"https:\/\/esquell.eu\/fr\/wp-json\/wp\/v2\/more?post=14910"},{"taxonomy":"product_brand","embeddable":true,"href":"https:\/\/esquell.eu\/fr\/wp-json\/wp\/v2\/product_brand?post=14910"},{"taxonomy":"product_cat","embeddable":true,"href":"https:\/\/esquell.eu\/fr\/wp-json\/wp\/v2\/product_cat?post=14910"},{"taxonomy":"product_tag","embeddable":true,"href":"https:\/\/esquell.eu\/fr\/wp-json\/wp\/v2\/product_tag?post=14910"}],"curies":[{"name":"wp","href":"https:\/\/api.w.org\/{rel}","templated":true}]}}