{"id":14897,"date":"2025-04-03T09:20:55","date_gmt":"2025-04-03T09:20:55","guid":{"rendered":"https:\/\/esquell.eu\/product\/bracelet-de-mesure-en-acier-inoxydable-reglable\/"},"modified":"2025-04-03T09:20:55","modified_gmt":"2025-04-03T09:20:55","slug":"bracelet-de-mesure-en-acier-inoxydable-reglable","status":"publish","type":"product","link":"https:\/\/esquell.eu\/fr\/produit\/bracelet-de-mesure-en-acier-inoxydable-reglable\/","title":{"rendered":"Bracelet de mesure en acier inoxydable r\u00e9glable"},"content":{"rendered":"<p>Bracelet r\u00e9glable en acier inoxydable pour d\u00e9terminer la bonne taille de bracelet.<\/p>\n","protected":false},"excerpt":{"rendered":"<p>Bracelet r\u00e9glable en acier inoxydable pour d\u00e9terminer la bonne taille de bracelet.<\/p>\n<p>&nbsp;<\/p>\n","protected":false},"featured_media":4397,"comment_status":"closed","ping_status":"closed","template":"","meta":{"_acf_changed":false,"_seopress_robots_primary_cat":"none","_seopress_titles_title":"","_seopress_titles_desc":"","_seopress_robots_index":""},"more":[],"product_brand":[6398],"product_cat":[6364],"product_tag":[6470,6477,6476,7929,6473,6404,6390,6405,6372,6792,8368,6409,6412,6819,7871,6650,13360,6374,6798,10141,6815,8241,6801,6369,6472,6403,10150,6426,8363,13354,8701,6816,13361,11932,6749,6471,7774,9894,6805,6964,6919,11295,13363,10139,9892,11204,6803,6408],"class_list":{"0":"post-14897","1":"product","2":"type-product","3":"status-publish","4":"has-post-thumbnail","6":"product_brand-l1","7":"product_cat-materiel-supplementaire","8":"product_tag-6470","9":"product_tag-6477","10":"product_tag-6476","11":"product_tag-acrylique","12":"product_tag-argile-2","13":"product_tag-argile-argentee","14":"product_tag-argile-metallique-2","15":"product_tag-artclay","16":"product_tag-bijoux","17":"product_tag-bracelet","18":"product_tag-brachelet","19":"product_tag-bricolage","20":"product_tag-bronze","21":"product_tag-cernit","22":"product_tag-creatif","23":"product_tag-cuivre","24":"product_tag-determiner","25":"product_tag-faire","26":"product_tag-faire-2","27":"product_tag-fait-a-la-main","28":"product_tag-fimo","29":"product_tag-hobby","30":"product_tag-il","31":"product_tag-largent","32":"product_tag-lart","33":"product_tag-lor","34":"product_tag-les","35":"product_tag-malleable","36":"product_tag-manchette","37":"product_tag-mesure","38":"product_tag-metal-3","39":"product_tag-pate-polymere","40":"product_tag-poignet","41":"product_tag-polymere","42":"product_tag-professionnel","43":"product_tag-recycle","44":"product_tag-resine","45":"product_tag-resine-2","46":"product_tag-soi","47":"product_tag-sollid","48":"product_tag-sterling","49":"product_tag-taille","50":"product_tag-taille-du-poignet","51":"product_tag-unique","52":"product_tag-uv","53":"product_tag-visiter","54":"product_tag-votre","55":"product_tag-vous","56":"product_shipping_class-standard","58":"first","59":"instock","60":"taxable","61":"shipping-taxable","62":"purchasable","63":"product-type-simple"},"acf":[],"_links":{"self":[{"href":"https:\/\/esquell.eu\/fr\/wp-json\/wp\/v2\/product\/14897","targetHints":{"allow":["GET"]}}],"collection":[{"href":"https:\/\/esquell.eu\/fr\/wp-json\/wp\/v2\/product"}],"about":[{"href":"https:\/\/esquell.eu\/fr\/wp-json\/wp\/v2\/types\/product"}],"replies":[{"embeddable":true,"href":"https:\/\/esquell.eu\/fr\/wp-json\/wp\/v2\/comments?post=14897"}],"wp:featuredmedia":[{"embeddable":true,"href":"https:\/\/esquell.eu\/fr\/wp-json\/wp\/v2\/media\/4397"}],"wp:attachment":[{"href":"https:\/\/esquell.eu\/fr\/wp-json\/wp\/v2\/media?parent=14897"}],"wp:term":[{"taxonomy":"more","embeddable":true,"href":"https:\/\/esquell.eu\/fr\/wp-json\/wp\/v2\/more?post=14897"},{"taxonomy":"product_brand","embeddable":true,"href":"https:\/\/esquell.eu\/fr\/wp-json\/wp\/v2\/product_brand?post=14897"},{"taxonomy":"product_cat","embeddable":true,"href":"https:\/\/esquell.eu\/fr\/wp-json\/wp\/v2\/product_cat?post=14897"},{"taxonomy":"product_tag","embeddable":true,"href":"https:\/\/esquell.eu\/fr\/wp-json\/wp\/v2\/product_tag?post=14897"}],"curies":[{"name":"wp","href":"https:\/\/api.w.org\/{rel}","templated":true}]}}