{"id":14873,"date":"2025-04-03T09:21:06","date_gmt":"2025-04-03T09:21:06","guid":{"rendered":"https:\/\/esquell.eu\/product\/mini-marteau-avec-tete-en-plastique-et-en-acier\/"},"modified":"2025-11-08T19:54:43","modified_gmt":"2025-11-08T19:54:43","slug":"mini-marteau-avec-tete-en-plastique-et-en-acier","status":"publish","type":"product","link":"https:\/\/esquell.eu\/fr\/produit\/mini-marteau-avec-tete-en-plastique-et-en-acier\/","title":{"rendered":"Mini-marteau avec t\u00eate en plastique et en acier"},"content":{"rendered":"<p>Mini-marteau, marteau de r\u00e9paration avec t\u00eate en plastique et en acier<\/p>\n","protected":false},"excerpt":{"rendered":"<p>Mini-marteau, marteau de r\u00e9paration avec t\u00eate en plastique et en acier<\/p>\n","protected":false},"featured_media":7587,"comment_status":"closed","ping_status":"closed","template":"","meta":{"_acf_changed":false,"_seopress_robots_primary_cat":"none","_seopress_titles_title":"","_seopress_titles_desc":"","_seopress_robots_index":""},"more":[],"product_brand":[6398],"product_cat":[13248,10216],"product_tag":[13277,6372,13285,13232,13245,6821,13281,6536,7933,7926,13279,7580,13283,13287],"class_list":{"0":"post-14873","1":"product","2":"type-product","3":"status-publish","4":"has-post-thumbnail","6":"product_brand-l1","7":"product_cat-marteaux","8":"product_cat-metal","9":"product_tag-acier-3","10":"product_tag-bijoux","11":"product_tag-en-tete","12":"product_tag-marteau","13":"product_tag-marteau-2","14":"product_tag-mini","15":"product_tag-mobile-2","16":"product_tag-petit","17":"product_tag-petit-2","18":"product_tag-plastique","19":"product_tag-regarder-2","20":"product_tag-reparation-2","21":"product_tag-telephone","22":"product_tag-tetes","23":"product_shipping_class-standard","25":"first","26":"instock","27":"taxable","28":"shipping-taxable","29":"purchasable","30":"product-type-simple"},"acf":[],"_links":{"self":[{"href":"https:\/\/esquell.eu\/fr\/wp-json\/wp\/v2\/product\/14873","targetHints":{"allow":["GET"]}}],"collection":[{"href":"https:\/\/esquell.eu\/fr\/wp-json\/wp\/v2\/product"}],"about":[{"href":"https:\/\/esquell.eu\/fr\/wp-json\/wp\/v2\/types\/product"}],"replies":[{"embeddable":true,"href":"https:\/\/esquell.eu\/fr\/wp-json\/wp\/v2\/comments?post=14873"}],"wp:featuredmedia":[{"embeddable":true,"href":"https:\/\/esquell.eu\/fr\/wp-json\/wp\/v2\/media\/7587"}],"wp:attachment":[{"href":"https:\/\/esquell.eu\/fr\/wp-json\/wp\/v2\/media?parent=14873"}],"wp:term":[{"taxonomy":"more","embeddable":true,"href":"https:\/\/esquell.eu\/fr\/wp-json\/wp\/v2\/more?post=14873"},{"taxonomy":"product_brand","embeddable":true,"href":"https:\/\/esquell.eu\/fr\/wp-json\/wp\/v2\/product_brand?post=14873"},{"taxonomy":"product_cat","embeddable":true,"href":"https:\/\/esquell.eu\/fr\/wp-json\/wp\/v2\/product_cat?post=14873"},{"taxonomy":"product_tag","embeddable":true,"href":"https:\/\/esquell.eu\/fr\/wp-json\/wp\/v2\/product_tag?post=14873"}],"curies":[{"name":"wp","href":"https:\/\/api.w.org\/{rel}","templated":true}]}}