{"id":14855,"date":"2025-04-03T09:21:06","date_gmt":"2025-04-03T09:21:06","guid":{"rendered":"https:\/\/esquell.eu\/product\/mini-marteau-rabot-1-cote-plat-1-cote-legerement-convexe\/"},"modified":"2025-11-08T19:55:21","modified_gmt":"2025-11-08T19:55:21","slug":"mini-marteau-rabot-1-cote-plat-1-cote-legerement-convexe","status":"publish","type":"product","link":"https:\/\/esquell.eu\/fr\/produit\/mini-marteau-rabot-1-cote-plat-1-cote-legerement-convexe\/","title":{"rendered":"Mini marteau rabot 1 c\u00f4t\u00e9 plat 1 c\u00f4t\u00e9 l\u00e9g\u00e8rement convexe"},"content":{"rendered":"<div class=\"product-addition-content\">\n<p>T\u00eates tr\u00e8s finement polies et manche en bois dur fonc\u00e9.<\/p>\n<p>La longueur de la t\u00eate est de 63 mm. Taille des t\u00eates : \u00d8 13 mm.<br \/>\n1 c\u00f4t\u00e9 plat et 1 c\u00f4t\u00e9 l\u00e9g\u00e8rement convexe. <\/p>\n<\/div>\n","protected":false},"excerpt":{"rendered":"<p>T\u00eates tr\u00e8s finement polies et manche en bois dur fonc\u00e9.<\/p>\n<p>&nbsp;<\/p>\n<p>La longueur de la t\u00eate est de 63 mm. Taille des t\u00eates : \u00d8 13 mm. 1 c\u00f4t\u00e9 plat et 1 c\u00f4t\u00e9 l\u00e9g\u00e8rement convexe.  <\/p>\n","protected":false},"featured_media":7589,"comment_status":"closed","ping_status":"closed","template":"","meta":{"_acf_changed":false,"_seopress_robots_primary_cat":"none","_seopress_titles_title":"","_seopress_titles_desc":"","_seopress_robots_index":""},"more":[],"product_brand":[6363],"product_cat":[13248,10216],"product_tag":[6645,6646,13251,6982,6372,6642,6409,6374,6849,13259,13245,13254,13163,13260,6821,6637,7313,10082,6652,6643,7405,8515,13253,13256],"class_list":{"0":"post-14855","1":"product","2":"type-product","3":"status-publish","4":"has-post-thumbnail","6":"product_brand-bm","7":"product_cat-marteaux","8":"product_cat-metal","9":"product_tag-a","10":"product_tag-acheter","11":"product_tag-argile-mate","12":"product_tag-bijoutier","13":"product_tag-bijoux","14":"product_tag-bijoux-2","15":"product_tag-bricolage","16":"product_tag-faire","17":"product_tag-formulaires","18":"product_tag-frappe","19":"product_tag-marteau-2","20":"product_tag-marteau-de-rabotage","21":"product_tag-mat","22":"product_tag-metallurgie-2","23":"product_tag-mini","24":"product_tag-orfevre","25":"product_tag-orfevre-2","26":"product_tag-orfevre-3","27":"product_tag-orfevres","28":"product_tag-ou","29":"product_tag-outil-2","30":"product_tag-plat","31":"product_tag-plat-3","32":"product_tag-rabotage","33":"product_shipping_class-standard","35":"first","36":"instock","37":"taxable","38":"shipping-taxable","39":"purchasable","40":"product-type-simple"},"acf":[],"_links":{"self":[{"href":"https:\/\/esquell.eu\/fr\/wp-json\/wp\/v2\/product\/14855","targetHints":{"allow":["GET"]}}],"collection":[{"href":"https:\/\/esquell.eu\/fr\/wp-json\/wp\/v2\/product"}],"about":[{"href":"https:\/\/esquell.eu\/fr\/wp-json\/wp\/v2\/types\/product"}],"replies":[{"embeddable":true,"href":"https:\/\/esquell.eu\/fr\/wp-json\/wp\/v2\/comments?post=14855"}],"wp:featuredmedia":[{"embeddable":true,"href":"https:\/\/esquell.eu\/fr\/wp-json\/wp\/v2\/media\/7589"}],"wp:attachment":[{"href":"https:\/\/esquell.eu\/fr\/wp-json\/wp\/v2\/media?parent=14855"}],"wp:term":[{"taxonomy":"more","embeddable":true,"href":"https:\/\/esquell.eu\/fr\/wp-json\/wp\/v2\/more?post=14855"},{"taxonomy":"product_brand","embeddable":true,"href":"https:\/\/esquell.eu\/fr\/wp-json\/wp\/v2\/product_brand?post=14855"},{"taxonomy":"product_cat","embeddable":true,"href":"https:\/\/esquell.eu\/fr\/wp-json\/wp\/v2\/product_cat?post=14855"},{"taxonomy":"product_tag","embeddable":true,"href":"https:\/\/esquell.eu\/fr\/wp-json\/wp\/v2\/product_tag?post=14855"}],"curies":[{"name":"wp","href":"https:\/\/api.w.org\/{rel}","templated":true}]}}